{"id":1545,"date":"2020-09-08T10:42:17","date_gmt":"2020-09-08T10:42:17","guid":{"rendered":"https:\/\/oceanmachinery.com\/es\/?page_id=1545"},"modified":"2023-02-02T19:46:03","modified_gmt":"2023-02-02T19:46:03","slug":"challenger-robotic-welder","status":"publish","type":"page","link":"https:\/\/oceanmachinery.com\/es\/challenger-robotic-welder\/","title":{"rendered":"Ocean Challenger Soldador Rob\u00f3tico"},"content":{"rendered":"<h2>Soldador rob\u00f3tico de acero structural<\/h2>\n<p>Con el n\u00famero de soldadores capacitados disponibles en la fuerza laboral disminuyendo y el costo de reclutarlos y retenerlos en aumento, AHORA es el momento de considerar la automatizaci\u00f3n del proceso de soldadura.<\/p>\n<p>Por lo general, un fabricante de acero estructural dedica una cantidad considerable de tiempo a operaciones repetitivas que requieren mucha mano de obra, como el ajuste y la soldadura. Imagine cu\u00e1nto m\u00e1s simples ser\u00edan las cosas si cualquier parte de este proceso pudiera automatizarse de manera asequible, no solo se hace m\u00e1s r\u00e1pido, sino tambi\u00e9n con una calidad constante. Aumentar\u00eda la producci\u00f3n y liberar\u00eda mano de obra para realizar otras tareas.<\/p>\n<p>La soldadura rob\u00f3tica de vigas y columnas es la siguiente etapa de la automatizaci\u00f3n. Imagine virar todos sus accesorios, colocar la viga o columna en la estaci\u00f3n de soldadura rob\u00f3tica, presionar inicio, alejarse para virar el siguiente conjunto de accesorios y luego regresar poco tiempo despu\u00e9s a una pieza completa.<\/p>\n<p>En poco tiempo, el Ocean Challenger ha demostrado su val\u00eda ante un cliente tanto que han nombrado a su soldador rob\u00f3tico BRUCE y lo han convertido en empleado del mes. \u00a1Eso es decir algo!<\/p>\n<p>La soldadora rob\u00f3tica de acero estructural Ocean Challenger est\u00e1 dise\u00f1ada y construida exclusivamente para Ocean por AGT, l\u00edderes mundiales en tecnolog\u00edas rob\u00f3ticas. Est\u00e1 dise\u00f1ado espec\u00edficamente para fabricantes que buscan aumentar la producci\u00f3n y reducir los costos de mano de obra. El tama\u00f1o compacto, la automatizaci\u00f3n rob\u00f3tica r\u00e1pida y el software f\u00e1cil de usar hacen que el robot de soldadura Ocean Challenger sea la soluci\u00f3n ideal para talleres de cualquier tama\u00f1o que se esfuercen por ser m\u00e1s eficientes y rentables.<\/p>\n<img src=\"https:\/\/oceanmachinery.com\/es\/wp-content\/uploads\/2020\/09\/ocean-challenger-applications.jpg\" \/>\n<p><a href=\"https:\/\/oceanmachinery.com\/es\/request-steel-fabricating-machinery-information\/\"> Informaci\u00f3n Requerida\u2003<\/a><\/p>\n","protected":false},"excerpt":{"rendered":"<p>Soldador rob\u00f3tico de acero structural Con el n\u00famero de soldadores capacitados disponibles en la fuerza laboral disminuyendo y el costo de reclutarlos y retenerlos en aumento, AHORA es el momento de considerar la automatizaci\u00f3n del proceso de soldadura. Por lo general, un fabricante de acero estructural dedica una cantidad considerable de tiempo a operaciones repetitivas [&hellip;]<\/p>\n","protected":false},"author":1,"featured_media":1548,"parent":0,"menu_order":0,"comment_status":"closed","ping_status":"closed","template":"template-page-layout-two.php","meta":{"_monsterinsights_skip_tracking":false,"_monsterinsights_sitenote_active":false,"_monsterinsights_sitenote_note":"","_monsterinsights_sitenote_category":0},"yoast_head":"<!-- This site is optimized with the Yoast SEO plugin v16.2 - https:\/\/yoast.com\/wordpress\/plugins\/seo\/ -->\n<meta name=\"description\" content=\"La soldadora rob\u00f3tica de acero estructural Ocean Challenger est\u00e1 dise\u00f1ada para fabricantes que buscan aumentar la producci\u00f3n y reducir los costos.\" \/>\n<meta name=\"robots\" content=\"index, follow, max-snippet:-1, max-image-preview:large, max-video-preview:-1\" \/>\n<link rel=\"canonical\" href=\"https:\/\/oceanmachinery.com\/es\/challenger-robotic-welder\/\" \/>\n<meta property=\"og:locale\" content=\"en_US\" \/>\n<meta property=\"og:type\" content=\"article\" \/>\n<meta property=\"og:title\" content=\"Ocean Challenger Soldador rob\u00f3tico de acero structural\" \/>\n<meta property=\"og:description\" content=\"La soldadora rob\u00f3tica de acero estructural Ocean Challenger est\u00e1 dise\u00f1ada para fabricantes que buscan aumentar la producci\u00f3n y reducir los costos.\" \/>\n<meta property=\"og:url\" content=\"https:\/\/oceanmachinery.com\/es\/challenger-robotic-welder\/\" \/>\n<meta property=\"og:site_name\" content=\"Ocean Machinery Inc.\" \/>\n<meta property=\"article:publisher\" content=\"https:\/\/www.facebook.com\/OceanMachinery\" \/>\n<meta property=\"article:modified_time\" content=\"2023-02-02T19:46:03+00:00\" \/>\n<meta property=\"og:image\" content=\"https:\/\/oceanmachinery.com\/es\/wp-content\/uploads\/2020\/09\/ocean-challenger-robotic-welder-002.jpg\" \/>\n\t<meta property=\"og:image:width\" content=\"554\" \/>\n\t<meta property=\"og:image:height\" content=\"582\" \/>\n<meta name=\"twitter:card\" content=\"summary\" \/>\n<meta name=\"twitter:site\" content=\"@oceanmachinery\" \/>\n<meta name=\"twitter:label1\" content=\"Est. reading time\">\n\t<meta name=\"twitter:data1\" content=\"2 minutes\">\n<script type=\"application\/ld+json\" class=\"yoast-schema-graph\">{\"@context\":\"https:\/\/schema.org\",\"@graph\":[{\"@type\":\"Organization\",\"@id\":\"https:\/\/oceanmachinery.com\/es\/#organization\",\"name\":\"Ocean Machinery Inc.\",\"url\":\"https:\/\/oceanmachinery.com\/es\/\",\"sameAs\":[\"https:\/\/www.facebook.com\/OceanMachinery\",\"https:\/\/www.instagram.com\/oceanmachinery\/\",\"https:\/\/www.linkedin.com\/company\/ocean-machinery-inc\",\"https:\/\/www.youtube.com\/user\/oceanmachinery\",\"https:\/\/twitter.com\/oceanmachinery\"],\"logo\":{\"@type\":\"ImageObject\",\"@id\":\"https:\/\/oceanmachinery.com\/es\/#logo\",\"inLanguage\":\"en-US\",\"url\":\"https:\/\/oceanmachinery.com\/es\/wp-content\/uploads\/2022\/07\/site-icon-512.jpg\",\"contentUrl\":\"https:\/\/oceanmachinery.com\/es\/wp-content\/uploads\/2022\/07\/site-icon-512.jpg\",\"width\":512,\"height\":302,\"caption\":\"Ocean Machinery Inc.\"},\"image\":{\"@id\":\"https:\/\/oceanmachinery.com\/es\/#logo\"}},{\"@type\":\"WebSite\",\"@id\":\"https:\/\/oceanmachinery.com\/es\/#website\",\"url\":\"https:\/\/oceanmachinery.com\/es\/\",\"name\":\"Ocean Machinery Inc.\",\"description\":\"Negocio de servicio completo para fabricantes de acero\",\"publisher\":{\"@id\":\"https:\/\/oceanmachinery.com\/es\/#organization\"},\"potentialAction\":[{\"@type\":\"SearchAction\",\"target\":\"https:\/\/oceanmachinery.com\/es\/?s={search_term_string}\",\"query-input\":\"required name=search_term_string\"}],\"inLanguage\":\"en-US\"},{\"@type\":\"ImageObject\",\"@id\":\"https:\/\/oceanmachinery.com\/es\/challenger-robotic-welder\/#primaryimage\",\"inLanguage\":\"en-US\",\"url\":\"https:\/\/oceanmachinery.com\/es\/wp-content\/uploads\/2020\/09\/ocean-challenger-robotic-welder-002.jpg\",\"contentUrl\":\"https:\/\/oceanmachinery.com\/es\/wp-content\/uploads\/2020\/09\/ocean-challenger-robotic-welder-002.jpg\",\"width\":554,\"height\":582},{\"@type\":\"WebPage\",\"@id\":\"https:\/\/oceanmachinery.com\/es\/challenger-robotic-welder\/#webpage\",\"url\":\"https:\/\/oceanmachinery.com\/es\/challenger-robotic-welder\/\",\"name\":\"Ocean Challenger Soldador rob\\u00f3tico de acero structural\",\"isPartOf\":{\"@id\":\"https:\/\/oceanmachinery.com\/es\/#website\"},\"primaryImageOfPage\":{\"@id\":\"https:\/\/oceanmachinery.com\/es\/challenger-robotic-welder\/#primaryimage\"},\"datePublished\":\"2020-09-08T10:42:17+00:00\",\"dateModified\":\"2023-02-02T19:46:03+00:00\",\"description\":\"La soldadora rob\\u00f3tica de acero estructural Ocean Challenger est\\u00e1 dise\\u00f1ada para fabricantes que buscan aumentar la producci\\u00f3n y reducir los costos.\",\"breadcrumb\":{\"@id\":\"https:\/\/oceanmachinery.com\/es\/challenger-robotic-welder\/#breadcrumb\"},\"inLanguage\":\"en-US\",\"potentialAction\":[{\"@type\":\"ReadAction\",\"target\":[\"https:\/\/oceanmachinery.com\/es\/challenger-robotic-welder\/\"]}]},{\"@type\":\"BreadcrumbList\",\"@id\":\"https:\/\/oceanmachinery.com\/es\/challenger-robotic-welder\/#breadcrumb\",\"itemListElement\":[{\"@type\":\"ListItem\",\"position\":1,\"item\":{\"@type\":\"WebPage\",\"@id\":\"https:\/\/oceanmachinery.com\/es\/\",\"url\":\"https:\/\/oceanmachinery.com\/es\/\",\"name\":\"Home\"}},{\"@type\":\"ListItem\",\"position\":2,\"item\":{\"@id\":\"https:\/\/oceanmachinery.com\/es\/challenger-robotic-welder\/#webpage\"}}]}]}<\/script>\n<!-- \/ Yoast SEO plugin. -->","_links":{"self":[{"href":"https:\/\/oceanmachinery.com\/es\/wp-json\/wp\/v2\/pages\/1545"}],"collection":[{"href":"https:\/\/oceanmachinery.com\/es\/wp-json\/wp\/v2\/pages"}],"about":[{"href":"https:\/\/oceanmachinery.com\/es\/wp-json\/wp\/v2\/types\/page"}],"author":[{"embeddable":true,"href":"https:\/\/oceanmachinery.com\/es\/wp-json\/wp\/v2\/users\/1"}],"replies":[{"embeddable":true,"href":"https:\/\/oceanmachinery.com\/es\/wp-json\/wp\/v2\/comments?post=1545"}],"version-history":[{"count":71,"href":"https:\/\/oceanmachinery.com\/es\/wp-json\/wp\/v2\/pages\/1545\/revisions"}],"predecessor-version":[{"id":8499,"href":"https:\/\/oceanmachinery.com\/es\/wp-json\/wp\/v2\/pages\/1545\/revisions\/8499"}],"wp:featuredmedia":[{"embeddable":true,"href":"https:\/\/oceanmachinery.com\/es\/wp-json\/wp\/v2\/media\/1548"}],"wp:attachment":[{"href":"https:\/\/oceanmachinery.com\/es\/wp-json\/wp\/v2\/media?parent=1545"}],"curies":[{"name":"wp","href":"https:\/\/api.w.org\/{rel}","templated":true}]}}