{"id":2425,"date":"2020-09-11T12:24:15","date_gmt":"2020-09-11T12:24:15","guid":{"rendered":"https:\/\/oceanmachinery.com\/es\/?page_id=2425"},"modified":"2023-02-02T21:01:11","modified_gmt":"2023-02-02T21:01:11","slug":"ocean-terminator-structural-steel-band-saw-series","status":"publish","type":"page","link":"https:\/\/oceanmachinery.com\/es\/ocean-terminator-structural-steel-band-saw-series\/","title":{"rendered":"OCEAN TERMINATOR SIERRA DE CINTA DE DOBLE INGLETE"},"content":{"rendered":"<div class=\"content_right\">\n<div class=\"right_content\">\n<h3>Sierras de Cinta para Trabajo Pesado para Acero Estructural<\/h3>\n<p>Las Sierras de Cinta para Acero Estructural, Ocean Terminators, han ganado una reputaci\u00f3n por ser las m\u00e1s fuertes y econ\u00f3micas Sierras de Doble Columna y Doble Inglete para el acero estructural. Son fabricadas exclusivamente para Ocean Machinery por HydMech, el mayor fabricante de sierras de cinta en Am\u00e9rica del Norte.<\/p>\n<p><strong>Todas las sierras de cinta Terminator cuentan con<\/strong><\/p>\n<ul class=\"choose_list\">\n<li>Dise\u00f1o de Doble Columna<\/li>\n<li>Doble Inglete<\/li>\n<li>Chasis de Trabajo Pesado que llevan grandes aspas para cortes precisos<\/li>\n<li>Fuertes y potentes motores para manejar todos los tama\u00f1os de perfiles de acero<\/li>\n<\/ul>\n<p><strong>Ocean Terminator se ofrece en tres tama\u00f1os<\/strong><\/p>\n<ul class=\"choose_list\">\n<li>DCM 18\/25 25&#8243; (635mm) de capacidad<\/li>\n<li>DCM 20\/30 30&#8243; (760mm) de capacidad<\/li>\n<li>DCM 18\/42 42&#8243; (1066mm) de capacidad<\/li>\n<\/ul>\n<p>&lt; Haga clic en las im\u00e1genes para aprender m\u00e1s sobre las caracter\u00edsticas y capacidades de cada sierra de cinta<\/p>\n<\/div>\n<\/div>\n","protected":false},"excerpt":{"rendered":"<p>Sierras de Cinta para Trabajo Pesado para Acero Estructural Las Sierras de Cinta para Acero Estructural, Ocean Terminators, han ganado una reputaci\u00f3n por ser las m\u00e1s fuertes y econ\u00f3micas Sierras de Doble Columna y Doble Inglete para el acero estructural. Son fabricadas exclusivamente para Ocean Machinery por HydMech, el mayor fabricante de sierras de cinta [&hellip;]<\/p>\n","protected":false},"author":1,"featured_media":2426,"parent":0,"menu_order":0,"comment_status":"closed","ping_status":"closed","template":"template-page-layout-two.php","meta":{"_monsterinsights_skip_tracking":false,"_monsterinsights_sitenote_active":false,"_monsterinsights_sitenote_note":"","_monsterinsights_sitenote_category":0},"yoast_head":"<!-- This site is optimized with the Yoast SEO plugin v16.2 - https:\/\/yoast.com\/wordpress\/plugins\/seo\/ -->\n<meta name=\"description\" content=\"La sierra de cinta de doble inglete Terminator est\u00e1 dise\u00f1ada espec\u00edficamente para que los fabricantes de acero estructural manejen perfiles grandes.\" \/>\n<meta name=\"robots\" content=\"index, follow, max-snippet:-1, max-image-preview:large, max-video-preview:-1\" \/>\n<link rel=\"canonical\" href=\"https:\/\/oceanmachinery.com\/es\/ocean-terminator-structural-steel-band-saw-series\/\" \/>\n<meta property=\"og:locale\" content=\"en_US\" \/>\n<meta property=\"og:type\" content=\"article\" \/>\n<meta property=\"og:title\" content=\"Ocean Terminator Sierra de cinta de doble inglete - Ocean Machinery Inc.\" \/>\n<meta property=\"og:description\" content=\"La sierra de cinta de doble inglete Terminator est\u00e1 dise\u00f1ada espec\u00edficamente para que los fabricantes de acero estructural manejen perfiles grandes.\" \/>\n<meta property=\"og:url\" content=\"https:\/\/oceanmachinery.com\/es\/ocean-terminator-structural-steel-band-saw-series\/\" \/>\n<meta property=\"og:site_name\" content=\"Ocean Machinery Inc.\" \/>\n<meta property=\"article:publisher\" content=\"https:\/\/www.facebook.com\/OceanMachinery\" \/>\n<meta property=\"article:modified_time\" content=\"2023-02-02T21:01:11+00:00\" \/>\n<meta property=\"og:image\" content=\"https:\/\/oceanmachinery.com\/es\/wp-content\/uploads\/2020\/09\/ocean-terminator-dcm-2030-dual-column-miter-band-saw.jpg\" \/>\n\t<meta property=\"og:image:width\" content=\"376\" \/>\n\t<meta property=\"og:image:height\" content=\"313\" \/>\n<meta name=\"twitter:card\" content=\"summary\" \/>\n<meta name=\"twitter:site\" content=\"@oceanmachinery\" \/>\n<meta name=\"twitter:label1\" content=\"Est. reading time\">\n\t<meta name=\"twitter:data1\" content=\"1 minute\">\n<script type=\"application\/ld+json\" class=\"yoast-schema-graph\">{\"@context\":\"https:\/\/schema.org\",\"@graph\":[{\"@type\":\"Organization\",\"@id\":\"https:\/\/oceanmachinery.com\/es\/#organization\",\"name\":\"Ocean Machinery Inc.\",\"url\":\"https:\/\/oceanmachinery.com\/es\/\",\"sameAs\":[\"https:\/\/www.facebook.com\/OceanMachinery\",\"https:\/\/www.instagram.com\/oceanmachinery\/\",\"https:\/\/www.linkedin.com\/company\/ocean-machinery-inc\",\"https:\/\/www.youtube.com\/user\/oceanmachinery\",\"https:\/\/twitter.com\/oceanmachinery\"],\"logo\":{\"@type\":\"ImageObject\",\"@id\":\"https:\/\/oceanmachinery.com\/es\/#logo\",\"inLanguage\":\"en-US\",\"url\":\"https:\/\/oceanmachinery.com\/es\/wp-content\/uploads\/2022\/07\/site-icon-512.jpg\",\"contentUrl\":\"https:\/\/oceanmachinery.com\/es\/wp-content\/uploads\/2022\/07\/site-icon-512.jpg\",\"width\":512,\"height\":302,\"caption\":\"Ocean Machinery Inc.\"},\"image\":{\"@id\":\"https:\/\/oceanmachinery.com\/es\/#logo\"}},{\"@type\":\"WebSite\",\"@id\":\"https:\/\/oceanmachinery.com\/es\/#website\",\"url\":\"https:\/\/oceanmachinery.com\/es\/\",\"name\":\"Ocean Machinery Inc.\",\"description\":\"Negocio de servicio completo para fabricantes de acero\",\"publisher\":{\"@id\":\"https:\/\/oceanmachinery.com\/es\/#organization\"},\"potentialAction\":[{\"@type\":\"SearchAction\",\"target\":\"https:\/\/oceanmachinery.com\/es\/?s={search_term_string}\",\"query-input\":\"required name=search_term_string\"}],\"inLanguage\":\"en-US\"},{\"@type\":\"ImageObject\",\"@id\":\"https:\/\/oceanmachinery.com\/es\/ocean-terminator-structural-steel-band-saw-series\/#primaryimage\",\"inLanguage\":\"en-US\",\"url\":\"https:\/\/oceanmachinery.com\/es\/wp-content\/uploads\/2020\/09\/ocean-terminator-dcm-2030-dual-column-miter-band-saw.jpg\",\"contentUrl\":\"https:\/\/oceanmachinery.com\/es\/wp-content\/uploads\/2020\/09\/ocean-terminator-dcm-2030-dual-column-miter-band-saw.jpg\",\"width\":376,\"height\":313},{\"@type\":\"WebPage\",\"@id\":\"https:\/\/oceanmachinery.com\/es\/ocean-terminator-structural-steel-band-saw-series\/#webpage\",\"url\":\"https:\/\/oceanmachinery.com\/es\/ocean-terminator-structural-steel-band-saw-series\/\",\"name\":\"Ocean Terminator Sierra de cinta de doble inglete - Ocean Machinery Inc.\",\"isPartOf\":{\"@id\":\"https:\/\/oceanmachinery.com\/es\/#website\"},\"primaryImageOfPage\":{\"@id\":\"https:\/\/oceanmachinery.com\/es\/ocean-terminator-structural-steel-band-saw-series\/#primaryimage\"},\"datePublished\":\"2020-09-11T12:24:15+00:00\",\"dateModified\":\"2023-02-02T21:01:11+00:00\",\"description\":\"La sierra de cinta de doble inglete Terminator est\\u00e1 dise\\u00f1ada espec\\u00edficamente para que los fabricantes de acero estructural manejen perfiles grandes.\",\"breadcrumb\":{\"@id\":\"https:\/\/oceanmachinery.com\/es\/ocean-terminator-structural-steel-band-saw-series\/#breadcrumb\"},\"inLanguage\":\"en-US\",\"potentialAction\":[{\"@type\":\"ReadAction\",\"target\":[\"https:\/\/oceanmachinery.com\/es\/ocean-terminator-structural-steel-band-saw-series\/\"]}]},{\"@type\":\"BreadcrumbList\",\"@id\":\"https:\/\/oceanmachinery.com\/es\/ocean-terminator-structural-steel-band-saw-series\/#breadcrumb\",\"itemListElement\":[{\"@type\":\"ListItem\",\"position\":1,\"item\":{\"@type\":\"WebPage\",\"@id\":\"https:\/\/oceanmachinery.com\/es\/\",\"url\":\"https:\/\/oceanmachinery.com\/es\/\",\"name\":\"Home\"}},{\"@type\":\"ListItem\",\"position\":2,\"item\":{\"@id\":\"https:\/\/oceanmachinery.com\/es\/ocean-terminator-structural-steel-band-saw-series\/#webpage\"}}]}]}<\/script>\n<!-- \/ Yoast SEO plugin. -->","_links":{"self":[{"href":"https:\/\/oceanmachinery.com\/es\/wp-json\/wp\/v2\/pages\/2425"}],"collection":[{"href":"https:\/\/oceanmachinery.com\/es\/wp-json\/wp\/v2\/pages"}],"about":[{"href":"https:\/\/oceanmachinery.com\/es\/wp-json\/wp\/v2\/types\/page"}],"author":[{"embeddable":true,"href":"https:\/\/oceanmachinery.com\/es\/wp-json\/wp\/v2\/users\/1"}],"replies":[{"embeddable":true,"href":"https:\/\/oceanmachinery.com\/es\/wp-json\/wp\/v2\/comments?post=2425"}],"version-history":[{"count":13,"href":"https:\/\/oceanmachinery.com\/es\/wp-json\/wp\/v2\/pages\/2425\/revisions"}],"predecessor-version":[{"id":8574,"href":"https:\/\/oceanmachinery.com\/es\/wp-json\/wp\/v2\/pages\/2425\/revisions\/8574"}],"wp:featuredmedia":[{"embeddable":true,"href":"https:\/\/oceanmachinery.com\/es\/wp-json\/wp\/v2\/media\/2426"}],"wp:attachment":[{"href":"https:\/\/oceanmachinery.com\/es\/wp-json\/wp\/v2\/media?parent=2425"}],"curies":[{"name":"wp","href":"https:\/\/api.w.org\/{rel}","templated":true}]}}