{"id":7903,"date":"2021-04-26T10:58:38","date_gmt":"2021-04-26T10:58:38","guid":{"rendered":"https:\/\/oceanmachinery.com\/es\/?page_id=7903"},"modified":"2023-02-02T19:26:43","modified_gmt":"2023-02-02T19:26:43","slug":"avenger-plus-linea-de-taladro-cnc","status":"publish","type":"page","link":"https:\/\/oceanmachinery.com\/es\/avenger-plus-linea-de-taladro-cnc\/","title":{"rendered":"Avenger Plus Linea De Taladro CNC"},"content":{"rendered":"<img loading=\"lazy\" width=\"298\" height=\"125\" class=\"size-full wp-image-1490 aligncenter\" src=\"https:\/\/oceanmachinery.com\/es\/wp-content\/uploads\/2020\/09\/plate_img.jpg\" alt=\"\" \/>\n<div class=\"normal_view_txt\">\n<h2>Perforaci\u00f3n | Fresado | Marcado | Grabado | Tejido | Avellanado | Mandrilado | + M\u00e1s<\/h2>\n<p>La l\u00ednea de perforaci\u00f3n de carburo de un s\u00f3lo husillo Ocean Avenger Plus es la m\u00e1quina horizontal CNC ideal para multitarea, que procesa una gran variedad de perfiles, incluyendo \u00e1ngulos, canales, placas, barras planas, secciones en T, tuber\u00edas estructurales rectangulares o cuadradas, vigas, c\u00f3nicos, rieles, marcos de cami\u00f3n, marcos de vagones de tren, y muchos m\u00e1s.<\/p>\n<p>Donde el Avenger original se limita a perforado y marcado, el Avenger PLUS puede hacer mucho m\u00e1s. Destaca un cambiador autom\u00e1tico de 8 herramientas que hace del trabajo de automatizaci\u00f3n de muchos procesos de fabricaci\u00f3n muy r\u00e1pido, incluyendo perforaci\u00f3n, fabricaci\u00f3n de partes, avellanado, perforaci\u00f3n en flujo, y mucho m\u00e1s.<\/p>\n<p>Esta amplia variedad de procesos, al igual que el amplio rango de formas que puede procesar, se ajusta a todo tipo de fabricantes. Vemos esta m\u00e1quina en m\u00faltiples tipos de industrias, incluyendo estructuras, petr\u00f3leo y gas, autopistas, transporte y ferroviaria, vallas publicitarias, fabricaci\u00f3n metalmec\u00e1nica, e incluso peque\u00f1os talleres.<\/p>\n<p>El Avenger PLUS acepta perfiles de hasta 48&#8243; x 60 pies (1250mm x 18m). Adem\u00e1s le permite procesar partes mientras otras partes se est\u00e1n cargando o descargando.<\/p>\n<p class=\"style2\"><em><strong>&gt;&gt; Considere tambi\u00e9n la\u00a0<a href=\"https:\/\/oceanmachinery.com\/es\/es\/avenger-linea-de-taladro-cnc\/\">Avenger L\u00ednea de Taladro CNC<\/a>.<\/strong><\/em><\/p>\n<p class=\"style2\"><em><strong>&gt;&gt; Haga clic aqu\u00ed para leer sobre las\u00a0<a href=\"https:\/\/oceanmachinery.com\/es\/es\/ocean-avenger-cnc-drill-line-vs-ocean-avenger-plus-cnc-drill-line\/\">Diferencias entre el Avenger L\u00ednea de Taladro CNC y Avenger PLUS L\u00ednea de Taladro CNC<\/a>.<\/strong><\/em><\/p>\n<\/div>\n","protected":false},"excerpt":{"rendered":"<p>Perforaci\u00f3n | Fresado | Marcado | Grabado | Tejido | Avellanado | Mandrilado | + M\u00e1s La l\u00ednea de perforaci\u00f3n de carburo de un s\u00f3lo husillo Ocean Avenger Plus es la m\u00e1quina horizontal CNC ideal para multitarea, que procesa una gran variedad de perfiles, incluyendo \u00e1ngulos, canales, placas, barras planas, secciones en T, tuber\u00edas estructurales [&hellip;]<\/p>\n","protected":false},"author":1,"featured_media":5517,"parent":0,"menu_order":0,"comment_status":"closed","ping_status":"closed","template":"template-page-layout-two.php","meta":{"_monsterinsights_skip_tracking":false,"_monsterinsights_sitenote_active":false,"_monsterinsights_sitenote_note":"","_monsterinsights_sitenote_category":0},"yoast_head":"<!-- This site is optimized with the Yoast SEO plugin v16.2 - https:\/\/yoast.com\/wordpress\/plugins\/seo\/ -->\n<meta name=\"description\" content=\"La l\u00ednea de taladrado de viga cnc multifunci\u00f3n Avenger PLUS cuenta con un cambiador de 8 herramientas para taladrado, marcado de piezas, trazado y m\u00e1s\" \/>\n<meta name=\"robots\" content=\"index, follow, max-snippet:-1, max-image-preview:large, max-video-preview:-1\" \/>\n<link rel=\"canonical\" href=\"https:\/\/oceanmachinery.com\/es\/avenger-plus-linea-de-taladro-cnc\/\" \/>\n<meta property=\"og:locale\" content=\"en_US\" \/>\n<meta property=\"og:type\" content=\"article\" \/>\n<meta property=\"og:title\" content=\"AvengerPLUS L\u00ednea de Taladro CNC Multifunci\u00f3n - Ocean Machinery Inc.\" \/>\n<meta property=\"og:description\" content=\"La l\u00ednea de taladrado de viga cnc multifunci\u00f3n Avenger PLUS cuenta con un cambiador de 8 herramientas para taladrado, marcado de piezas, trazado y m\u00e1s\" \/>\n<meta property=\"og:url\" content=\"https:\/\/oceanmachinery.com\/es\/avenger-plus-linea-de-taladro-cnc\/\" \/>\n<meta property=\"og:site_name\" content=\"Ocean Machinery Inc.\" \/>\n<meta property=\"article:publisher\" content=\"https:\/\/www.facebook.com\/OceanMachinery\" \/>\n<meta property=\"article:modified_time\" content=\"2023-02-02T19:26:43+00:00\" \/>\n<meta property=\"og:image\" content=\"https:\/\/oceanmachinery.com\/es\/wp-content\/uploads\/2021\/02\/cnc-drill-line-multifunction-machine-for-structural-steel-fabrication.jpg\" \/>\n\t<meta property=\"og:image:width\" content=\"555\" \/>\n\t<meta property=\"og:image:height\" content=\"457\" \/>\n<meta name=\"twitter:card\" content=\"summary\" \/>\n<meta name=\"twitter:site\" content=\"@oceanmachinery\" \/>\n<meta name=\"twitter:label1\" content=\"Est. reading time\">\n\t<meta name=\"twitter:data1\" content=\"2 minutes\">\n<script type=\"application\/ld+json\" class=\"yoast-schema-graph\">{\"@context\":\"https:\/\/schema.org\",\"@graph\":[{\"@type\":\"Organization\",\"@id\":\"https:\/\/oceanmachinery.com\/es\/#organization\",\"name\":\"Ocean Machinery Inc.\",\"url\":\"https:\/\/oceanmachinery.com\/es\/\",\"sameAs\":[\"https:\/\/www.facebook.com\/OceanMachinery\",\"https:\/\/www.instagram.com\/oceanmachinery\/\",\"https:\/\/www.linkedin.com\/company\/ocean-machinery-inc\",\"https:\/\/www.youtube.com\/user\/oceanmachinery\",\"https:\/\/twitter.com\/oceanmachinery\"],\"logo\":{\"@type\":\"ImageObject\",\"@id\":\"https:\/\/oceanmachinery.com\/es\/#logo\",\"inLanguage\":\"en-US\",\"url\":\"https:\/\/oceanmachinery.com\/es\/wp-content\/uploads\/2022\/07\/site-icon-512.jpg\",\"contentUrl\":\"https:\/\/oceanmachinery.com\/es\/wp-content\/uploads\/2022\/07\/site-icon-512.jpg\",\"width\":512,\"height\":302,\"caption\":\"Ocean Machinery Inc.\"},\"image\":{\"@id\":\"https:\/\/oceanmachinery.com\/es\/#logo\"}},{\"@type\":\"WebSite\",\"@id\":\"https:\/\/oceanmachinery.com\/es\/#website\",\"url\":\"https:\/\/oceanmachinery.com\/es\/\",\"name\":\"Ocean Machinery Inc.\",\"description\":\"Negocio de servicio completo para fabricantes de acero\",\"publisher\":{\"@id\":\"https:\/\/oceanmachinery.com\/es\/#organization\"},\"potentialAction\":[{\"@type\":\"SearchAction\",\"target\":\"https:\/\/oceanmachinery.com\/es\/?s={search_term_string}\",\"query-input\":\"required name=search_term_string\"}],\"inLanguage\":\"en-US\"},{\"@type\":\"ImageObject\",\"@id\":\"https:\/\/oceanmachinery.com\/es\/avenger-plus-linea-de-taladro-cnc\/#primaryimage\",\"inLanguage\":\"en-US\",\"url\":\"https:\/\/oceanmachinery.com\/es\/wp-content\/uploads\/2021\/02\/cnc-drill-line-multifunction-machine-for-structural-steel-fabrication.jpg\",\"contentUrl\":\"https:\/\/oceanmachinery.com\/es\/wp-content\/uploads\/2021\/02\/cnc-drill-line-multifunction-machine-for-structural-steel-fabrication.jpg\",\"width\":555,\"height\":457,\"caption\":\"cnc-drill-line-multifunction-machine-for-structural-steel-fabrication\"},{\"@type\":\"WebPage\",\"@id\":\"https:\/\/oceanmachinery.com\/es\/avenger-plus-linea-de-taladro-cnc\/#webpage\",\"url\":\"https:\/\/oceanmachinery.com\/es\/avenger-plus-linea-de-taladro-cnc\/\",\"name\":\"AvengerPLUS L\\u00ednea de Taladro CNC Multifunci\\u00f3n - Ocean Machinery Inc.\",\"isPartOf\":{\"@id\":\"https:\/\/oceanmachinery.com\/es\/#website\"},\"primaryImageOfPage\":{\"@id\":\"https:\/\/oceanmachinery.com\/es\/avenger-plus-linea-de-taladro-cnc\/#primaryimage\"},\"datePublished\":\"2021-04-26T10:58:38+00:00\",\"dateModified\":\"2023-02-02T19:26:43+00:00\",\"description\":\"La l\\u00ednea de taladrado de viga cnc multifunci\\u00f3n Avenger PLUS cuenta con un cambiador de 8 herramientas para taladrado, marcado de piezas, trazado y m\\u00e1s\",\"breadcrumb\":{\"@id\":\"https:\/\/oceanmachinery.com\/es\/avenger-plus-linea-de-taladro-cnc\/#breadcrumb\"},\"inLanguage\":\"en-US\",\"potentialAction\":[{\"@type\":\"ReadAction\",\"target\":[\"https:\/\/oceanmachinery.com\/es\/avenger-plus-linea-de-taladro-cnc\/\"]}]},{\"@type\":\"BreadcrumbList\",\"@id\":\"https:\/\/oceanmachinery.com\/es\/avenger-plus-linea-de-taladro-cnc\/#breadcrumb\",\"itemListElement\":[{\"@type\":\"ListItem\",\"position\":1,\"item\":{\"@type\":\"WebPage\",\"@id\":\"https:\/\/oceanmachinery.com\/es\/\",\"url\":\"https:\/\/oceanmachinery.com\/es\/\",\"name\":\"Home\"}},{\"@type\":\"ListItem\",\"position\":2,\"item\":{\"@id\":\"https:\/\/oceanmachinery.com\/es\/avenger-plus-linea-de-taladro-cnc\/#webpage\"}}]}]}<\/script>\n<!-- \/ Yoast SEO plugin. -->","_links":{"self":[{"href":"https:\/\/oceanmachinery.com\/es\/wp-json\/wp\/v2\/pages\/7903"}],"collection":[{"href":"https:\/\/oceanmachinery.com\/es\/wp-json\/wp\/v2\/pages"}],"about":[{"href":"https:\/\/oceanmachinery.com\/es\/wp-json\/wp\/v2\/types\/page"}],"author":[{"embeddable":true,"href":"https:\/\/oceanmachinery.com\/es\/wp-json\/wp\/v2\/users\/1"}],"replies":[{"embeddable":true,"href":"https:\/\/oceanmachinery.com\/es\/wp-json\/wp\/v2\/comments?post=7903"}],"version-history":[{"count":16,"href":"https:\/\/oceanmachinery.com\/es\/wp-json\/wp\/v2\/pages\/7903\/revisions"}],"predecessor-version":[{"id":8496,"href":"https:\/\/oceanmachinery.com\/es\/wp-json\/wp\/v2\/pages\/7903\/revisions\/8496"}],"wp:featuredmedia":[{"embeddable":true,"href":"https:\/\/oceanmachinery.com\/es\/wp-json\/wp\/v2\/media\/5517"}],"wp:attachment":[{"href":"https:\/\/oceanmachinery.com\/es\/wp-json\/wp\/v2\/media?parent=7903"}],"curies":[{"name":"wp","href":"https:\/\/api.w.org\/{rel}","templated":true}]}}