{"id":7952,"date":"2021-04-26T12:07:17","date_gmt":"2021-04-26T12:07:17","guid":{"rendered":"https:\/\/oceanmachinery.com\/es\/?page_id=7952"},"modified":"2023-02-02T20:55:20","modified_gmt":"2023-02-02T20:55:20","slug":"blaster-granalladora-automatica","status":"publish","type":"page","link":"https:\/\/oceanmachinery.com\/es\/blaster-granalladora-automatica\/","title":{"rendered":"Blaster Granalladora Automatica"},"content":{"rendered":"<div class=\"normal_view_txt\">\n<h2>La Soluci\u00f3n para Granallado Eficiente<\/h2>\n<p>Ocean y su socio fabricante, Agtos, han producido una m\u00e1quina de granallado completamente \u00fanica para la limpieza de secciones de acero estructural.<\/p>\n<p>La nueva, y ultra-compacta m\u00e1quina de granallado, completamente integrada y excepcionalmente eficiente se adhiere a los requerimientos de espacio y presupuesto de cualquier fabricante de acero. Esta completa Ocean Blaster, incluyendo la unidad de extracci\u00f3n de polvo, requiere s\u00f3lo 12 x 23 pies de espacio de planta y \u00fanicamente 14 pies de altura, (4m x 7m x4m), lo que la hace ideal para incluso los talleres m\u00e1s peque\u00f1os. A pesar de su tama\u00f1o compacto, la Blaster es capaz de manejar perfiles de hasta 40&#8243; de altura y 20&#8243; de ancho, (1m x 500mm).<\/p>\n<p>El incre\u00edblemente eficiente dise\u00f1o de turbina permite a los fabricantes limpiar el acero con el menor consumo energ\u00e9tico, reduciendo a\u00fan m\u00e1s los costos. Y el pre-granallado reduce el esmerilado y la limpieza, trabajos posteriores, y crea un ambiente de trabajo limpio, mejorando la moral y seguridad.<\/p>\n<\/div>\n<p><a class=\"request_btn\" href=\"https:\/\/oceanmachinery.com\/es\/request-steel-fabricating-machinery-information\/\">SOLICITAR INFORMACI\u00d3N<\/a><\/p>\n","protected":false},"excerpt":{"rendered":"<p>La Soluci\u00f3n para Granallado Eficiente Ocean y su socio fabricante, Agtos, han producido una m\u00e1quina de granallado completamente \u00fanica para la limpieza de secciones de acero estructural. La nueva, y ultra-compacta m\u00e1quina de granallado, completamente integrada y excepcionalmente eficiente se adhiere a los requerimientos de espacio y presupuesto de cualquier fabricante de acero. Esta completa [&hellip;]<\/p>\n","protected":false},"author":1,"featured_media":1948,"parent":0,"menu_order":0,"comment_status":"closed","ping_status":"closed","template":"template-page-layout-two.php","meta":{"_monsterinsights_skip_tracking":false,"_monsterinsights_sitenote_active":false,"_monsterinsights_sitenote_note":"","_monsterinsights_sitenote_category":0},"yoast_head":"<!-- This site is optimized with the Yoast SEO plugin v16.2 - https:\/\/yoast.com\/wordpress\/plugins\/seo\/ -->\n<meta name=\"description\" content=\"La granalladora autom\u00e1tica Blaster maneja todos los perfiles hasta 40\u201d de alto x 20\u201d de ancho.\" \/>\n<meta name=\"robots\" content=\"index, follow, max-snippet:-1, max-image-preview:large, max-video-preview:-1\" \/>\n<link rel=\"canonical\" href=\"https:\/\/oceanmachinery.com\/es\/blaster-granalladora-automatica\/\" \/>\n<meta property=\"og:locale\" content=\"en_US\" \/>\n<meta property=\"og:type\" content=\"article\" \/>\n<meta property=\"og:title\" content=\"Ocean Blaster Granalladora Autom\u00e1tica - Ocean Machinery Inc.\" \/>\n<meta property=\"og:description\" content=\"La granalladora autom\u00e1tica Blaster maneja todos los perfiles hasta 40\u201d de alto x 20\u201d de ancho.\" \/>\n<meta property=\"og:url\" content=\"https:\/\/oceanmachinery.com\/es\/blaster-granalladora-automatica\/\" \/>\n<meta property=\"og:site_name\" content=\"Ocean Machinery Inc.\" \/>\n<meta property=\"article:publisher\" content=\"https:\/\/www.facebook.com\/OceanMachinery\" \/>\n<meta property=\"article:modified_time\" content=\"2023-02-02T20:55:20+00:00\" \/>\n<meta property=\"og:image\" content=\"https:\/\/oceanmachinery.com\/es\/wp-content\/uploads\/2020\/09\/ocean-blaster-shot-blasting-system-for-steel3.jpg\" \/>\n\t<meta property=\"og:image:width\" content=\"554\" \/>\n\t<meta property=\"og:image:height\" content=\"330\" \/>\n<meta name=\"twitter:card\" content=\"summary\" \/>\n<meta name=\"twitter:site\" content=\"@oceanmachinery\" \/>\n<meta name=\"twitter:label1\" content=\"Est. reading time\">\n\t<meta name=\"twitter:data1\" content=\"1 minute\">\n<script type=\"application\/ld+json\" class=\"yoast-schema-graph\">{\"@context\":\"https:\/\/schema.org\",\"@graph\":[{\"@type\":\"Organization\",\"@id\":\"https:\/\/oceanmachinery.com\/es\/#organization\",\"name\":\"Ocean Machinery Inc.\",\"url\":\"https:\/\/oceanmachinery.com\/es\/\",\"sameAs\":[\"https:\/\/www.facebook.com\/OceanMachinery\",\"https:\/\/www.instagram.com\/oceanmachinery\/\",\"https:\/\/www.linkedin.com\/company\/ocean-machinery-inc\",\"https:\/\/www.youtube.com\/user\/oceanmachinery\",\"https:\/\/twitter.com\/oceanmachinery\"],\"logo\":{\"@type\":\"ImageObject\",\"@id\":\"https:\/\/oceanmachinery.com\/es\/#logo\",\"inLanguage\":\"en-US\",\"url\":\"https:\/\/oceanmachinery.com\/es\/wp-content\/uploads\/2022\/07\/site-icon-512.jpg\",\"contentUrl\":\"https:\/\/oceanmachinery.com\/es\/wp-content\/uploads\/2022\/07\/site-icon-512.jpg\",\"width\":512,\"height\":302,\"caption\":\"Ocean Machinery Inc.\"},\"image\":{\"@id\":\"https:\/\/oceanmachinery.com\/es\/#logo\"}},{\"@type\":\"WebSite\",\"@id\":\"https:\/\/oceanmachinery.com\/es\/#website\",\"url\":\"https:\/\/oceanmachinery.com\/es\/\",\"name\":\"Ocean Machinery Inc.\",\"description\":\"Negocio de servicio completo para fabricantes de acero\",\"publisher\":{\"@id\":\"https:\/\/oceanmachinery.com\/es\/#organization\"},\"potentialAction\":[{\"@type\":\"SearchAction\",\"target\":\"https:\/\/oceanmachinery.com\/es\/?s={search_term_string}\",\"query-input\":\"required name=search_term_string\"}],\"inLanguage\":\"en-US\"},{\"@type\":\"ImageObject\",\"@id\":\"https:\/\/oceanmachinery.com\/es\/blaster-granalladora-automatica\/#primaryimage\",\"inLanguage\":\"en-US\",\"url\":\"https:\/\/oceanmachinery.com\/es\/wp-content\/uploads\/2020\/09\/ocean-blaster-shot-blasting-system-for-steel3.jpg\",\"contentUrl\":\"https:\/\/oceanmachinery.com\/es\/wp-content\/uploads\/2020\/09\/ocean-blaster-shot-blasting-system-for-steel3.jpg\",\"width\":554,\"height\":330},{\"@type\":\"WebPage\",\"@id\":\"https:\/\/oceanmachinery.com\/es\/blaster-granalladora-automatica\/#webpage\",\"url\":\"https:\/\/oceanmachinery.com\/es\/blaster-granalladora-automatica\/\",\"name\":\"Ocean Blaster Granalladora Autom\\u00e1tica - Ocean Machinery Inc.\",\"isPartOf\":{\"@id\":\"https:\/\/oceanmachinery.com\/es\/#website\"},\"primaryImageOfPage\":{\"@id\":\"https:\/\/oceanmachinery.com\/es\/blaster-granalladora-automatica\/#primaryimage\"},\"datePublished\":\"2021-04-26T12:07:17+00:00\",\"dateModified\":\"2023-02-02T20:55:20+00:00\",\"description\":\"La granalladora autom\\u00e1tica Blaster maneja todos los perfiles hasta 40\\u201d de alto x 20\\u201d de ancho.\",\"breadcrumb\":{\"@id\":\"https:\/\/oceanmachinery.com\/es\/blaster-granalladora-automatica\/#breadcrumb\"},\"inLanguage\":\"en-US\",\"potentialAction\":[{\"@type\":\"ReadAction\",\"target\":[\"https:\/\/oceanmachinery.com\/es\/blaster-granalladora-automatica\/\"]}]},{\"@type\":\"BreadcrumbList\",\"@id\":\"https:\/\/oceanmachinery.com\/es\/blaster-granalladora-automatica\/#breadcrumb\",\"itemListElement\":[{\"@type\":\"ListItem\",\"position\":1,\"item\":{\"@type\":\"WebPage\",\"@id\":\"https:\/\/oceanmachinery.com\/es\/\",\"url\":\"https:\/\/oceanmachinery.com\/es\/\",\"name\":\"Home\"}},{\"@type\":\"ListItem\",\"position\":2,\"item\":{\"@id\":\"https:\/\/oceanmachinery.com\/es\/blaster-granalladora-automatica\/#webpage\"}}]}]}<\/script>\n<!-- \/ Yoast SEO plugin. -->","_links":{"self":[{"href":"https:\/\/oceanmachinery.com\/es\/wp-json\/wp\/v2\/pages\/7952"}],"collection":[{"href":"https:\/\/oceanmachinery.com\/es\/wp-json\/wp\/v2\/pages"}],"about":[{"href":"https:\/\/oceanmachinery.com\/es\/wp-json\/wp\/v2\/types\/page"}],"author":[{"embeddable":true,"href":"https:\/\/oceanmachinery.com\/es\/wp-json\/wp\/v2\/users\/1"}],"replies":[{"embeddable":true,"href":"https:\/\/oceanmachinery.com\/es\/wp-json\/wp\/v2\/comments?post=7952"}],"version-history":[{"count":6,"href":"https:\/\/oceanmachinery.com\/es\/wp-json\/wp\/v2\/pages\/7952\/revisions"}],"predecessor-version":[{"id":8358,"href":"https:\/\/oceanmachinery.com\/es\/wp-json\/wp\/v2\/pages\/7952\/revisions\/8358"}],"wp:featuredmedia":[{"embeddable":true,"href":"https:\/\/oceanmachinery.com\/es\/wp-json\/wp\/v2\/media\/1948"}],"wp:attachment":[{"href":"https:\/\/oceanmachinery.com\/es\/wp-json\/wp\/v2\/media?parent=7952"}],"curies":[{"name":"wp","href":"https:\/\/api.w.org\/{rel}","templated":true}]}}