{"id":7974,"date":"2021-04-26T12:20:08","date_gmt":"2021-04-26T12:20:08","guid":{"rendered":"https:\/\/oceanmachinery.com\/es\/?page_id=7974"},"modified":"2023-02-02T19:36:15","modified_gmt":"2023-02-02T19:36:15","slug":"clipper-linea-cnc-para-procesar-angulos","status":"publish","type":"page","link":"https:\/\/oceanmachinery.com\/es\/clipper-linea-cnc-para-procesar-angulos\/","title":{"rendered":"Clipper Linea CNC Para Procesar Angulos"},"content":{"rendered":"<div class=\"plate_img\"><img src=\"https:\/\/oceanmachinery.com\/es\/wp-content\/uploads\/2020\/09\/plate_angle_img.jpg\" alt=\"\" \/><\/div>\n<div class=\"normal_view_txt\">\n<h2><\/h2>\n<h2>La L\u00ednea de \u00c1ngulos CNC m\u00e1s Econ\u00f3mica del Mundo<\/h2>\n<p>La Ocean Clipper L\u00ednea CNC para Procesar \u00c1ngulos no es solo la l\u00ednea CNC m\u00e1s econ\u00f3mica de nuestras l\u00ednea, es adem\u00e1s la m\u00e1s compacta.<\/p>\n<p>El dise\u00f1o patentado \u00fanico del Ocean Clipper le da una ventaja en el mercado donde el procesamiento de \u00e1ngulos de uni\u00f3n y \u00e1ngulos de largos refuerzos es una necesidad.<\/p>\n<p>Tradicionalmente, todas las l\u00edneas de \u00e1ngulos han tenido un ponchador en cada pata para abrir los huecos, al igual que cortar el \u00e1ngulo a longitud. Sin embargo, los dos ponchadores no pueden estar en l\u00ednea el uno con el otro, por lo que tienen que ser compensados, y esto crea una m\u00e1quina muy grande y una ca\u00edda perdida, (la \u00faltima pieza de \u00e1ngulo que no puede ser procesada).<\/p>\n<p>El Clipper utiliza un dise\u00f1o patentado con la caracter\u00edstica de un taladro y un ponchador en l\u00ednea el uno con el otro, lo que crea una m\u00e1quina dram\u00e1ticamente m\u00e1s compacta, no mucho m\u00e1s grande que una m\u00e1quina de herrer\u00eda. Este tama\u00f1o compacto no s\u00f3lo reduce el costo significativamente, sino que tambi\u00e9n reduce la ca\u00edda a s\u00f3lo 8&#8243;, (250mm).<\/p>\n<p>La peque\u00f1a huella requerida, y el bajo costo de la m\u00e1quina, han resultado en que el Ocean Clipper se haga la l\u00ednea de \u00e1ngulo CNC de m\u00e1s r\u00e1pida venta en el mundo, y ha hecho posible que hasta los m\u00e1s peque\u00f1os fabricantes tengan su propia producci\u00f3n de \u00e1ngulos CNC. Nuestros m\u00e1s peque\u00f1os clientes que disponen del Clipper tienen menos de 5 empleados en la planta.<\/p>\n<\/div>\n<p><a class=\"request_btn\" href=\"https:\/\/oceanmachinery.com\/es\/request-steel-fabricating-machinery-information\/\">SOLICITAR INFORMACI\u00d3N<\/a><\/p>\n","protected":false},"excerpt":{"rendered":"<p>La L\u00ednea de \u00c1ngulos CNC m\u00e1s Econ\u00f3mica del Mundo La Ocean Clipper L\u00ednea CNC para Procesar \u00c1ngulos no es solo la l\u00ednea CNC m\u00e1s econ\u00f3mica de nuestras l\u00ednea, es adem\u00e1s la m\u00e1s compacta. El dise\u00f1o patentado \u00fanico del Ocean Clipper le da una ventaja en el mercado donde el procesamiento de \u00e1ngulos de uni\u00f3n y [&hellip;]<\/p>\n","protected":false},"author":1,"featured_media":2247,"parent":0,"menu_order":0,"comment_status":"closed","ping_status":"closed","template":"template-page-layout-two.php","meta":{"_monsterinsights_skip_tracking":false,"_monsterinsights_sitenote_active":false,"_monsterinsights_sitenote_note":"","_monsterinsights_sitenote_category":0},"yoast_head":"<!-- This site is optimized with the Yoast SEO plugin v16.2 - https:\/\/yoast.com\/wordpress\/plugins\/seo\/ -->\n<meta name=\"description\" content=\"L\u00ednea CNC Para Procesar \u00c1ngulos Ocean Clipper no solo es la l\u00ednea de \u00e1ngulo m\u00e1s asequible del mundo, sino tambi\u00e9n la l\u00ednea de \u00e1ngulo m\u00e1s compacta.\" \/>\n<meta name=\"robots\" content=\"index, follow, max-snippet:-1, max-image-preview:large, max-video-preview:-1\" \/>\n<link rel=\"canonical\" href=\"https:\/\/oceanmachinery.com\/es\/clipper-linea-cnc-para-procesar-angulos\/\" \/>\n<meta property=\"og:locale\" content=\"en_US\" \/>\n<meta property=\"og:type\" content=\"article\" \/>\n<meta property=\"og:title\" content=\"Ocean Clipper L\u00ednea CNC Para Procesar \u00c1ngulos - Ocean Machinery Inc.\" \/>\n<meta property=\"og:description\" content=\"L\u00ednea CNC Para Procesar \u00c1ngulos Ocean Clipper no solo es la l\u00ednea de \u00e1ngulo m\u00e1s asequible del mundo, sino tambi\u00e9n la l\u00ednea de \u00e1ngulo m\u00e1s compacta.\" \/>\n<meta property=\"og:url\" content=\"https:\/\/oceanmachinery.com\/es\/clipper-linea-cnc-para-procesar-angulos\/\" \/>\n<meta property=\"og:site_name\" content=\"Ocean Machinery Inc.\" \/>\n<meta property=\"article:publisher\" content=\"https:\/\/www.facebook.com\/OceanMachinery\" \/>\n<meta property=\"article:modified_time\" content=\"2023-02-02T19:36:15+00:00\" \/>\n<meta property=\"og:image\" content=\"https:\/\/oceanmachinery.com\/es\/wp-content\/uploads\/2020\/09\/ocean-clipper-cnc-angle-line-001.jpg\" \/>\n\t<meta property=\"og:image:width\" content=\"554\" \/>\n\t<meta property=\"og:image:height\" content=\"371\" \/>\n<meta name=\"twitter:card\" content=\"summary\" \/>\n<meta name=\"twitter:site\" content=\"@oceanmachinery\" \/>\n<meta name=\"twitter:label1\" content=\"Est. reading time\">\n\t<meta name=\"twitter:data1\" content=\"2 minutes\">\n<script type=\"application\/ld+json\" class=\"yoast-schema-graph\">{\"@context\":\"https:\/\/schema.org\",\"@graph\":[{\"@type\":\"Organization\",\"@id\":\"https:\/\/oceanmachinery.com\/es\/#organization\",\"name\":\"Ocean Machinery Inc.\",\"url\":\"https:\/\/oceanmachinery.com\/es\/\",\"sameAs\":[\"https:\/\/www.facebook.com\/OceanMachinery\",\"https:\/\/www.instagram.com\/oceanmachinery\/\",\"https:\/\/www.linkedin.com\/company\/ocean-machinery-inc\",\"https:\/\/www.youtube.com\/user\/oceanmachinery\",\"https:\/\/twitter.com\/oceanmachinery\"],\"logo\":{\"@type\":\"ImageObject\",\"@id\":\"https:\/\/oceanmachinery.com\/es\/#logo\",\"inLanguage\":\"en-US\",\"url\":\"https:\/\/oceanmachinery.com\/es\/wp-content\/uploads\/2022\/07\/site-icon-512.jpg\",\"contentUrl\":\"https:\/\/oceanmachinery.com\/es\/wp-content\/uploads\/2022\/07\/site-icon-512.jpg\",\"width\":512,\"height\":302,\"caption\":\"Ocean Machinery Inc.\"},\"image\":{\"@id\":\"https:\/\/oceanmachinery.com\/es\/#logo\"}},{\"@type\":\"WebSite\",\"@id\":\"https:\/\/oceanmachinery.com\/es\/#website\",\"url\":\"https:\/\/oceanmachinery.com\/es\/\",\"name\":\"Ocean Machinery Inc.\",\"description\":\"Negocio de servicio completo para fabricantes de acero\",\"publisher\":{\"@id\":\"https:\/\/oceanmachinery.com\/es\/#organization\"},\"potentialAction\":[{\"@type\":\"SearchAction\",\"target\":\"https:\/\/oceanmachinery.com\/es\/?s={search_term_string}\",\"query-input\":\"required name=search_term_string\"}],\"inLanguage\":\"en-US\"},{\"@type\":\"ImageObject\",\"@id\":\"https:\/\/oceanmachinery.com\/es\/clipper-linea-cnc-para-procesar-angulos\/#primaryimage\",\"inLanguage\":\"en-US\",\"url\":\"https:\/\/oceanmachinery.com\/es\/wp-content\/uploads\/2020\/09\/ocean-clipper-cnc-angle-line-001.jpg\",\"contentUrl\":\"https:\/\/oceanmachinery.com\/es\/wp-content\/uploads\/2020\/09\/ocean-clipper-cnc-angle-line-001.jpg\",\"width\":554,\"height\":371},{\"@type\":\"WebPage\",\"@id\":\"https:\/\/oceanmachinery.com\/es\/clipper-linea-cnc-para-procesar-angulos\/#webpage\",\"url\":\"https:\/\/oceanmachinery.com\/es\/clipper-linea-cnc-para-procesar-angulos\/\",\"name\":\"Ocean Clipper L\\u00ednea CNC Para Procesar \\u00c1ngulos - Ocean Machinery Inc.\",\"isPartOf\":{\"@id\":\"https:\/\/oceanmachinery.com\/es\/#website\"},\"primaryImageOfPage\":{\"@id\":\"https:\/\/oceanmachinery.com\/es\/clipper-linea-cnc-para-procesar-angulos\/#primaryimage\"},\"datePublished\":\"2021-04-26T12:20:08+00:00\",\"dateModified\":\"2023-02-02T19:36:15+00:00\",\"description\":\"L\\u00ednea CNC Para Procesar \\u00c1ngulos Ocean Clipper no solo es la l\\u00ednea de \\u00e1ngulo m\\u00e1s asequible del mundo, sino tambi\\u00e9n la l\\u00ednea de \\u00e1ngulo m\\u00e1s compacta.\",\"breadcrumb\":{\"@id\":\"https:\/\/oceanmachinery.com\/es\/clipper-linea-cnc-para-procesar-angulos\/#breadcrumb\"},\"inLanguage\":\"en-US\",\"potentialAction\":[{\"@type\":\"ReadAction\",\"target\":[\"https:\/\/oceanmachinery.com\/es\/clipper-linea-cnc-para-procesar-angulos\/\"]}]},{\"@type\":\"BreadcrumbList\",\"@id\":\"https:\/\/oceanmachinery.com\/es\/clipper-linea-cnc-para-procesar-angulos\/#breadcrumb\",\"itemListElement\":[{\"@type\":\"ListItem\",\"position\":1,\"item\":{\"@type\":\"WebPage\",\"@id\":\"https:\/\/oceanmachinery.com\/es\/\",\"url\":\"https:\/\/oceanmachinery.com\/es\/\",\"name\":\"Home\"}},{\"@type\":\"ListItem\",\"position\":2,\"item\":{\"@id\":\"https:\/\/oceanmachinery.com\/es\/clipper-linea-cnc-para-procesar-angulos\/#webpage\"}}]}]}<\/script>\n<!-- \/ Yoast SEO plugin. -->","_links":{"self":[{"href":"https:\/\/oceanmachinery.com\/es\/wp-json\/wp\/v2\/pages\/7974"}],"collection":[{"href":"https:\/\/oceanmachinery.com\/es\/wp-json\/wp\/v2\/pages"}],"about":[{"href":"https:\/\/oceanmachinery.com\/es\/wp-json\/wp\/v2\/types\/page"}],"author":[{"embeddable":true,"href":"https:\/\/oceanmachinery.com\/es\/wp-json\/wp\/v2\/users\/1"}],"replies":[{"embeddable":true,"href":"https:\/\/oceanmachinery.com\/es\/wp-json\/wp\/v2\/comments?post=7974"}],"version-history":[{"count":14,"href":"https:\/\/oceanmachinery.com\/es\/wp-json\/wp\/v2\/pages\/7974\/revisions"}],"predecessor-version":[{"id":8503,"href":"https:\/\/oceanmachinery.com\/es\/wp-json\/wp\/v2\/pages\/7974\/revisions\/8503"}],"wp:featuredmedia":[{"embeddable":true,"href":"https:\/\/oceanmachinery.com\/es\/wp-json\/wp\/v2\/media\/2247"}],"wp:attachment":[{"href":"https:\/\/oceanmachinery.com\/es\/wp-json\/wp\/v2\/media?parent=7974"}],"curies":[{"name":"wp","href":"https:\/\/api.w.org\/{rel}","templated":true}]}}