{"id":8008,"date":"2021-04-27T03:58:49","date_gmt":"2021-04-27T03:58:49","guid":{"rendered":"https:\/\/oceanmachinery.com\/es\/?page_id=8008"},"modified":"2023-02-02T20:05:36","modified_gmt":"2023-02-02T20:05:36","slug":"liberator-linea-de-oxicorte-cnc","status":"publish","type":"page","link":"https:\/\/oceanmachinery.com\/es\/liberator-linea-de-oxicorte-cnc\/","title":{"rendered":"Liberator Linea De Oxicorte CNC"},"content":{"rendered":"<div class=\"plate_img\"><img loading=\"lazy\" width=\"298\" height=\"60\" class=\"alignnone size-full wp-image-1996\" src=\"https:\/\/oceanmachinery.com\/es\/wp-content\/uploads\/2020\/09\/cnc-beam-coper-for-structural-steel.jpg\" alt=\"\" \/><\/div>\n<div class=\"normal_view_txt\">\n<h2>La M\u00e1quina de Oxicorte de Perf\u00edles CNC de m\u00e1s r\u00e1pida venta del mercado<\/h2>\n<p>Durante los \u00faltimos 30 a\u00f1os, Ocean Machinery ha vendido robustas y asequibles soluciones CNC para fabricantes de acero alrededor del mundo.<\/p>\n<p>El NUEVO Ocean Liberator es la m\u00e1s asequible m\u00e1quina de oxicorte de perfiles en el mundo, y es el resultado de una colaboraci\u00f3n productiva y fuerte con Peddinghaus, el fabricante de maquinaria para la fabricaci\u00f3n de acero n\u00famero uno del mundo.<\/p>\n<p>El Ocean Liberator cortar\u00e1 las copas de sus vigas de acero m\u00e1s r\u00e1pido que lo que su personal de marcado pueda trazar. Vea nuestros videos de Estudios de Tiempo de Copado de Vigas.<\/p>\n<p>En el mismo modo que el\u00a0<a href=\"https:\/\/oceanmachinery.com\/es\/es\/avenger-linea-de-taladro-cnc\/\">Ocean Avenger<\/a>\u00a0y el\u00a0<a href=\"https:\/\/oceanmachinery.com\/es\/es\/clipper-linea-cnc-para-procesar-angulos\/\">Ocean Clipper<\/a>\u00a0trajeron automatizaci\u00f3n econ\u00f3mica de vigas, \u00e1ngulos y dem\u00e1s perfiles al peque\u00f1o y mediano fabricante, el Ocean Liberator similarmente trae el cortado de vigas automatizado a los talleres y plantas.<\/p>\n<p>El Ocean Liberator es un incre\u00edblemente econ\u00f3mico oxicorte CNC rob\u00f3tico de 5 ejes de corte con combustible de ox\u00edgeno, que le permitir\u00e1 realizar cualquier tipo de corte en vigas, canales, \u00e1ngulos, placas y tubos rectangulares.<\/p>\n<p>Literalmente, todo lo que usted pueda dibujar, puede ser cortado de la mejor manera por esta m\u00e1quina de corte de perfiles.<\/p>\n<p>Este oxicorte CNC de perfiles elimina la necesidad de establecer manualmente sus cortes, y asegura que las mismas son hechas ordenada y precisamente, directamente de sus dibujos de detallado CNC.<\/p>\n<\/div>\n<p><a class=\"request_btn\" href=\"https:\/\/oceanmachinery.com\/es\/request-steel-fabricating-machinery-information\/\">SOLICITAR INFORMACI\u00d3N<\/a><\/p>\n","protected":false},"excerpt":{"rendered":"<p>La M\u00e1quina de Oxicorte de Perf\u00edles CNC de m\u00e1s r\u00e1pida venta del mercado Durante los \u00faltimos 30 a\u00f1os, Ocean Machinery ha vendido robustas y asequibles soluciones CNC para fabricantes de acero alrededor del mundo. El NUEVO Ocean Liberator es la m\u00e1s asequible m\u00e1quina de oxicorte de perfiles en el mundo, y es el resultado de [&hellip;]<\/p>\n","protected":false},"author":1,"featured_media":1997,"parent":0,"menu_order":0,"comment_status":"closed","ping_status":"closed","template":"template-page-layout-two.php","meta":{"_monsterinsights_skip_tracking":false,"_monsterinsights_sitenote_active":false,"_monsterinsights_sitenote_note":"","_monsterinsights_sitenote_category":0},"yoast_head":"<!-- This site is optimized with the Yoast SEO plugin v16.2 - https:\/\/yoast.com\/wordpress\/plugins\/seo\/ -->\n<meta name=\"description\" content=\"Ocean Liberator Linea De Oxy-fuel CNC cortar\u00e1 su acero m\u00e1s r\u00e1pido de lo que su t\u00e9cnico de dise\u00f1o puede incluso dise\u00f1ar las cofias.\" \/>\n<meta name=\"robots\" content=\"index, follow, max-snippet:-1, max-image-preview:large, max-video-preview:-1\" \/>\n<link rel=\"canonical\" href=\"https:\/\/oceanmachinery.com\/es\/liberator-linea-de-oxicorte-cnc\/\" \/>\n<meta property=\"og:locale\" content=\"en_US\" \/>\n<meta property=\"og:type\" content=\"article\" \/>\n<meta property=\"og:title\" content=\"Ocean Liberator Linea De Oxicorte CNC - Ocean Machinery Inc.\" \/>\n<meta property=\"og:description\" content=\"Ocean Liberator Linea De Oxy-fuel CNC cortar\u00e1 su acero m\u00e1s r\u00e1pido de lo que su t\u00e9cnico de dise\u00f1o puede incluso dise\u00f1ar las cofias.\" \/>\n<meta property=\"og:url\" content=\"https:\/\/oceanmachinery.com\/es\/liberator-linea-de-oxicorte-cnc\/\" \/>\n<meta property=\"og:site_name\" content=\"Ocean Machinery Inc.\" \/>\n<meta property=\"article:publisher\" content=\"https:\/\/www.facebook.com\/OceanMachinery\" \/>\n<meta property=\"article:modified_time\" content=\"2023-02-02T20:05:36+00:00\" \/>\n<meta property=\"og:image\" content=\"https:\/\/oceanmachinery.com\/es\/wp-content\/uploads\/2020\/09\/ocean-liberator-cnc-beam-coping-machine.jpg\" \/>\n\t<meta property=\"og:image:width\" content=\"554\" \/>\n\t<meta property=\"og:image:height\" content=\"478\" \/>\n<meta name=\"twitter:card\" content=\"summary\" \/>\n<meta name=\"twitter:site\" content=\"@oceanmachinery\" \/>\n<meta name=\"twitter:label1\" content=\"Est. reading time\">\n\t<meta name=\"twitter:data1\" content=\"2 minutes\">\n<script type=\"application\/ld+json\" class=\"yoast-schema-graph\">{\"@context\":\"https:\/\/schema.org\",\"@graph\":[{\"@type\":\"Organization\",\"@id\":\"https:\/\/oceanmachinery.com\/es\/#organization\",\"name\":\"Ocean Machinery Inc.\",\"url\":\"https:\/\/oceanmachinery.com\/es\/\",\"sameAs\":[\"https:\/\/www.facebook.com\/OceanMachinery\",\"https:\/\/www.instagram.com\/oceanmachinery\/\",\"https:\/\/www.linkedin.com\/company\/ocean-machinery-inc\",\"https:\/\/www.youtube.com\/user\/oceanmachinery\",\"https:\/\/twitter.com\/oceanmachinery\"],\"logo\":{\"@type\":\"ImageObject\",\"@id\":\"https:\/\/oceanmachinery.com\/es\/#logo\",\"inLanguage\":\"en-US\",\"url\":\"https:\/\/oceanmachinery.com\/es\/wp-content\/uploads\/2022\/07\/site-icon-512.jpg\",\"contentUrl\":\"https:\/\/oceanmachinery.com\/es\/wp-content\/uploads\/2022\/07\/site-icon-512.jpg\",\"width\":512,\"height\":302,\"caption\":\"Ocean Machinery Inc.\"},\"image\":{\"@id\":\"https:\/\/oceanmachinery.com\/es\/#logo\"}},{\"@type\":\"WebSite\",\"@id\":\"https:\/\/oceanmachinery.com\/es\/#website\",\"url\":\"https:\/\/oceanmachinery.com\/es\/\",\"name\":\"Ocean Machinery Inc.\",\"description\":\"Negocio de servicio completo para fabricantes de acero\",\"publisher\":{\"@id\":\"https:\/\/oceanmachinery.com\/es\/#organization\"},\"potentialAction\":[{\"@type\":\"SearchAction\",\"target\":\"https:\/\/oceanmachinery.com\/es\/?s={search_term_string}\",\"query-input\":\"required name=search_term_string\"}],\"inLanguage\":\"en-US\"},{\"@type\":\"ImageObject\",\"@id\":\"https:\/\/oceanmachinery.com\/es\/liberator-linea-de-oxicorte-cnc\/#primaryimage\",\"inLanguage\":\"en-US\",\"url\":\"https:\/\/oceanmachinery.com\/es\/wp-content\/uploads\/2020\/09\/ocean-liberator-cnc-beam-coping-machine.jpg\",\"contentUrl\":\"https:\/\/oceanmachinery.com\/es\/wp-content\/uploads\/2020\/09\/ocean-liberator-cnc-beam-coping-machine.jpg\",\"width\":554,\"height\":478},{\"@type\":\"WebPage\",\"@id\":\"https:\/\/oceanmachinery.com\/es\/liberator-linea-de-oxicorte-cnc\/#webpage\",\"url\":\"https:\/\/oceanmachinery.com\/es\/liberator-linea-de-oxicorte-cnc\/\",\"name\":\"Ocean Liberator Linea De Oxicorte CNC - Ocean Machinery Inc.\",\"isPartOf\":{\"@id\":\"https:\/\/oceanmachinery.com\/es\/#website\"},\"primaryImageOfPage\":{\"@id\":\"https:\/\/oceanmachinery.com\/es\/liberator-linea-de-oxicorte-cnc\/#primaryimage\"},\"datePublished\":\"2021-04-27T03:58:49+00:00\",\"dateModified\":\"2023-02-02T20:05:36+00:00\",\"description\":\"Ocean Liberator Linea De Oxy-fuel CNC cortar\\u00e1 su acero m\\u00e1s r\\u00e1pido de lo que su t\\u00e9cnico de dise\\u00f1o puede incluso dise\\u00f1ar las cofias.\",\"breadcrumb\":{\"@id\":\"https:\/\/oceanmachinery.com\/es\/liberator-linea-de-oxicorte-cnc\/#breadcrumb\"},\"inLanguage\":\"en-US\",\"potentialAction\":[{\"@type\":\"ReadAction\",\"target\":[\"https:\/\/oceanmachinery.com\/es\/liberator-linea-de-oxicorte-cnc\/\"]}]},{\"@type\":\"BreadcrumbList\",\"@id\":\"https:\/\/oceanmachinery.com\/es\/liberator-linea-de-oxicorte-cnc\/#breadcrumb\",\"itemListElement\":[{\"@type\":\"ListItem\",\"position\":1,\"item\":{\"@type\":\"WebPage\",\"@id\":\"https:\/\/oceanmachinery.com\/es\/\",\"url\":\"https:\/\/oceanmachinery.com\/es\/\",\"name\":\"Home\"}},{\"@type\":\"ListItem\",\"position\":2,\"item\":{\"@id\":\"https:\/\/oceanmachinery.com\/es\/liberator-linea-de-oxicorte-cnc\/#webpage\"}}]}]}<\/script>\n<!-- \/ Yoast SEO plugin. -->","_links":{"self":[{"href":"https:\/\/oceanmachinery.com\/es\/wp-json\/wp\/v2\/pages\/8008"}],"collection":[{"href":"https:\/\/oceanmachinery.com\/es\/wp-json\/wp\/v2\/pages"}],"about":[{"href":"https:\/\/oceanmachinery.com\/es\/wp-json\/wp\/v2\/types\/page"}],"author":[{"embeddable":true,"href":"https:\/\/oceanmachinery.com\/es\/wp-json\/wp\/v2\/users\/1"}],"replies":[{"embeddable":true,"href":"https:\/\/oceanmachinery.com\/es\/wp-json\/wp\/v2\/comments?post=8008"}],"version-history":[{"count":10,"href":"https:\/\/oceanmachinery.com\/es\/wp-json\/wp\/v2\/pages\/8008\/revisions"}],"predecessor-version":[{"id":8572,"href":"https:\/\/oceanmachinery.com\/es\/wp-json\/wp\/v2\/pages\/8008\/revisions\/8572"}],"wp:featuredmedia":[{"embeddable":true,"href":"https:\/\/oceanmachinery.com\/es\/wp-json\/wp\/v2\/media\/1997"}],"wp:attachment":[{"href":"https:\/\/oceanmachinery.com\/es\/wp-json\/wp\/v2\/media?parent=8008"}],"curies":[{"name":"wp","href":"https:\/\/api.w.org\/{rel}","templated":true}]}}