{"id":8061,"date":"2021-04-27T06:07:34","date_gmt":"2021-04-27T06:07:34","guid":{"rendered":"https:\/\/oceanmachinery.com\/es\/?page_id=8061"},"modified":"2023-02-02T14:06:17","modified_gmt":"2023-02-02T14:06:17","slug":"avenger-linea-de-taladro-cnc","status":"publish","type":"page","link":"https:\/\/oceanmachinery.com\/es\/avenger-linea-de-taladro-cnc\/","title":{"rendered":"Avenger Linea De Taladro cnc"},"content":{"rendered":"<div class=\"plate_img\">\n<p align=\"center\"><img loading=\"lazy\" width=\"298\" height=\"125\" class=\"alignnone size-full wp-image-1490\" src=\"https:\/\/oceanmachinery.com\/es\/wp-content\/uploads\/2020\/09\/plate_img.jpg\" alt=\"\" \/><\/p>\n<\/div>\n<div class=\"normal_view_txt\">\n<h2>La L\u00ednea de Taladro CNC de m\u00e1s r\u00e1pida venta en el mundo<\/h2>\n<p>El Ocean Avenger ha sido un \u00e9xito inmediato con los peque\u00f1os y medianos fabricantes que producen tanto acero estructural como metales miscel\u00e1neos. Desde su introducci\u00f3n en el a\u00f1o 2003, m\u00e1s de 700 Ocean Avengers se han instalado alrededor del mundo. Esta incre\u00edble m\u00e1quina ha cambiado la vida de muchos fabricantes de acero.<\/p>\n<p>El Ocean Avenger Beam Drill Line es una extremadamente eficiente soluci\u00f3n para procesamiento de perf\u00edles, en cuanto a espacio, dado que s\u00f3lo requiere un \u00e1rea de planta de 70 pies x 9 pies, (21.33m x 3m), haci\u00e9ndola ideal para el m\u00e1s peque\u00f1o fabricante, o aquellos con limitaciones de espacio. Incluso tenemos muchas instalaciones de Avenger que se encuentran en exteriores, liberando espacio de planta para el fabricante.<\/p>\n<p>El Ocean Avenger no solo perfora todos los orificios de cualquier perf\u00edl de acero en una fracci\u00f3n del tiempo que requerir\u00eda hacerlo manualmente con un taladro magn\u00e9tico, sino que tambi\u00e9n establece las marcas para todas las soldaduras, pr\u00e1cticamente eliminando la necesidad del uso de un metro de medici\u00f3n.<\/p>\n<p>El Avenger es la l\u00ednea de perforaci\u00f3n CNC m\u00e1s asequible del mercado hoy en d\u00eda, y garantiza que el fabricante ser\u00e1 un productor de bajo costo, permiti\u00e9ndole conseguir m\u00e1s trabajo y obtener mejores m\u00e1rgenes.<\/p>\n<p>El Avenger no solo procesa vigas y columnas, sino tambi\u00e9n procesa f\u00e1cilmente todos los perfiles de acero, incluyendo canales, \u00e1ngulos, barras planas, placas de base, soleras, RHS y perfiles cuadrados y redondos.<\/p>\n<p class=\"style2\"><em><strong>&gt;&gt; Considere tambi\u00e9n la\u00a0<a href=\"https:\/\/oceanmachinery.com\/es\/es\/avenger-plus-linea-de-taladro-cnc\/\">Avenger PLUS<\/a>.<\/strong><\/em><\/p>\n<p class=\"style2\"><em><strong>&gt;&gt; Haga clic aqu\u00ed para leer sobre las\u00a0<a href=\"https:\/\/oceanmachinery.com\/es\/es\/ocean-avenger-cnc-drill-line-vs-ocean-avenger-plus-cnc-drill-line\/\">Diferencias entre el Avenger L\u00ednea de Taladro CNC y Avenger PLUS L\u00ednea de Taladro CNC<\/a>.<\/strong><\/em><\/p>\n<\/div>\n<p><a class=\"request_btn\" href=\"https:\/\/oceanmachinery.com\/es\/request-steel-fabricating-machinery-information\/\">SOLICITAR INFORMACI\u00d3N<\/a><\/p>\n","protected":false},"excerpt":{"rendered":"<p>La L\u00ednea de Taladro CNC de m\u00e1s r\u00e1pida venta en el mundo El Ocean Avenger ha sido un \u00e9xito inmediato con los peque\u00f1os y medianos fabricantes que producen tanto acero estructural como metales miscel\u00e1neos. Desde su introducci\u00f3n en el a\u00f1o 2003, m\u00e1s de 700 Ocean Avengers se han instalado alrededor del mundo. Esta incre\u00edble m\u00e1quina [&hellip;]<\/p>\n","protected":false},"author":1,"featured_media":1489,"parent":0,"menu_order":0,"comment_status":"closed","ping_status":"closed","template":"template-page-layout-two.php","meta":{"_monsterinsights_skip_tracking":false,"_monsterinsights_sitenote_active":false,"_monsterinsights_sitenote_note":"","_monsterinsights_sitenote_category":0},"yoast_head":"<!-- This site is optimized with the Yoast SEO plugin v16.2 - https:\/\/yoast.com\/wordpress\/plugins\/seo\/ -->\n<meta name=\"description\" content=\"Ocean Avenger L\u00ednea de Taladro CNC, taladro de perfiles, taladro de perfiles CNC, linea de taladro CNC, taladro perfiles\" \/>\n<meta name=\"robots\" content=\"index, follow, max-snippet:-1, max-image-preview:large, max-video-preview:-1\" \/>\n<link rel=\"canonical\" href=\"https:\/\/oceanmachinery.com\/es\/avenger-linea-de-taladro-cnc\/\" \/>\n<meta property=\"og:locale\" content=\"en_US\" \/>\n<meta property=\"og:type\" content=\"article\" \/>\n<meta property=\"og:title\" content=\"Ocean Avenger L\u00ednea de Taladro CNC - Ocean Machinery Inc.\" \/>\n<meta property=\"og:description\" content=\"Ocean Avenger L\u00ednea de Taladro CNC, taladro de perfiles, taladro de perfiles CNC, linea de taladro CNC, taladro perfiles\" \/>\n<meta property=\"og:url\" content=\"https:\/\/oceanmachinery.com\/es\/avenger-linea-de-taladro-cnc\/\" \/>\n<meta property=\"og:site_name\" content=\"Ocean Machinery Inc.\" \/>\n<meta property=\"article:publisher\" content=\"https:\/\/www.facebook.com\/OceanMachinery\" \/>\n<meta property=\"article:modified_time\" content=\"2023-02-02T14:06:17+00:00\" \/>\n<meta property=\"og:image\" content=\"https:\/\/oceanmachinery.com\/es\/wp-content\/uploads\/2020\/09\/ocean-avenger-cnc-drill-line-0001.jpg\" \/>\n\t<meta property=\"og:image:width\" content=\"554\" \/>\n\t<meta property=\"og:image:height\" content=\"696\" \/>\n<meta name=\"twitter:card\" content=\"summary\" \/>\n<meta name=\"twitter:site\" content=\"@oceanmachinery\" \/>\n<meta name=\"twitter:label1\" content=\"Est. reading time\">\n\t<meta name=\"twitter:data1\" content=\"2 minutes\">\n<script type=\"application\/ld+json\" class=\"yoast-schema-graph\">{\"@context\":\"https:\/\/schema.org\",\"@graph\":[{\"@type\":\"Organization\",\"@id\":\"https:\/\/oceanmachinery.com\/es\/#organization\",\"name\":\"Ocean Machinery Inc.\",\"url\":\"https:\/\/oceanmachinery.com\/es\/\",\"sameAs\":[\"https:\/\/www.facebook.com\/OceanMachinery\",\"https:\/\/www.instagram.com\/oceanmachinery\/\",\"https:\/\/www.linkedin.com\/company\/ocean-machinery-inc\",\"https:\/\/www.youtube.com\/user\/oceanmachinery\",\"https:\/\/twitter.com\/oceanmachinery\"],\"logo\":{\"@type\":\"ImageObject\",\"@id\":\"https:\/\/oceanmachinery.com\/es\/#logo\",\"inLanguage\":\"en-US\",\"url\":\"https:\/\/oceanmachinery.com\/es\/wp-content\/uploads\/2022\/07\/site-icon-512.jpg\",\"contentUrl\":\"https:\/\/oceanmachinery.com\/es\/wp-content\/uploads\/2022\/07\/site-icon-512.jpg\",\"width\":512,\"height\":302,\"caption\":\"Ocean Machinery Inc.\"},\"image\":{\"@id\":\"https:\/\/oceanmachinery.com\/es\/#logo\"}},{\"@type\":\"WebSite\",\"@id\":\"https:\/\/oceanmachinery.com\/es\/#website\",\"url\":\"https:\/\/oceanmachinery.com\/es\/\",\"name\":\"Ocean Machinery Inc.\",\"description\":\"Negocio de servicio completo para fabricantes de acero\",\"publisher\":{\"@id\":\"https:\/\/oceanmachinery.com\/es\/#organization\"},\"potentialAction\":[{\"@type\":\"SearchAction\",\"target\":\"https:\/\/oceanmachinery.com\/es\/?s={search_term_string}\",\"query-input\":\"required name=search_term_string\"}],\"inLanguage\":\"en-US\"},{\"@type\":\"ImageObject\",\"@id\":\"https:\/\/oceanmachinery.com\/es\/avenger-linea-de-taladro-cnc\/#primaryimage\",\"inLanguage\":\"en-US\",\"url\":\"https:\/\/oceanmachinery.com\/es\/wp-content\/uploads\/2020\/09\/ocean-avenger-cnc-drill-line-0001.jpg\",\"contentUrl\":\"https:\/\/oceanmachinery.com\/es\/wp-content\/uploads\/2020\/09\/ocean-avenger-cnc-drill-line-0001.jpg\",\"width\":554,\"height\":696},{\"@type\":\"WebPage\",\"@id\":\"https:\/\/oceanmachinery.com\/es\/avenger-linea-de-taladro-cnc\/#webpage\",\"url\":\"https:\/\/oceanmachinery.com\/es\/avenger-linea-de-taladro-cnc\/\",\"name\":\"Ocean Avenger L\\u00ednea de Taladro CNC - Ocean Machinery Inc.\",\"isPartOf\":{\"@id\":\"https:\/\/oceanmachinery.com\/es\/#website\"},\"primaryImageOfPage\":{\"@id\":\"https:\/\/oceanmachinery.com\/es\/avenger-linea-de-taladro-cnc\/#primaryimage\"},\"datePublished\":\"2021-04-27T06:07:34+00:00\",\"dateModified\":\"2023-02-02T14:06:17+00:00\",\"description\":\"Ocean Avenger L\\u00ednea de Taladro CNC, taladro de perfiles, taladro de perfiles CNC, linea de taladro CNC, taladro perfiles\",\"breadcrumb\":{\"@id\":\"https:\/\/oceanmachinery.com\/es\/avenger-linea-de-taladro-cnc\/#breadcrumb\"},\"inLanguage\":\"en-US\",\"potentialAction\":[{\"@type\":\"ReadAction\",\"target\":[\"https:\/\/oceanmachinery.com\/es\/avenger-linea-de-taladro-cnc\/\"]}]},{\"@type\":\"BreadcrumbList\",\"@id\":\"https:\/\/oceanmachinery.com\/es\/avenger-linea-de-taladro-cnc\/#breadcrumb\",\"itemListElement\":[{\"@type\":\"ListItem\",\"position\":1,\"item\":{\"@type\":\"WebPage\",\"@id\":\"https:\/\/oceanmachinery.com\/es\/\",\"url\":\"https:\/\/oceanmachinery.com\/es\/\",\"name\":\"Home\"}},{\"@type\":\"ListItem\",\"position\":2,\"item\":{\"@id\":\"https:\/\/oceanmachinery.com\/es\/avenger-linea-de-taladro-cnc\/#webpage\"}}]}]}<\/script>\n<!-- \/ Yoast SEO plugin. -->","_links":{"self":[{"href":"https:\/\/oceanmachinery.com\/es\/wp-json\/wp\/v2\/pages\/8061"}],"collection":[{"href":"https:\/\/oceanmachinery.com\/es\/wp-json\/wp\/v2\/pages"}],"about":[{"href":"https:\/\/oceanmachinery.com\/es\/wp-json\/wp\/v2\/types\/page"}],"author":[{"embeddable":true,"href":"https:\/\/oceanmachinery.com\/es\/wp-json\/wp\/v2\/users\/1"}],"replies":[{"embeddable":true,"href":"https:\/\/oceanmachinery.com\/es\/wp-json\/wp\/v2\/comments?post=8061"}],"version-history":[{"count":6,"href":"https:\/\/oceanmachinery.com\/es\/wp-json\/wp\/v2\/pages\/8061\/revisions"}],"predecessor-version":[{"id":8332,"href":"https:\/\/oceanmachinery.com\/es\/wp-json\/wp\/v2\/pages\/8061\/revisions\/8332"}],"wp:featuredmedia":[{"embeddable":true,"href":"https:\/\/oceanmachinery.com\/es\/wp-json\/wp\/v2\/media\/1489"}],"wp:attachment":[{"href":"https:\/\/oceanmachinery.com\/es\/wp-json\/wp\/v2\/media?parent=8061"}],"curies":[{"name":"wp","href":"https:\/\/api.w.org\/{rel}","templated":true}]}}