{"id":8122,"date":"2021-04-27T08:10:54","date_gmt":"2021-04-27T08:10:54","guid":{"rendered":"https:\/\/oceanmachinery.com\/es\/?page_id=8122"},"modified":"2023-02-03T14:19:55","modified_gmt":"2023-02-03T14:19:55","slug":"eliminator-transportador-de-perfiles","status":"publish","type":"page","link":"https:\/\/oceanmachinery.com\/es\/eliminator-transportador-de-perfiles\/","title":{"rendered":"Eliminator Transportador De Perfiles"},"content":{"rendered":"<div class=\"normal_view_txt\">\n<h2>Soluciones de Transportador de Perfiles<\/h2>\n<p>El innecesario manejo de materiales en la fabricaci\u00f3n de acero estructural destruye la productividad y rentabilidad. En promedio, los fabricantes manejan cada viga de 17 a 20 veces desde el momento que la materia prima llega a la planta hasta el momento que est\u00e1 en el cami\u00f3n y lista para ser enviada a la obra.<\/p>\n<p>Eliminar este componente sin valor de su proceso de fabricaci\u00f3n debe ser una de sus mayores prioridades.<\/p>\n<p>Con esto en mente, Ocean Machinery dise\u00f1\u00f3 un sistema completamente modular de manejo de materiales que puede ser modificado, expandido o modernizado en cualquier momento, sin apresar al cliente a un sistema que se vuelve obsoleto al momento de ser instalado.<\/p>\n<p>El Ocean Eliminator es ideal para sierras, l\u00edneas de perforaci\u00f3n de vigas, l\u00edneas de copado, m\u00e1quinas de granallado, l\u00edneas de pintura, etc., y le ayudar\u00e1 a usted a reducir significativamente sus costos de mano de obra y fabricaci\u00f3n, al igual que mejorar la seguridad de su planta.<\/p>\n<\/div>\n<p><a class=\"request_btn\" href=\"https:\/\/oceanmachinery.com\/es\/request-steel-fabricating-machinery-information\/\">SOLICITAR INFORMACI\u00d3N<\/a><\/p>\n","protected":false},"excerpt":{"rendered":"<p>Soluciones de Transportador de Perfiles El innecesario manejo de materiales en la fabricaci\u00f3n de acero estructural destruye la productividad y rentabilidad. En promedio, los fabricantes manejan cada viga de 17 a 20 veces desde el momento que la materia prima llega a la planta hasta el momento que est\u00e1 en el cami\u00f3n y lista para [&hellip;]<\/p>\n","protected":false},"author":1,"featured_media":2142,"parent":0,"menu_order":0,"comment_status":"closed","ping_status":"closed","template":"template-page-layout-two.php","meta":{"_monsterinsights_skip_tracking":false,"_monsterinsights_sitenote_active":false,"_monsterinsights_sitenote_note":"","_monsterinsights_sitenote_category":0},"yoast_head":"<!-- This site is optimized with the Yoast SEO plugin v16.2 - https:\/\/yoast.com\/wordpress\/plugins\/seo\/ -->\n<meta name=\"description\" content=\"El Transportador de Perfiles Eliminator es ideal para sierras, l\u00edneas de taladrado o punzonado, l\u00edneas de remate de vigas, m\u00e1quinas granalladoras, etc.\" \/>\n<meta name=\"robots\" content=\"index, follow, max-snippet:-1, max-image-preview:large, max-video-preview:-1\" \/>\n<link rel=\"canonical\" href=\"https:\/\/oceanmachinery.com\/es\/eliminator-transportador-de-perfiles\/\" \/>\n<meta property=\"og:locale\" content=\"en_US\" \/>\n<meta property=\"og:type\" content=\"article\" \/>\n<meta property=\"og:title\" content=\"Ocean Eliminator Transportador de Perfiles - Ocean Machinery Inc.\" \/>\n<meta property=\"og:description\" content=\"El Transportador de Perfiles Eliminator es ideal para sierras, l\u00edneas de taladrado o punzonado, l\u00edneas de remate de vigas, m\u00e1quinas granalladoras, etc.\" \/>\n<meta property=\"og:url\" content=\"https:\/\/oceanmachinery.com\/es\/eliminator-transportador-de-perfiles\/\" \/>\n<meta property=\"og:site_name\" content=\"Ocean Machinery Inc.\" \/>\n<meta property=\"article:publisher\" content=\"https:\/\/www.facebook.com\/OceanMachinery\" \/>\n<meta property=\"article:modified_time\" content=\"2023-02-03T14:19:55+00:00\" \/>\n<meta property=\"og:image\" content=\"https:\/\/oceanmachinery.com\/es\/wp-content\/uploads\/2020\/09\/eliminator-material-handling-system-for-structural-steel.jpg\" \/>\n\t<meta property=\"og:image:width\" content=\"554\" \/>\n\t<meta property=\"og:image:height\" content=\"368\" \/>\n<meta name=\"twitter:card\" content=\"summary\" \/>\n<meta name=\"twitter:site\" content=\"@oceanmachinery\" \/>\n<meta name=\"twitter:label1\" content=\"Est. reading time\">\n\t<meta name=\"twitter:data1\" content=\"1 minute\">\n<script type=\"application\/ld+json\" class=\"yoast-schema-graph\">{\"@context\":\"https:\/\/schema.org\",\"@graph\":[{\"@type\":\"Organization\",\"@id\":\"https:\/\/oceanmachinery.com\/es\/#organization\",\"name\":\"Ocean Machinery Inc.\",\"url\":\"https:\/\/oceanmachinery.com\/es\/\",\"sameAs\":[\"https:\/\/www.facebook.com\/OceanMachinery\",\"https:\/\/www.instagram.com\/oceanmachinery\/\",\"https:\/\/www.linkedin.com\/company\/ocean-machinery-inc\",\"https:\/\/www.youtube.com\/user\/oceanmachinery\",\"https:\/\/twitter.com\/oceanmachinery\"],\"logo\":{\"@type\":\"ImageObject\",\"@id\":\"https:\/\/oceanmachinery.com\/es\/#logo\",\"inLanguage\":\"en-US\",\"url\":\"https:\/\/oceanmachinery.com\/es\/wp-content\/uploads\/2022\/07\/site-icon-512.jpg\",\"contentUrl\":\"https:\/\/oceanmachinery.com\/es\/wp-content\/uploads\/2022\/07\/site-icon-512.jpg\",\"width\":512,\"height\":302,\"caption\":\"Ocean Machinery Inc.\"},\"image\":{\"@id\":\"https:\/\/oceanmachinery.com\/es\/#logo\"}},{\"@type\":\"WebSite\",\"@id\":\"https:\/\/oceanmachinery.com\/es\/#website\",\"url\":\"https:\/\/oceanmachinery.com\/es\/\",\"name\":\"Ocean Machinery Inc.\",\"description\":\"Negocio de servicio completo para fabricantes de acero\",\"publisher\":{\"@id\":\"https:\/\/oceanmachinery.com\/es\/#organization\"},\"potentialAction\":[{\"@type\":\"SearchAction\",\"target\":\"https:\/\/oceanmachinery.com\/es\/?s={search_term_string}\",\"query-input\":\"required name=search_term_string\"}],\"inLanguage\":\"en-US\"},{\"@type\":\"ImageObject\",\"@id\":\"https:\/\/oceanmachinery.com\/es\/eliminator-transportador-de-perfiles\/#primaryimage\",\"inLanguage\":\"en-US\",\"url\":\"https:\/\/oceanmachinery.com\/es\/wp-content\/uploads\/2020\/09\/eliminator-material-handling-system-for-structural-steel.jpg\",\"contentUrl\":\"https:\/\/oceanmachinery.com\/es\/wp-content\/uploads\/2020\/09\/eliminator-material-handling-system-for-structural-steel.jpg\",\"width\":554,\"height\":368},{\"@type\":\"WebPage\",\"@id\":\"https:\/\/oceanmachinery.com\/es\/eliminator-transportador-de-perfiles\/#webpage\",\"url\":\"https:\/\/oceanmachinery.com\/es\/eliminator-transportador-de-perfiles\/\",\"name\":\"Ocean Eliminator Transportador de Perfiles - Ocean Machinery Inc.\",\"isPartOf\":{\"@id\":\"https:\/\/oceanmachinery.com\/es\/#website\"},\"primaryImageOfPage\":{\"@id\":\"https:\/\/oceanmachinery.com\/es\/eliminator-transportador-de-perfiles\/#primaryimage\"},\"datePublished\":\"2021-04-27T08:10:54+00:00\",\"dateModified\":\"2023-02-03T14:19:55+00:00\",\"description\":\"El Transportador de Perfiles Eliminator es ideal para sierras, l\\u00edneas de taladrado o punzonado, l\\u00edneas de remate de vigas, m\\u00e1quinas granalladoras, etc.\",\"breadcrumb\":{\"@id\":\"https:\/\/oceanmachinery.com\/es\/eliminator-transportador-de-perfiles\/#breadcrumb\"},\"inLanguage\":\"en-US\",\"potentialAction\":[{\"@type\":\"ReadAction\",\"target\":[\"https:\/\/oceanmachinery.com\/es\/eliminator-transportador-de-perfiles\/\"]}]},{\"@type\":\"BreadcrumbList\",\"@id\":\"https:\/\/oceanmachinery.com\/es\/eliminator-transportador-de-perfiles\/#breadcrumb\",\"itemListElement\":[{\"@type\":\"ListItem\",\"position\":1,\"item\":{\"@type\":\"WebPage\",\"@id\":\"https:\/\/oceanmachinery.com\/es\/\",\"url\":\"https:\/\/oceanmachinery.com\/es\/\",\"name\":\"Home\"}},{\"@type\":\"ListItem\",\"position\":2,\"item\":{\"@id\":\"https:\/\/oceanmachinery.com\/es\/eliminator-transportador-de-perfiles\/#webpage\"}}]}]}<\/script>\n<!-- \/ Yoast SEO plugin. -->","_links":{"self":[{"href":"https:\/\/oceanmachinery.com\/es\/wp-json\/wp\/v2\/pages\/8122"}],"collection":[{"href":"https:\/\/oceanmachinery.com\/es\/wp-json\/wp\/v2\/pages"}],"about":[{"href":"https:\/\/oceanmachinery.com\/es\/wp-json\/wp\/v2\/types\/page"}],"author":[{"embeddable":true,"href":"https:\/\/oceanmachinery.com\/es\/wp-json\/wp\/v2\/users\/1"}],"replies":[{"embeddable":true,"href":"https:\/\/oceanmachinery.com\/es\/wp-json\/wp\/v2\/comments?post=8122"}],"version-history":[{"count":4,"href":"https:\/\/oceanmachinery.com\/es\/wp-json\/wp\/v2\/pages\/8122\/revisions"}],"predecessor-version":[{"id":8360,"href":"https:\/\/oceanmachinery.com\/es\/wp-json\/wp\/v2\/pages\/8122\/revisions\/8360"}],"wp:featuredmedia":[{"embeddable":true,"href":"https:\/\/oceanmachinery.com\/es\/wp-json\/wp\/v2\/media\/2142"}],"wp:attachment":[{"href":"https:\/\/oceanmachinery.com\/es\/wp-json\/wp\/v2\/media?parent=8122"}],"curies":[{"name":"wp","href":"https:\/\/api.w.org\/{rel}","templated":true}]}}