{"id":8156,"date":"2021-04-27T10:25:55","date_gmt":"2021-04-27T10:25:55","guid":{"rendered":"https:\/\/oceanmachinery.com\/es\/?page_id=8156"},"modified":"2021-06-16T10:35:06","modified_gmt":"2021-06-16T10:35:06","slug":"ocean-avenger-cnc-drill-line-vs-ocean-avenger-plus-cnc-drill-line","status":"publish","type":"page","link":"https:\/\/oceanmachinery.com\/es\/ocean-avenger-cnc-drill-line-vs-ocean-avenger-plus-cnc-drill-line\/","title":{"rendered":"Ocean Avenger Cnc Drill Line vs Ocean Avenger Plus Cnc Drill Line"},"content":{"rendered":"<h2>\u00bfQu\u00e9 L\u00edneas de Taladro CNC Avenger es mejor para ti? Ocean Avenger VS Ocean Avenger PLUS<\/h2>\n<p>Si usted no est\u00e1 seguro cu\u00e1l l\u00ednea de perforaci\u00f3n Avenger debe adquirir, los siguientes puntos le har\u00e1n m\u00e1s f\u00e1cil la decisi\u00f3n.<\/p>\n<h2>Principios de Negocio Est\u00e1ndar<\/h2>\n<p><strong>S\u00ed, vendemos maquinar\u00edas, pero principalmente somos consultores, y nuestra misi\u00f3n es asegurar que usted sea exitoso y rentable, recomendar soluciones apropiadas que se acojan a sus necesidades y presupuesto. As\u00ed que todos nuestros consejos se basan en esta perspectiva.<\/strong><\/p>\n<ul class=\"choose_list\">\n<li>Su primera prioridad como due\u00f1o de negocio es invertir la MENOR cantidad de dinero para lograr el MAYOR retorno sobre su inversi\u00f3n. Si usted sigue este principio religiosamente, siempre ser\u00e1 rentable y su empresa crecer\u00e1.<\/li>\n<li>Observe lo que hace el 80% del tiempo. Nuestro consejo es adquirir una m\u00e1quina que satisfaga el 80% de lo que usted hace. Ignore los requerimientos inusuales que usted recibe de vez en cuando, ya que s\u00f3lo confunden la decisi\u00f3n.<\/li>\n<li>Sin embargo, siempre recuerde que muchas veces hay m\u00e1s margen en los inusuales y dif\u00edciles que se encuentran disponibles.<\/li>\n<li>Como due\u00f1o de negocio, usted siempre debe buscar separase de sus competidores.<\/li>\n<li>Pero nunca abarque m\u00e1s o ponga demasiadas exigencias sobre su compa\u00f1\u00eda, con demasiado gasto.<\/li>\n<li>As\u00ed que, con estos principios de negocio en mente, examinemos ambas l\u00edneas de perforaci\u00f3n<\/li>\n<\/ul>\n<p>&nbsp;<\/p>\n<div class=\"project_tools_img\">\n<div align=\"center\"><img loading=\"lazy\" width=\"318\" height=\"400\" class=\"size-full wp-image-1953 alignleft\" src=\"https:\/\/oceanmachinery.com\/es\/wp-content\/uploads\/2020\/09\/oa402.jpg\" alt=\"\" \/><\/div>\n<\/div>\n<div class=\"project_tools_contents\">\n<p><strong>Razones para adquirir el Ocean Avenger FORTY o THIRTY sobre el Avenger PLUS:<br \/>\n<\/strong><\/p>\n<ul class=\"choose_list\">\n<li>Con m\u00e1s de 700 Avengers en el mundo, su capacidad de ayudar a los fabricantes a hacerse exitosos nunca ha estado en duda.<\/li>\n<li>Si s\u00f3lo necesita perforar agujeros en acero, adquiera el Ocean Avenger. El Ocean Avenger est\u00e1ndar simplemente pondr\u00e1 esos agujeros en el acero m\u00e1s econ\u00f3micamente que ninguna otra m\u00e1quina en el mercado, y tambi\u00e9n colocar\u00e1 las marcas de todas las soldaduras. Esta m\u00e1quina le permitir\u00e1 hacerse el productor de bajo costo.<\/li>\n<li>Es la m\u00e1quina ideal para acero estructural regular, (hasta 400 toneladas al mes en un solo turno).<\/li>\n<li>Si usted no tiene acceso a operadores sofisticados, adquiera el Ocean Avenger. Es la m\u00e1s sencilla de operar de todas nuestras m\u00e1quinas, y no requiere de experiencia en computaci\u00f3n en CNC.<\/li>\n<li>Lea m\u00e1s sobre el\u00a0<a href=\"https:\/\/oceanmachinery.com\/es\/avenger-linea-de-taladro-cnc\/\">Avenger<\/a><\/li>\n<\/ul>\n<\/div>\n<div class=\"clearfix\"><\/div>\n<p>&nbsp;<\/p>\n<div class=\"project_tools_img\">\n<div align=\"center\"><img loading=\"lazy\" width=\"500\" height=\"386\" class=\"size-full wp-image-1951 alignleft\" style=\"text-align: -webkit-center;\" src=\"https:\/\/oceanmachinery.com\/es\/wp-content\/uploads\/2020\/09\/oa2.jpg\" alt=\"\" \/><\/div>\n<\/div>\n<div class=\"project_tools_contents\">\n<p><strong>Razones para adquirir la Ocean Avenger PLUS CNC Multifunction Drill Line por sobre el Avenger est\u00e1ndar:<\/strong><\/p>\n<ul class=\"choose_list\">\n<li style=\"list-style-type: none;\">\n<ul class=\"choose_list\">\n<li>El Avenger PLUS es una m\u00e1quina muy distinta al Avenger est\u00e1ndar. Es una m\u00e1quina sofisticada y compleja que puede hacer mucho m\u00e1s que el Avenger, pero es m\u00e1s costosa y requiere un tipo de operador distinto.<\/li>\n<li>Si usted requiere funcionalidad para fresar, marcar, ranurar, roscar, avellanar, etc., entonces debe considerar seriamente el Ocean Avenger Plus. Hay otras m\u00e1quinas en el mercado que dicen poder competir con el Avenger PLUS, pero incluso nuestros competidores aceptan que ninguna de sus m\u00e1quinas pueden competir frente al Avenger PLUS.<\/li>\n<li>Si usted actualmente est\u00e1 renunciando a aceptar trabajos, o tiene que sub-contratar trabajos que requieres la funcionalidad de esta maquina, entonces debe seriamente considerar el Avenger PLUS.<\/li>\n<li>Si usted sabe de trabajos en su mercado que podr\u00eda obtener si tuviera la capacidad de procesarlo, entonces considere el Avenger PLUS.<\/li>\n<li>Si es usted un taller general de trabajo, o un fabricante OEM, tomando variedad de trabajo, entonces el Avenger PLUS le permitir\u00e1 perseguir incluso un margen m\u00e1s diverso de trabajos.<\/li>\n<li>Lea m\u00e1s sobre el\u00a0<a href=\"https:\/\/oceanmachinery.com\/es\/avenger-plus-linea-de-taladro-cnc\/\">Avenger PLUS<\/a><\/li>\n<\/ul>\n<\/li>\n<\/ul>\n<\/div>\n<div class=\"clearfix\"><\/div>\n<table class=\"tab_cnt tablet\" border=\"0\" cellspacing=\"0\" cellpadding=\"0\">\n<tbody>\n<tr class=\"white_bg\">\n<td class=\"first_td\" width=\"253\"><strong>Produto<\/strong><\/td>\n<td class=\"detail_txt\" align=\"center\" width=\"193\"><img loading=\"lazy\" width=\"100\" height=\"126\" class=\"alignnone size-full wp-image-1952\" src=\"https:\/\/oceanmachinery.com\/es\/wp-content\/uploads\/2020\/09\/OA-40.jpg\" alt=\"\" \/><br \/>\n<strong>AVENGER (Forty ou Thirty)<\/strong><\/td>\n<td class=\"detail_txt\" align=\"center\" width=\"199\"><img loading=\"lazy\" width=\"160\" height=\"124\" class=\"alignnone size-full wp-image-1950\" src=\"https:\/\/oceanmachinery.com\/es\/wp-content\/uploads\/2020\/09\/OA.jpg\" alt=\"\" \/><br \/>\n<strong>Avenger PLUS<\/strong><\/td>\n<\/tr>\n<tr class=\"grey_clr\">\n<td class=\"first_td\">\n<table class=\"tab_cnt tablet\" border=\"0\" cellspacing=\"0\" cellpadding=\"0\">\n<tbody>\n<tr class=\"grey_clr\">\n<td class=\"first_td\">Perforar Agujeros<\/td>\n<\/tr>\n<\/tbody>\n<\/table>\n<\/td>\n<td class=\"detail_txt\" align=\"center\"><img class=\"aligncenter\" src=\"https:\/\/oceanmachinery.com\/es\/wp-content\/uploads\/2020\/09\/cnc-beam-drill-lines-for-steel-beams.png\" alt=\"cnc drill lines for structural steel\" \/><\/td>\n<td class=\"detail_txt\" align=\"center\"><img loading=\"lazy\" width=\"25\" height=\"26\" class=\"size-full wp-image-1949 aligncenter\" src=\"https:\/\/oceanmachinery.com\/es\/wp-content\/uploads\/2020\/09\/cnc-beam-drill-lines-for-steel-beams.png\" alt=\"\" \/><\/td>\n<\/tr>\n<tr class=\"white_bg\">\n<td class=\"first_td\">\n<table class=\"tab_cnt tablet\" border=\"0\" cellspacing=\"0\" cellpadding=\"0\">\n<tbody>\n<tr class=\"white_bg\">\n<td class=\"first_td\">Establecer marcas para soldaduras<\/td>\n<\/tr>\n<\/tbody>\n<\/table>\n<\/td>\n<td class=\"detail_txt\" align=\"center\"><img loading=\"lazy\" width=\"25\" height=\"26\" class=\"size-full wp-image-1949 aligncenter\" src=\"https:\/\/oceanmachinery.com\/es\/wp-content\/uploads\/2020\/09\/cnc-beam-drill-lines-for-steel-beams.png\" alt=\"\" \/><\/td>\n<td class=\"detail_txt\" align=\"center\"><img class=\"aligncenter\" src=\"https:\/\/oceanmachinery.com\/es\/wp-content\/uploads\/2020\/09\/cnc-beam-drill-lines-for-steel-beams.png\" alt=\"cnc drill lines for structural steel\" \/><\/td>\n<\/tr>\n<tr class=\"grey_clr\">\n<td class=\"first_td\">\n<table class=\"tab_cnt tablet\" border=\"0\" cellspacing=\"0\" cellpadding=\"0\">\n<tbody>\n<tr class=\"grey_clr\">\n<td class=\"first_td\">Perforar Agujeros con Puntas de Carburo<\/td>\n<\/tr>\n<\/tbody>\n<\/table>\n<\/td>\n<td class=\"detail_txt\"><\/td>\n<td class=\"detail_txt\" align=\"center\"><img loading=\"lazy\" width=\"25\" height=\"26\" class=\"size-full wp-image-1949 aligncenter\" src=\"https:\/\/oceanmachinery.com\/es\/wp-content\/uploads\/2020\/09\/cnc-beam-drill-lines-for-steel-beams.png\" alt=\"\" \/><\/td>\n<\/tr>\n<tr class=\"white_bg\">\n<td class=\"first_td\">\n<table class=\"tab_cnt tablet\" border=\"0\" cellspacing=\"0\" cellpadding=\"0\">\n<tbody>\n<tr class=\"white_bg\">\n<td class=\"first_td\">Marcar L\u00ednea de Disposici\u00f3n<\/td>\n<\/tr>\n<\/tbody>\n<\/table>\n<\/td>\n<td class=\"detail_txt\"><\/td>\n<td class=\"detail_txt\" align=\"center\"><img class=\"aligncenter\" src=\"https:\/\/oceanmachinery.com\/es\/wp-content\/uploads\/2020\/09\/cnc-beam-drill-lines-for-steel-beams.png\" alt=\"cnc drill lines for structural steel\" \/><\/td>\n<\/tr>\n<tr class=\"grey_clr\">\n<td class=\"first_td\">\n<table class=\"tab_cnt tablet\" border=\"0\" cellspacing=\"0\" cellpadding=\"0\">\n<tbody>\n<tr class=\"grey_clr\">\n<td class=\"first_td\">Marcar marcas de partes<\/td>\n<\/tr>\n<\/tbody>\n<\/table>\n<\/td>\n<td class=\"detail_txt\"><\/td>\n<td class=\"detail_txt\" align=\"center\"><img loading=\"lazy\" width=\"25\" height=\"26\" class=\"size-full wp-image-1949 aligncenter\" src=\"https:\/\/oceanmachinery.com\/es\/wp-content\/uploads\/2020\/09\/cnc-beam-drill-lines-for-steel-beams.png\" alt=\"\" \/><\/td>\n<\/tr>\n<tr class=\"white_bg\">\n<td class=\"first_td\">\n<table class=\"tab_cnt tablet\" border=\"0\" cellspacing=\"0\" cellpadding=\"0\">\n<tbody>\n<tr class=\"white_bg\">\n<td class=\"first_td\">Fresado de Superficie<\/td>\n<\/tr>\n<\/tbody>\n<\/table>\n<\/td>\n<td class=\"detail_txt\"><\/td>\n<td class=\"detail_txt\" align=\"center\"><img loading=\"lazy\" width=\"25\" height=\"26\" class=\"size-full wp-image-1949 aligncenter\" src=\"https:\/\/oceanmachinery.com\/es\/wp-content\/uploads\/2020\/09\/cnc-beam-drill-lines-for-steel-beams.png\" alt=\"\" \/><\/td>\n<\/tr>\n<tr class=\"grey_clr\">\n<td class=\"first_td\">\n<table class=\"tab_cnt tablet\" border=\"0\" cellspacing=\"0\" cellpadding=\"0\">\n<tbody>\n<tr class=\"grey_clr\">\n<td class=\"first_td\">Fresado de Ranuras y pases mec\u00e1nicos<\/td>\n<\/tr>\n<\/tbody>\n<\/table>\n<\/td>\n<td class=\"detail_txt\"><\/td>\n<td class=\"detail_txt\" align=\"center\"><img class=\"aligncenter\" src=\"https:\/\/oceanmachinery.com\/es\/wp-content\/uploads\/2020\/09\/cnc-beam-drill-lines-for-steel-beams.png\" alt=\"cnc drill lines for structural steel\" \/><\/td>\n<\/tr>\n<tr class=\"white_bg\">\n<td class=\"first_td\">\n<table class=\"tab_cnt tablet\" border=\"0\" cellspacing=\"0\" cellpadding=\"0\">\n<tbody>\n<tr class=\"white_bg\">\n<td class=\"first_td\">Avellanado\/Biselado de orificios<\/td>\n<\/tr>\n<\/tbody>\n<\/table>\n<\/td>\n<td class=\"detail_txt\"><\/td>\n<td class=\"detail_txt\" align=\"center\"><img loading=\"lazy\" width=\"25\" height=\"26\" class=\"size-full wp-image-1949 aligncenter\" src=\"https:\/\/oceanmachinery.com\/es\/wp-content\/uploads\/2020\/09\/cnc-beam-drill-lines-for-steel-beams.png\" alt=\"\" \/><\/td>\n<\/tr>\n<tr class=\"grey_clr\">\n<td class=\"first_td\">\n<table class=\"tab_cnt tablet\" border=\"0\" cellspacing=\"0\" cellpadding=\"0\">\n<tbody>\n<tr class=\"grey_clr\">\n<td class=\"first_td\">Contra-Avellanado<\/td>\n<\/tr>\n<\/tbody>\n<\/table>\n<\/td>\n<td class=\"detail_txt\"><\/td>\n<td class=\"detail_txt\" align=\"center\"><img loading=\"lazy\" width=\"25\" height=\"26\" class=\"size-full wp-image-1949 aligncenter\" src=\"https:\/\/oceanmachinery.com\/es\/wp-content\/uploads\/2020\/09\/cnc-beam-drill-lines-for-steel-beams.png\" alt=\"\" \/><\/td>\n<\/tr>\n<tr class=\"grey_clr\">\n<td class=\"first_td\">\n<table class=\"tab_cnt tablet\" border=\"0\" cellspacing=\"0\" cellpadding=\"0\">\n<tbody>\n<tr class=\"grey_clr\">\n<td class=\"first_td\">Perforaci\u00f3n de Flujo<\/td>\n<\/tr>\n<\/tbody>\n<\/table>\n<\/td>\n<td class=\"detail_txt\"><\/td>\n<td class=\"detail_txt\" align=\"center\"><img loading=\"lazy\" width=\"25\" height=\"26\" class=\"size-full wp-image-1949 aligncenter\" src=\"https:\/\/oceanmachinery.com\/es\/wp-content\/uploads\/2020\/09\/cnc-beam-drill-lines-for-steel-beams.png\" alt=\"\" \/><\/td>\n<\/tr>\n<\/tbody>\n<\/table>\n","protected":false},"excerpt":{"rendered":"<p>\u00bfQu\u00e9 L\u00edneas de Taladro CNC Avenger es mejor para ti? Ocean Avenger VS Ocean Avenger PLUS Si usted no est\u00e1 seguro cu\u00e1l l\u00ednea de perforaci\u00f3n Avenger debe adquirir, los siguientes puntos le har\u00e1n m\u00e1s f\u00e1cil la decisi\u00f3n. Principios de Negocio Est\u00e1ndar S\u00ed, vendemos maquinar\u00edas, pero principalmente somos consultores, y nuestra misi\u00f3n es asegurar que usted [&hellip;]<\/p>\n","protected":false},"author":1,"featured_media":0,"parent":0,"menu_order":0,"comment_status":"closed","ping_status":"closed","template":"","meta":{"_monsterinsights_skip_tracking":false,"_monsterinsights_sitenote_active":false,"_monsterinsights_sitenote_note":"","_monsterinsights_sitenote_category":0},"yoast_head":"<!-- This site is optimized with the Yoast SEO plugin v16.2 - https:\/\/yoast.com\/wordpress\/plugins\/seo\/ -->\n<meta name=\"description\" content=\"cnc beam drill lines, cnc drill line, drilling steel beams, drilling, cnc drilling machine, Ocean Avenger\" \/>\n<meta name=\"robots\" content=\"index, follow, max-snippet:-1, max-image-preview:large, max-video-preview:-1\" \/>\n<link rel=\"canonical\" href=\"https:\/\/oceanmachinery.com\/es\/ocean-avenger-cnc-drill-line-vs-ocean-avenger-plus-cnc-drill-line\/\" \/>\n<meta property=\"og:locale\" content=\"en_US\" \/>\n<meta property=\"og:type\" content=\"article\" \/>\n<meta property=\"og:title\" content=\"Differencias Entre Avenger y Avenger PLUS\" \/>\n<meta property=\"og:description\" content=\"cnc beam drill lines, cnc drill line, drilling steel beams, drilling, cnc drilling machine, Ocean Avenger\" \/>\n<meta property=\"og:url\" content=\"https:\/\/oceanmachinery.com\/es\/ocean-avenger-cnc-drill-line-vs-ocean-avenger-plus-cnc-drill-line\/\" \/>\n<meta property=\"og:site_name\" content=\"Ocean Machinery Inc.\" \/>\n<meta property=\"article:publisher\" content=\"https:\/\/www.facebook.com\/OceanMachinery\" \/>\n<meta property=\"article:modified_time\" content=\"2021-06-16T10:35:06+00:00\" \/>\n<meta property=\"og:image\" content=\"https:\/\/oceanmachinery.com\/es\/wp-content\/uploads\/2020\/09\/oa402.jpg\" \/>\n<meta name=\"twitter:card\" content=\"summary\" \/>\n<meta name=\"twitter:site\" content=\"@oceanmachinery\" \/>\n<meta name=\"twitter:label1\" content=\"Est. reading time\">\n\t<meta name=\"twitter:data1\" content=\"6 minutes\">\n<script type=\"application\/ld+json\" class=\"yoast-schema-graph\">{\"@context\":\"https:\/\/schema.org\",\"@graph\":[{\"@type\":\"Organization\",\"@id\":\"https:\/\/oceanmachinery.com\/es\/#organization\",\"name\":\"Ocean Machinery Inc.\",\"url\":\"https:\/\/oceanmachinery.com\/es\/\",\"sameAs\":[\"https:\/\/www.facebook.com\/OceanMachinery\",\"https:\/\/www.instagram.com\/oceanmachinery\/\",\"https:\/\/www.linkedin.com\/company\/ocean-machinery-inc\",\"https:\/\/www.youtube.com\/user\/oceanmachinery\",\"https:\/\/twitter.com\/oceanmachinery\"],\"logo\":{\"@type\":\"ImageObject\",\"@id\":\"https:\/\/oceanmachinery.com\/es\/#logo\",\"inLanguage\":\"en-US\",\"url\":\"https:\/\/oceanmachinery.com\/es\/wp-content\/uploads\/2022\/07\/site-icon-512.jpg\",\"contentUrl\":\"https:\/\/oceanmachinery.com\/es\/wp-content\/uploads\/2022\/07\/site-icon-512.jpg\",\"width\":512,\"height\":302,\"caption\":\"Ocean Machinery Inc.\"},\"image\":{\"@id\":\"https:\/\/oceanmachinery.com\/es\/#logo\"}},{\"@type\":\"WebSite\",\"@id\":\"https:\/\/oceanmachinery.com\/es\/#website\",\"url\":\"https:\/\/oceanmachinery.com\/es\/\",\"name\":\"Ocean Machinery Inc.\",\"description\":\"Negocio de servicio completo para fabricantes de acero\",\"publisher\":{\"@id\":\"https:\/\/oceanmachinery.com\/es\/#organization\"},\"potentialAction\":[{\"@type\":\"SearchAction\",\"target\":\"https:\/\/oceanmachinery.com\/es\/?s={search_term_string}\",\"query-input\":\"required name=search_term_string\"}],\"inLanguage\":\"en-US\"},{\"@type\":\"ImageObject\",\"@id\":\"https:\/\/oceanmachinery.com\/es\/ocean-avenger-cnc-drill-line-vs-ocean-avenger-plus-cnc-drill-line\/#primaryimage\",\"inLanguage\":\"en-US\",\"url\":\"https:\/\/oceanmachinery.com\/es\/wp-content\/uploads\/2020\/09\/oa402.jpg\",\"contentUrl\":\"https:\/\/oceanmachinery.com\/es\/wp-content\/uploads\/2020\/09\/oa402.jpg\",\"width\":318,\"height\":400},{\"@type\":\"WebPage\",\"@id\":\"https:\/\/oceanmachinery.com\/es\/ocean-avenger-cnc-drill-line-vs-ocean-avenger-plus-cnc-drill-line\/#webpage\",\"url\":\"https:\/\/oceanmachinery.com\/es\/ocean-avenger-cnc-drill-line-vs-ocean-avenger-plus-cnc-drill-line\/\",\"name\":\"Differencias Entre Avenger y Avenger PLUS\",\"isPartOf\":{\"@id\":\"https:\/\/oceanmachinery.com\/es\/#website\"},\"primaryImageOfPage\":{\"@id\":\"https:\/\/oceanmachinery.com\/es\/ocean-avenger-cnc-drill-line-vs-ocean-avenger-plus-cnc-drill-line\/#primaryimage\"},\"datePublished\":\"2021-04-27T10:25:55+00:00\",\"dateModified\":\"2021-06-16T10:35:06+00:00\",\"description\":\"cnc beam drill lines, cnc drill line, drilling steel beams, drilling, cnc drilling machine, Ocean Avenger\",\"breadcrumb\":{\"@id\":\"https:\/\/oceanmachinery.com\/es\/ocean-avenger-cnc-drill-line-vs-ocean-avenger-plus-cnc-drill-line\/#breadcrumb\"},\"inLanguage\":\"en-US\",\"potentialAction\":[{\"@type\":\"ReadAction\",\"target\":[\"https:\/\/oceanmachinery.com\/es\/ocean-avenger-cnc-drill-line-vs-ocean-avenger-plus-cnc-drill-line\/\"]}]},{\"@type\":\"BreadcrumbList\",\"@id\":\"https:\/\/oceanmachinery.com\/es\/ocean-avenger-cnc-drill-line-vs-ocean-avenger-plus-cnc-drill-line\/#breadcrumb\",\"itemListElement\":[{\"@type\":\"ListItem\",\"position\":1,\"item\":{\"@type\":\"WebPage\",\"@id\":\"https:\/\/oceanmachinery.com\/es\/\",\"url\":\"https:\/\/oceanmachinery.com\/es\/\",\"name\":\"Home\"}},{\"@type\":\"ListItem\",\"position\":2,\"item\":{\"@id\":\"https:\/\/oceanmachinery.com\/es\/ocean-avenger-cnc-drill-line-vs-ocean-avenger-plus-cnc-drill-line\/#webpage\"}}]}]}<\/script>\n<!-- \/ Yoast SEO plugin. -->","_links":{"self":[{"href":"https:\/\/oceanmachinery.com\/es\/wp-json\/wp\/v2\/pages\/8156"}],"collection":[{"href":"https:\/\/oceanmachinery.com\/es\/wp-json\/wp\/v2\/pages"}],"about":[{"href":"https:\/\/oceanmachinery.com\/es\/wp-json\/wp\/v2\/types\/page"}],"author":[{"embeddable":true,"href":"https:\/\/oceanmachinery.com\/es\/wp-json\/wp\/v2\/users\/1"}],"replies":[{"embeddable":true,"href":"https:\/\/oceanmachinery.com\/es\/wp-json\/wp\/v2\/comments?post=8156"}],"version-history":[{"count":29,"href":"https:\/\/oceanmachinery.com\/es\/wp-json\/wp\/v2\/pages\/8156\/revisions"}],"predecessor-version":[{"id":8520,"href":"https:\/\/oceanmachinery.com\/es\/wp-json\/wp\/v2\/pages\/8156\/revisions\/8520"}],"wp:attachment":[{"href":"https:\/\/oceanmachinery.com\/es\/wp-json\/wp\/v2\/media?parent=8156"}],"curies":[{"name":"wp","href":"https:\/\/api.w.org\/{rel}","templated":true}]}}