{"id":8181,"date":"2021-04-27T12:06:10","date_gmt":"2021-04-27T12:06:10","guid":{"rendered":"https:\/\/oceanmachinery.com\/es\/?page_id=8181"},"modified":"2023-02-03T14:13:00","modified_gmt":"2023-02-03T14:13:00","slug":"flipper-volteador-de-perfiles","status":"publish","type":"page","link":"https:\/\/oceanmachinery.com\/es\/flipper-volteador-de-perfiles\/","title":{"rendered":"Flipper Rotador de Haz"},"content":{"rendered":"<div class=\"plate_img\"><img loading=\"lazy\" width=\"298\" height=\"125\" class=\"alignnone size-full wp-image-2180\" src=\"https:\/\/oceanmachinery.com\/es\/wp-content\/uploads\/2020\/09\/plate_img-2.jpg\" alt=\"\" \/><\/div>\n<div class=\"normal_view_txt\">\n<h2>Girar, Voltear y Posicionar Vigas de la Manera F\u00e1cil<\/h2>\n<p>El Ocean Flipper Rotador de Haz es un componente sencillo y \u00fanico de manejo de materiales, que se dise\u00f1\u00f3 originalmente para acomodarse a las mesas de apoyo de materiales de la Ocean Avenger y otras l\u00edneas de perforaci\u00f3n de un s\u00f3lo husillo, u otras m\u00e1quinas de procesamiento de acero donde se requiere voltear y posicionar perfiles de acero.<\/p>\n<p>El Flipper Rotador de Haz reduce la demanda sobre gr\u00faas de riel superiores, dejando ese importante recurso libre para mover otros art\u00edculos mientras que el Flipper rota y gira las vigas en el Avenger.<\/p>\n<p>En una l\u00ednea de perforaci\u00f3n de un s\u00f3lo husillo, el Ocean Flipper puede rotar grandes y pesadas vigas y columnas, y posicionarlas en los bloques de datos de manera de poder perforar las distintas caras, (brida superior, brida inferior y red), sin la necesidad de una gr\u00faa de rieles superior u otro mecanismo de carga, y sin mano de obra adicional para asistir en el volteo y posicionamiento.<\/p>\n<p>A pesar de haber sido dise\u00f1ada para l\u00edneas de perforaci\u00f3n de un s\u00f3lo husillo, muchos Ocean Flippers se utilizan s\u00f3lo como un recurso de volteo de vigas para acelerar las mesas de soldado, donde se pierde mucho tiempo esperando que una gr\u00faa de rieles superior rote una viga.<\/p>\n<\/div>\n<p><a class=\"request_btn\" href=\"https:\/\/oceanmachinery.com\/es\/request-steel-fabricating-machinery-information\/\">SOLICITAR INFORMACI\u00d3N<\/a><\/p>\n","protected":false},"excerpt":{"rendered":"<p>Girar, Voltear y Posicionar Vigas de la Manera F\u00e1cil El Ocean Flipper Rotador de Haz es un componente sencillo y \u00fanico de manejo de materiales, que se dise\u00f1\u00f3 originalmente para acomodarse a las mesas de apoyo de materiales de la Ocean Avenger y otras l\u00edneas de perforaci\u00f3n de un s\u00f3lo husillo, u otras m\u00e1quinas de [&hellip;]<\/p>\n","protected":false},"author":1,"featured_media":2179,"parent":0,"menu_order":0,"comment_status":"closed","ping_status":"closed","template":"template-page-layout-two.php","meta":{"_monsterinsights_skip_tracking":false,"_monsterinsights_sitenote_active":false,"_monsterinsights_sitenote_note":"","_monsterinsights_sitenote_category":0},"yoast_head":"<!-- This site is optimized with the Yoast SEO plugin v16.2 - https:\/\/yoast.com\/wordpress\/plugins\/seo\/ -->\n<meta name=\"description\" content=\"El Ocean Flipper Rotador de Haz reduce la demanda de la gr\u00faa a\u00e9rea, lo que le permite mover otros elementos mientras el Flipper gira las vigas.\" \/>\n<meta name=\"robots\" content=\"index, follow, max-snippet:-1, max-image-preview:large, max-video-preview:-1\" \/>\n<link rel=\"canonical\" href=\"https:\/\/oceanmachinery.com\/es\/flipper-volteador-de-perfiles\/\" \/>\n<meta property=\"og:locale\" content=\"en_US\" \/>\n<meta property=\"og:type\" content=\"article\" \/>\n<meta property=\"og:title\" content=\"Ocean Flipper Rotador de Haz - Ocean Machinery Inc.\" \/>\n<meta property=\"og:description\" content=\"El Ocean Flipper Rotador de Haz reduce la demanda de la gr\u00faa a\u00e9rea, lo que le permite mover otros elementos mientras el Flipper gira las vigas.\" \/>\n<meta property=\"og:url\" content=\"https:\/\/oceanmachinery.com\/es\/flipper-volteador-de-perfiles\/\" \/>\n<meta property=\"og:site_name\" content=\"Ocean Machinery Inc.\" \/>\n<meta property=\"article:publisher\" content=\"https:\/\/www.facebook.com\/OceanMachinery\" \/>\n<meta property=\"article:modified_time\" content=\"2023-02-03T14:13:00+00:00\" \/>\n<meta property=\"og:image\" content=\"https:\/\/oceanmachinery.com\/es\/wp-content\/uploads\/2020\/09\/flipper-beam-rotator-column-positioner-001-2.jpg\" \/>\n\t<meta property=\"og:image:width\" content=\"554\" \/>\n\t<meta property=\"og:image:height\" content=\"566\" \/>\n<meta name=\"twitter:card\" content=\"summary\" \/>\n<meta name=\"twitter:site\" content=\"@oceanmachinery\" \/>\n<meta name=\"twitter:label1\" content=\"Est. reading time\">\n\t<meta name=\"twitter:data1\" content=\"2 minutes\">\n<script type=\"application\/ld+json\" class=\"yoast-schema-graph\">{\"@context\":\"https:\/\/schema.org\",\"@graph\":[{\"@type\":\"Organization\",\"@id\":\"https:\/\/oceanmachinery.com\/es\/#organization\",\"name\":\"Ocean Machinery Inc.\",\"url\":\"https:\/\/oceanmachinery.com\/es\/\",\"sameAs\":[\"https:\/\/www.facebook.com\/OceanMachinery\",\"https:\/\/www.instagram.com\/oceanmachinery\/\",\"https:\/\/www.linkedin.com\/company\/ocean-machinery-inc\",\"https:\/\/www.youtube.com\/user\/oceanmachinery\",\"https:\/\/twitter.com\/oceanmachinery\"],\"logo\":{\"@type\":\"ImageObject\",\"@id\":\"https:\/\/oceanmachinery.com\/es\/#logo\",\"inLanguage\":\"en-US\",\"url\":\"https:\/\/oceanmachinery.com\/es\/wp-content\/uploads\/2022\/07\/site-icon-512.jpg\",\"contentUrl\":\"https:\/\/oceanmachinery.com\/es\/wp-content\/uploads\/2022\/07\/site-icon-512.jpg\",\"width\":512,\"height\":302,\"caption\":\"Ocean Machinery Inc.\"},\"image\":{\"@id\":\"https:\/\/oceanmachinery.com\/es\/#logo\"}},{\"@type\":\"WebSite\",\"@id\":\"https:\/\/oceanmachinery.com\/es\/#website\",\"url\":\"https:\/\/oceanmachinery.com\/es\/\",\"name\":\"Ocean Machinery Inc.\",\"description\":\"Negocio de servicio completo para fabricantes de acero\",\"publisher\":{\"@id\":\"https:\/\/oceanmachinery.com\/es\/#organization\"},\"potentialAction\":[{\"@type\":\"SearchAction\",\"target\":\"https:\/\/oceanmachinery.com\/es\/?s={search_term_string}\",\"query-input\":\"required name=search_term_string\"}],\"inLanguage\":\"en-US\"},{\"@type\":\"ImageObject\",\"@id\":\"https:\/\/oceanmachinery.com\/es\/flipper-volteador-de-perfiles\/#primaryimage\",\"inLanguage\":\"en-US\",\"url\":\"https:\/\/oceanmachinery.com\/es\/wp-content\/uploads\/2020\/09\/flipper-beam-rotator-column-positioner-001-2.jpg\",\"contentUrl\":\"https:\/\/oceanmachinery.com\/es\/wp-content\/uploads\/2020\/09\/flipper-beam-rotator-column-positioner-001-2.jpg\",\"width\":554,\"height\":566},{\"@type\":\"WebPage\",\"@id\":\"https:\/\/oceanmachinery.com\/es\/flipper-volteador-de-perfiles\/#webpage\",\"url\":\"https:\/\/oceanmachinery.com\/es\/flipper-volteador-de-perfiles\/\",\"name\":\"Ocean Flipper Rotador de Haz - Ocean Machinery Inc.\",\"isPartOf\":{\"@id\":\"https:\/\/oceanmachinery.com\/es\/#website\"},\"primaryImageOfPage\":{\"@id\":\"https:\/\/oceanmachinery.com\/es\/flipper-volteador-de-perfiles\/#primaryimage\"},\"datePublished\":\"2021-04-27T12:06:10+00:00\",\"dateModified\":\"2023-02-03T14:13:00+00:00\",\"description\":\"El Ocean Flipper Rotador de Haz reduce la demanda de la gr\\u00faa a\\u00e9rea, lo que le permite mover otros elementos mientras el Flipper gira las vigas.\",\"breadcrumb\":{\"@id\":\"https:\/\/oceanmachinery.com\/es\/flipper-volteador-de-perfiles\/#breadcrumb\"},\"inLanguage\":\"en-US\",\"potentialAction\":[{\"@type\":\"ReadAction\",\"target\":[\"https:\/\/oceanmachinery.com\/es\/flipper-volteador-de-perfiles\/\"]}]},{\"@type\":\"BreadcrumbList\",\"@id\":\"https:\/\/oceanmachinery.com\/es\/flipper-volteador-de-perfiles\/#breadcrumb\",\"itemListElement\":[{\"@type\":\"ListItem\",\"position\":1,\"item\":{\"@type\":\"WebPage\",\"@id\":\"https:\/\/oceanmachinery.com\/es\/\",\"url\":\"https:\/\/oceanmachinery.com\/es\/\",\"name\":\"Home\"}},{\"@type\":\"ListItem\",\"position\":2,\"item\":{\"@id\":\"https:\/\/oceanmachinery.com\/es\/flipper-volteador-de-perfiles\/#webpage\"}}]}]}<\/script>\n<!-- \/ Yoast SEO plugin. -->","_links":{"self":[{"href":"https:\/\/oceanmachinery.com\/es\/wp-json\/wp\/v2\/pages\/8181"}],"collection":[{"href":"https:\/\/oceanmachinery.com\/es\/wp-json\/wp\/v2\/pages"}],"about":[{"href":"https:\/\/oceanmachinery.com\/es\/wp-json\/wp\/v2\/types\/page"}],"author":[{"embeddable":true,"href":"https:\/\/oceanmachinery.com\/es\/wp-json\/wp\/v2\/users\/1"}],"replies":[{"embeddable":true,"href":"https:\/\/oceanmachinery.com\/es\/wp-json\/wp\/v2\/comments?post=8181"}],"version-history":[{"count":5,"href":"https:\/\/oceanmachinery.com\/es\/wp-json\/wp\/v2\/pages\/8181\/revisions"}],"predecessor-version":[{"id":8575,"href":"https:\/\/oceanmachinery.com\/es\/wp-json\/wp\/v2\/pages\/8181\/revisions\/8575"}],"wp:featuredmedia":[{"embeddable":true,"href":"https:\/\/oceanmachinery.com\/es\/wp-json\/wp\/v2\/media\/2179"}],"wp:attachment":[{"href":"https:\/\/oceanmachinery.com\/es\/wp-json\/wp\/v2\/media?parent=8181"}],"curies":[{"name":"wp","href":"https:\/\/api.w.org\/{rel}","templated":true}]}}