{"id":8188,"date":"2021-04-27T12:13:13","date_gmt":"2021-04-27T12:13:13","guid":{"rendered":"https:\/\/oceanmachinery.com\/es\/?page_id=8188"},"modified":"2021-05-05T11:50:58","modified_gmt":"2021-05-05T11:50:58","slug":"repuestos-y-servicio","status":"publish","type":"page","link":"https:\/\/oceanmachinery.com\/es\/repuestos-y-servicio\/","title":{"rendered":"Repuestos Y Servicio"},"content":{"rendered":"<h3>OCEAN MACHINERY\u00a0REPUESTOS Y SERVICIO<\/h3>\n<div class=\"inner_content_full\">\n<div class=\"padding\">\n<h3>T\u00e9cnicos de Servicio, Reparaci\u00f3n de Maquinarias y Asistencia T\u00e9cnica<\/h3>\n<img loading=\"lazy\" width=\"275\" height=\"183\" class=\"size-full wp-image-6702 alignleft\" src=\"https:\/\/oceanmachinery.com\/es\/wp-content\/uploads\/2021\/03\/ocean-shot-blast-machine-0018.jpg\" alt=\"\" \/>\n<div class=\"clearfix d-md-none d-lg-none d-xl-none\"><\/div>\n<p>Todos los productos Ocean son dise\u00f1ados y creados por Ocean Machinery y sus socios, quienes est\u00e1n dentro de los m\u00e1s importantes fabricantes de maquinarias en el mundo, como Peddinghaus, HydMech, Agtos, Steel Storage Systems, entre otros.<\/p>\n<p>Con m\u00e1s de 1.000 instalaciones alrededor del mundo, hemos aprendido como ofrecer y garantizar el mejor servicio y apoyo. Podemos enviar partes, generalmente, en 24 horas.<\/p>\n<div class=\"clearfix\"><\/div>\n<p><strong>El Servicio y apoyo para productos Ocean var\u00eda dependiendo del producto:<\/strong><\/p>\n<table class=\"tab_cnt\" border=\"0\" cellspacing=\"0\" cellpadding=\"0\">\n<tbody>\n<tr class=\"white_bg\">\n<td class=\"first_td\" width=\"525\"><strong>Producto<\/strong><\/td>\n<td class=\"detail_txt\" width=\"166\"><strong>Servicio y Asistencia por<\/strong><\/td>\n<td class=\"detail_txt\" width=\"441\"><strong>N\u00fameros de Contacto (EEUU)<\/strong><\/td>\n<\/tr>\n<tr class=\"grey_clr\">\n<td class=\"first_td\">Ocean Avenger L\u00ednea de Taladro CNC<\/td>\n<td class=\"detail_txt\">Peddinghaus<\/td>\n<td class=\"detail_txt\">(800) 786-2448 | (800) PUNCH IT &#8212; precione ext 2 para Servicio<\/td>\n<\/tr>\n<tr class=\"white_bg\">\n<td class=\"first_td\">Ocean Avenger PLUS L\u00ednea de Taladro CNC<\/td>\n<td class=\"detail_txt\">Peddinghaus<\/td>\n<td class=\"detail_txt\">(800) 786-2448 | (800) PUNCH IT &#8212; precione ext 2 para Servicio<\/td>\n<\/tr>\n<tr class=\"grey_clr\">\n<td class=\"first_td\">Ocean Clipper L\u00ednea CNC Para Procesar \u00c1ngulos<\/td>\n<td class=\"detail_txt\">Peddinghaus<\/td>\n<td class=\"detail_txt\">(800) 786-2448 | (800) PUNCH IT &#8212; precione ext 2 para Servicio<\/td>\n<\/tr>\n<tr class=\"white_bg\">\n<td class=\"first_td\">Ocean Liberator L\u00ednea de Oxicorte CNC<\/td>\n<td class=\"detail_txt\">Peddinghaus<\/td>\n<td class=\"detail_txt\">(800) 786-2448 | (800) PUNCH IT &#8212; precione ext 2 para Servicio<\/td>\n<\/tr>\n<tr class=\"grey_clr\">\n<td class=\"first_td\">Ocean Terminator Sierras de Cinta<\/td>\n<td class=\"detail_txt\">Selling Dealer \/ Ocean<\/td>\n<td class=\"detail_txt\">(800) 286-3624 | 1 (954) 956-3131<\/td>\n<\/tr>\n<tr class=\"white_bg\">\n<td class=\"first_td\">Ocean Flipper Volteador de Perfiles<\/td>\n<td class=\"detail_txt\">Ocean<\/td>\n<td class=\"detail_txt\">(800) 286-3624 | 1 (954) 956-3131<\/td>\n<\/tr>\n<tr class=\"grey_clr\">\n<td class=\"first_td\">Ocean Blaster Granalladora Autom\u00e1tica<\/td>\n<td class=\"detail_txt\">Ocean<\/td>\n<td class=\"detail_txt\">(800) 286-3624 | 1 (954) 956-3131<\/td>\n<\/tr>\n<tr class=\"white_bg\">\n<td class=\"first_td\">Ocean Eliminator Transportador de Perfiles<\/td>\n<td class=\"detail_txt\">Ocean<\/td>\n<td class=\"detail_txt\">(800) 286-3624 | 1 (954) 956-3131<\/td>\n<\/tr>\n<tr class=\"grey_clr\">\n<td class=\"first_td\">Ocean Rejuvenator Afilador<\/td>\n<td class=\"detail_txt\">Rush \/ Ocean<\/td>\n<td class=\"detail_txt\">(800) 286-3624 | 1 (954) 956-3131<\/td>\n<\/tr>\n<\/tbody>\n<\/table>\n<p>&nbsp;<\/p>\n<p>Ocean Machinery tambi\u00e9n ofrece t\u00e9cnicos de servicio con gran entrenamiento y habilidades que est\u00e1n disponibles para ayudarle en un aprieto. Pueden viajar dentro y fuera del estado, de ser necesario.<\/p>\n<p>Ocean Machinery provee inigualable servicio post-venta en todas las maquinarias que vendemos, por supuesto, pero tambi\u00e9n ofrecemos servicio para las marcas que representamos, incluso si usted las compr\u00f3 en otro lugar.<\/p>\n<p>Tambi\u00e9n podemos brindar servicio a la mayor\u00eda de las marcas de fabricaci\u00f3n, soldadura y m\u00e1quinas de CNC. Ll\u00e1menlos si necesita ayuda con reparaciones y repuestos, o incluso si s\u00f3lo desea alg\u00fan consejo.<\/p>\n<p>Llame a Ocean Machinery al 1 800 286 2624 para ordenar nuestro servicio de reparaci\u00f3n y mantenimiento.<\/p>\n<img loading=\"lazy\" width=\"554\" height=\"371\" class=\"size-full wp-image-6700 alignright\" src=\"https:\/\/oceanmachinery.com\/es\/wp-content\/uploads\/2021\/03\/ocean-machinery-showroom-grand-opening.jpg\" alt=\"\" \/>\n<div class=\"clearfix d-md-none d-lg-none d-xl-none\"><\/div>\n<table border=\"0\" cellspacing=\"0\" cellpadding=\"0\">\n<tbody>\n<tr class=\"white_bg\">\n<td class=\"bullet2\" valign=\"top\" width=\"399\">\n<ul class=\"choose_list\">\n<li>Reparaci\u00f3n de Maquinarias<\/li>\n<li>Mantenimiento de Maquinarias<\/li>\n<li>Estudios de Sitio y Dise\u00f1o de Nuevas Plantas<\/li>\n<li>Remodelaciones de Planta<\/li>\n<li>Recomendaciones de Nuevos Equipos<\/li>\n<li>Mejoramiento de Productividad y Ahorros de Costos<\/li>\n<li>Consultas<\/li>\n<li>Apreciaci\u00f3n de Maquinarias y Equipos<\/li>\n<li>B\u00fasqueda y Procura de Equipos Usados<\/li>\n<li>Representaci\u00f3n en Subastas<\/li>\n<li>Liquidaciones<\/li>\n<li>Servicio post-venta de Maquinarias y Equipos<\/li>\n<li>Partes y Repuestos<\/li>\n<\/ul>\n<\/td>\n<\/tr>\n<\/tbody>\n<\/table>\n<\/div>\n<\/div>\n<div class=\"inner_content_full\"><\/div>\n","protected":false},"excerpt":{"rendered":"<p>OCEAN MACHINERY\u00a0REPUESTOS Y SERVICIO T\u00e9cnicos de Servicio, Reparaci\u00f3n de Maquinarias y Asistencia T\u00e9cnica Todos los productos Ocean son dise\u00f1ados y creados por Ocean Machinery y sus socios, quienes est\u00e1n dentro de los m\u00e1s importantes fabricantes de maquinarias en el mundo, como Peddinghaus, HydMech, Agtos, Steel Storage Systems, entre otros. Con m\u00e1s de 1.000 instalaciones alrededor [&hellip;]<\/p>\n","protected":false},"author":1,"featured_media":0,"parent":0,"menu_order":0,"comment_status":"closed","ping_status":"closed","template":"","meta":{"_monsterinsights_skip_tracking":false,"_monsterinsights_sitenote_active":false,"_monsterinsights_sitenote_note":"","_monsterinsights_sitenote_category":0},"yoast_head":"<!-- This site is optimized with the Yoast SEO plugin v16.2 - https:\/\/yoast.com\/wordpress\/plugins\/seo\/ -->\n<meta name=\"description\" content=\"Finance machinery, financing steel fab equipment, lease machines, leasing cnc beam line, leasing large steel fabricating machines, machinery finance options\" \/>\n<meta name=\"robots\" content=\"index, follow, max-snippet:-1, max-image-preview:large, max-video-preview:-1\" \/>\n<link rel=\"canonical\" href=\"https:\/\/oceanmachinery.com\/es\/repuestos-y-servicio\/\" \/>\n<meta property=\"og:locale\" content=\"en_US\" \/>\n<meta property=\"og:type\" content=\"article\" \/>\n<meta property=\"og:title\" content=\"T\u00e9cnicos de Servicio, Reparaci\u00f3n de Maquinarias y Asistencia T\u00e9cnica\" \/>\n<meta property=\"og:description\" content=\"Finance machinery, financing steel fab equipment, lease machines, leasing cnc beam line, leasing large steel fabricating machines, machinery finance options\" \/>\n<meta property=\"og:url\" content=\"https:\/\/oceanmachinery.com\/es\/repuestos-y-servicio\/\" \/>\n<meta property=\"og:site_name\" content=\"Ocean Machinery Inc.\" \/>\n<meta property=\"article:publisher\" content=\"https:\/\/www.facebook.com\/OceanMachinery\" \/>\n<meta property=\"article:modified_time\" content=\"2021-05-05T11:50:58+00:00\" \/>\n<meta property=\"og:image\" content=\"https:\/\/oceanmachinery.com\/es\/wp-content\/uploads\/2021\/03\/ocean-shot-blast-machine-0018.jpg\" \/>\n<meta name=\"twitter:card\" content=\"summary\" \/>\n<meta name=\"twitter:site\" content=\"@oceanmachinery\" \/>\n<meta name=\"twitter:label1\" content=\"Est. reading time\">\n\t<meta name=\"twitter:data1\" content=\"3 minutes\">\n<script type=\"application\/ld+json\" class=\"yoast-schema-graph\">{\"@context\":\"https:\/\/schema.org\",\"@graph\":[{\"@type\":\"Organization\",\"@id\":\"https:\/\/oceanmachinery.com\/es\/#organization\",\"name\":\"Ocean Machinery Inc.\",\"url\":\"https:\/\/oceanmachinery.com\/es\/\",\"sameAs\":[\"https:\/\/www.facebook.com\/OceanMachinery\",\"https:\/\/www.instagram.com\/oceanmachinery\/\",\"https:\/\/www.linkedin.com\/company\/ocean-machinery-inc\",\"https:\/\/www.youtube.com\/user\/oceanmachinery\",\"https:\/\/twitter.com\/oceanmachinery\"],\"logo\":{\"@type\":\"ImageObject\",\"@id\":\"https:\/\/oceanmachinery.com\/es\/#logo\",\"inLanguage\":\"en-US\",\"url\":\"https:\/\/oceanmachinery.com\/es\/wp-content\/uploads\/2022\/07\/site-icon-512.jpg\",\"contentUrl\":\"https:\/\/oceanmachinery.com\/es\/wp-content\/uploads\/2022\/07\/site-icon-512.jpg\",\"width\":512,\"height\":302,\"caption\":\"Ocean Machinery Inc.\"},\"image\":{\"@id\":\"https:\/\/oceanmachinery.com\/es\/#logo\"}},{\"@type\":\"WebSite\",\"@id\":\"https:\/\/oceanmachinery.com\/es\/#website\",\"url\":\"https:\/\/oceanmachinery.com\/es\/\",\"name\":\"Ocean Machinery Inc.\",\"description\":\"Negocio de servicio completo para fabricantes de acero\",\"publisher\":{\"@id\":\"https:\/\/oceanmachinery.com\/es\/#organization\"},\"potentialAction\":[{\"@type\":\"SearchAction\",\"target\":\"https:\/\/oceanmachinery.com\/es\/?s={search_term_string}\",\"query-input\":\"required name=search_term_string\"}],\"inLanguage\":\"en-US\"},{\"@type\":\"ImageObject\",\"@id\":\"https:\/\/oceanmachinery.com\/es\/repuestos-y-servicio\/#primaryimage\",\"inLanguage\":\"en-US\",\"url\":\"https:\/\/oceanmachinery.com\/es\/wp-content\/uploads\/2021\/03\/ocean-shot-blast-machine-0018.jpg\",\"contentUrl\":\"https:\/\/oceanmachinery.com\/es\/wp-content\/uploads\/2021\/03\/ocean-shot-blast-machine-0018.jpg\",\"width\":275,\"height\":183},{\"@type\":\"WebPage\",\"@id\":\"https:\/\/oceanmachinery.com\/es\/repuestos-y-servicio\/#webpage\",\"url\":\"https:\/\/oceanmachinery.com\/es\/repuestos-y-servicio\/\",\"name\":\"T\\u00e9cnicos de Servicio, Reparaci\\u00f3n de Maquinarias y Asistencia T\\u00e9cnica\",\"isPartOf\":{\"@id\":\"https:\/\/oceanmachinery.com\/es\/#website\"},\"primaryImageOfPage\":{\"@id\":\"https:\/\/oceanmachinery.com\/es\/repuestos-y-servicio\/#primaryimage\"},\"datePublished\":\"2021-04-27T12:13:13+00:00\",\"dateModified\":\"2021-05-05T11:50:58+00:00\",\"description\":\"Finance machinery, financing steel fab equipment, lease machines, leasing cnc beam line, leasing large steel fabricating machines, machinery finance options\",\"breadcrumb\":{\"@id\":\"https:\/\/oceanmachinery.com\/es\/repuestos-y-servicio\/#breadcrumb\"},\"inLanguage\":\"en-US\",\"potentialAction\":[{\"@type\":\"ReadAction\",\"target\":[\"https:\/\/oceanmachinery.com\/es\/repuestos-y-servicio\/\"]}]},{\"@type\":\"BreadcrumbList\",\"@id\":\"https:\/\/oceanmachinery.com\/es\/repuestos-y-servicio\/#breadcrumb\",\"itemListElement\":[{\"@type\":\"ListItem\",\"position\":1,\"item\":{\"@type\":\"WebPage\",\"@id\":\"https:\/\/oceanmachinery.com\/es\/\",\"url\":\"https:\/\/oceanmachinery.com\/es\/\",\"name\":\"Home\"}},{\"@type\":\"ListItem\",\"position\":2,\"item\":{\"@id\":\"https:\/\/oceanmachinery.com\/es\/repuestos-y-servicio\/#webpage\"}}]}]}<\/script>\n<!-- \/ Yoast SEO plugin. -->","_links":{"self":[{"href":"https:\/\/oceanmachinery.com\/es\/wp-json\/wp\/v2\/pages\/8188"}],"collection":[{"href":"https:\/\/oceanmachinery.com\/es\/wp-json\/wp\/v2\/pages"}],"about":[{"href":"https:\/\/oceanmachinery.com\/es\/wp-json\/wp\/v2\/types\/page"}],"author":[{"embeddable":true,"href":"https:\/\/oceanmachinery.com\/es\/wp-json\/wp\/v2\/users\/1"}],"replies":[{"embeddable":true,"href":"https:\/\/oceanmachinery.com\/es\/wp-json\/wp\/v2\/comments?post=8188"}],"version-history":[{"count":11,"href":"https:\/\/oceanmachinery.com\/es\/wp-json\/wp\/v2\/pages\/8188\/revisions"}],"predecessor-version":[{"id":8461,"href":"https:\/\/oceanmachinery.com\/es\/wp-json\/wp\/v2\/pages\/8188\/revisions\/8461"}],"wp:attachment":[{"href":"https:\/\/oceanmachinery.com\/es\/wp-json\/wp\/v2\/media?parent=8188"}],"curies":[{"name":"wp","href":"https:\/\/api.w.org\/{rel}","templated":true}]}}