{"id":8198,"date":"2021-04-27T12:27:50","date_gmt":"2021-04-27T12:27:50","guid":{"rendered":"https:\/\/oceanmachinery.com\/es\/?page_id=8198"},"modified":"2021-05-05T11:23:57","modified_gmt":"2021-05-05T11:23:57","slug":"financiamiento","status":"publish","type":"page","link":"https:\/\/oceanmachinery.com\/es\/financiamiento\/","title":{"rendered":"OCEAN MACHINERY FINANCIAMIENTO"},"content":{"rendered":"<p>&nbsp;<\/p>\n<h3>Opciones de Financiamientos y Arrengamientos para su compra de Ocean Machinery<\/h3>\n<p>Nuestro cliente t\u00edpico entra dentro de dos categor\u00eda principales:<\/p>\n<img loading=\"lazy\" width=\"350\" height=\"263\" class=\"size-full wp-image-6673 alignright\" src=\"https:\/\/oceanmachinery.com\/es\/wp-content\/uploads\/2021\/03\/cnc-angle-clipper.jpg\" alt=\"\" \/>\n<p>&nbsp;<\/p>\n<div class=\"clearfix d-md-none d-lg-none d-xl-none\"><\/div>\n<ul class=\"choose_list\">\n<li><strong>Aquellos que prefieren pagar de contado<\/strong><\/li>\n<li><strong>Aquellos que alquilan la maquinaria a trav\u00e9s de una de nuestras empresas asociadas de financiamiento<\/strong><\/li>\n<\/ul>\n<p>Estaremos felices de trabajar con usted independientemente de la opci\u00f3n de pago que usted prefiera.<\/p>\n<p>Ofrecemos opciones de arrendamiento de maquinarias con tasas muy atractivas a trav\u00e9s de nuestras empresas de financiamiento. Trabajar con esas empresas es la manera m\u00e1s r\u00e1pida de obtener la aprobaci\u00f3n, ya que conocen nuestros productos muy bi\u00e9n y tambi\u00e9n est\u00e1n familiarizados con la industria de fabricaci\u00f3n de acero. Esto les permite buscar las mejores tasas para su negocio.<\/p>\n<p>Como nuestro valioso cliente, sus requerimientos de financiamiento son muy importantes para nosotros. Ocean Machinery cuenta con tasas de financiamiento y arrendamiento competitivas, al igual que duraciones variables.<\/p>\n<h3>HACEMOS DEL ALQUILER DE MAQUINARIAS DE FABRICACI\u00d3N ALGO SENCILLO<\/h3>\n<p>Para nuestros clientes en Estados Unidos, en la mayor\u00eda de los casos, podemos tener su solicitud de financiamiento de maquinarias lista en 24 horas. Para las solicitudes de financiamiento menores a $250.000,00, los clientes con buen historial financiero s\u00f3lo deben llenar una forma de aplicaci\u00f3n de financiamiento de una p\u00e1gina.<\/p>\n<h3>PER\u00cdODOS DE PAGO VARIABLES<\/h3>\n<p>Ocean Machinery ofrece financiamiento para todos los per\u00edodos de financiamiento tradicionales: 12, 24, 36, 48, 60, 72, y 84 meses. Sin embargo, algunos de los programas tradicionales, quiz\u00e1 no cumplan con las necesidades de su negocio, entonces, Ocean Machinery dise\u00f1ar\u00e1 un esquema de financiamiento especial para sus requerimientos. Podemos ofrecer una gran variedad de programas de financiamiento, como Pagos Diferidos, Saltos de Pago, o Pagos por Pasos, (pagos menores para per\u00edodo inicial). Estaremos m\u00e1s que felices de dise\u00f1ar su esquema de financiamiento.<\/p>\n","protected":false},"excerpt":{"rendered":"<p>&nbsp; Opciones de Financiamientos y Arrengamientos para su compra de Ocean Machinery Nuestro cliente t\u00edpico entra dentro de dos categor\u00eda principales: &nbsp; Aquellos que prefieren pagar de contado Aquellos que alquilan la maquinaria a trav\u00e9s de una de nuestras empresas asociadas de financiamiento Estaremos felices de trabajar con usted independientemente de la opci\u00f3n de pago [&hellip;]<\/p>\n","protected":false},"author":1,"featured_media":0,"parent":0,"menu_order":0,"comment_status":"closed","ping_status":"closed","template":"","meta":{"_monsterinsights_skip_tracking":false,"_monsterinsights_sitenote_active":false,"_monsterinsights_sitenote_note":"","_monsterinsights_sitenote_category":0},"yoast_head":"<!-- This site is optimized with the Yoast SEO plugin v16.2 - https:\/\/yoast.com\/wordpress\/plugins\/seo\/ -->\n<meta name=\"description\" content=\"Finance machinery, financing steel fab equipment, lease machines, leasing cnc beam line, leasing large steel fabricating machines, machinery finance options\" \/>\n<meta name=\"robots\" content=\"index, follow, max-snippet:-1, max-image-preview:large, max-video-preview:-1\" \/>\n<link rel=\"canonical\" href=\"https:\/\/oceanmachinery.com\/es\/financiamiento\/\" \/>\n<meta property=\"og:locale\" content=\"en_US\" \/>\n<meta property=\"og:type\" content=\"article\" \/>\n<meta property=\"og:title\" content=\"Ocean Machinery Inc. - Financiemiento\" \/>\n<meta property=\"og:description\" content=\"Finance machinery, financing steel fab equipment, lease machines, leasing cnc beam line, leasing large steel fabricating machines, machinery finance options\" \/>\n<meta property=\"og:url\" content=\"https:\/\/oceanmachinery.com\/es\/financiamiento\/\" \/>\n<meta property=\"og:site_name\" content=\"Ocean Machinery Inc.\" \/>\n<meta property=\"article:publisher\" content=\"https:\/\/www.facebook.com\/OceanMachinery\" \/>\n<meta property=\"article:modified_time\" content=\"2021-05-05T11:23:57+00:00\" \/>\n<meta property=\"og:image\" content=\"https:\/\/oceanmachinery.com\/es\/wp-content\/uploads\/2021\/03\/cnc-angle-clipper.jpg\" \/>\n<meta name=\"twitter:card\" content=\"summary\" \/>\n<meta name=\"twitter:site\" content=\"@oceanmachinery\" \/>\n<meta name=\"twitter:label1\" content=\"Est. reading time\">\n\t<meta name=\"twitter:data1\" content=\"2 minutes\">\n<script type=\"application\/ld+json\" class=\"yoast-schema-graph\">{\"@context\":\"https:\/\/schema.org\",\"@graph\":[{\"@type\":\"Organization\",\"@id\":\"https:\/\/oceanmachinery.com\/es\/#organization\",\"name\":\"Ocean Machinery Inc.\",\"url\":\"https:\/\/oceanmachinery.com\/es\/\",\"sameAs\":[\"https:\/\/www.facebook.com\/OceanMachinery\",\"https:\/\/www.instagram.com\/oceanmachinery\/\",\"https:\/\/www.linkedin.com\/company\/ocean-machinery-inc\",\"https:\/\/www.youtube.com\/user\/oceanmachinery\",\"https:\/\/twitter.com\/oceanmachinery\"],\"logo\":{\"@type\":\"ImageObject\",\"@id\":\"https:\/\/oceanmachinery.com\/es\/#logo\",\"inLanguage\":\"en-US\",\"url\":\"https:\/\/oceanmachinery.com\/es\/wp-content\/uploads\/2022\/07\/site-icon-512.jpg\",\"contentUrl\":\"https:\/\/oceanmachinery.com\/es\/wp-content\/uploads\/2022\/07\/site-icon-512.jpg\",\"width\":512,\"height\":302,\"caption\":\"Ocean Machinery Inc.\"},\"image\":{\"@id\":\"https:\/\/oceanmachinery.com\/es\/#logo\"}},{\"@type\":\"WebSite\",\"@id\":\"https:\/\/oceanmachinery.com\/es\/#website\",\"url\":\"https:\/\/oceanmachinery.com\/es\/\",\"name\":\"Ocean Machinery Inc.\",\"description\":\"Negocio de servicio completo para fabricantes de acero\",\"publisher\":{\"@id\":\"https:\/\/oceanmachinery.com\/es\/#organization\"},\"potentialAction\":[{\"@type\":\"SearchAction\",\"target\":\"https:\/\/oceanmachinery.com\/es\/?s={search_term_string}\",\"query-input\":\"required name=search_term_string\"}],\"inLanguage\":\"en-US\"},{\"@type\":\"ImageObject\",\"@id\":\"https:\/\/oceanmachinery.com\/es\/financiamiento\/#primaryimage\",\"inLanguage\":\"en-US\",\"url\":\"https:\/\/oceanmachinery.com\/es\/wp-content\/uploads\/2021\/03\/cnc-angle-clipper.jpg\",\"contentUrl\":\"https:\/\/oceanmachinery.com\/es\/wp-content\/uploads\/2021\/03\/cnc-angle-clipper.jpg\",\"width\":350,\"height\":263},{\"@type\":\"WebPage\",\"@id\":\"https:\/\/oceanmachinery.com\/es\/financiamiento\/#webpage\",\"url\":\"https:\/\/oceanmachinery.com\/es\/financiamiento\/\",\"name\":\"Ocean Machinery Inc. - Financiemiento\",\"isPartOf\":{\"@id\":\"https:\/\/oceanmachinery.com\/es\/#website\"},\"primaryImageOfPage\":{\"@id\":\"https:\/\/oceanmachinery.com\/es\/financiamiento\/#primaryimage\"},\"datePublished\":\"2021-04-27T12:27:50+00:00\",\"dateModified\":\"2021-05-05T11:23:57+00:00\",\"description\":\"Finance machinery, financing steel fab equipment, lease machines, leasing cnc beam line, leasing large steel fabricating machines, machinery finance options\",\"breadcrumb\":{\"@id\":\"https:\/\/oceanmachinery.com\/es\/financiamiento\/#breadcrumb\"},\"inLanguage\":\"en-US\",\"potentialAction\":[{\"@type\":\"ReadAction\",\"target\":[\"https:\/\/oceanmachinery.com\/es\/financiamiento\/\"]}]},{\"@type\":\"BreadcrumbList\",\"@id\":\"https:\/\/oceanmachinery.com\/es\/financiamiento\/#breadcrumb\",\"itemListElement\":[{\"@type\":\"ListItem\",\"position\":1,\"item\":{\"@type\":\"WebPage\",\"@id\":\"https:\/\/oceanmachinery.com\/es\/\",\"url\":\"https:\/\/oceanmachinery.com\/es\/\",\"name\":\"Home\"}},{\"@type\":\"ListItem\",\"position\":2,\"item\":{\"@id\":\"https:\/\/oceanmachinery.com\/es\/financiamiento\/#webpage\"}}]}]}<\/script>\n<!-- \/ Yoast SEO plugin. -->","_links":{"self":[{"href":"https:\/\/oceanmachinery.com\/es\/wp-json\/wp\/v2\/pages\/8198"}],"collection":[{"href":"https:\/\/oceanmachinery.com\/es\/wp-json\/wp\/v2\/pages"}],"about":[{"href":"https:\/\/oceanmachinery.com\/es\/wp-json\/wp\/v2\/types\/page"}],"author":[{"embeddable":true,"href":"https:\/\/oceanmachinery.com\/es\/wp-json\/wp\/v2\/users\/1"}],"replies":[{"embeddable":true,"href":"https:\/\/oceanmachinery.com\/es\/wp-json\/wp\/v2\/comments?post=8198"}],"version-history":[{"count":6,"href":"https:\/\/oceanmachinery.com\/es\/wp-json\/wp\/v2\/pages\/8198\/revisions"}],"predecessor-version":[{"id":8459,"href":"https:\/\/oceanmachinery.com\/es\/wp-json\/wp\/v2\/pages\/8198\/revisions\/8459"}],"wp:attachment":[{"href":"https:\/\/oceanmachinery.com\/es\/wp-json\/wp\/v2\/media?parent=8198"}],"curies":[{"name":"wp","href":"https:\/\/api.w.org\/{rel}","templated":true}]}}