{"id":8202,"date":"2021-04-27T12:43:34","date_gmt":"2021-04-27T12:43:34","guid":{"rendered":"https:\/\/oceanmachinery.com\/es\/?page_id=8202"},"modified":"2025-06-05T17:22:43","modified_gmt":"2025-06-05T17:22:43","slug":"about-ocean-machinery","status":"publish","type":"page","link":"https:\/\/oceanmachinery.com\/es\/about-ocean-machinery\/","title":{"rendered":"About Ocean Machinery"},"content":{"rendered":"<p>Ocean Machinery est\u00e1 localizado en Fort Lauderdale, Florida, y es su principal parada para maquinarias de fabricaci\u00f3n de acero. Representamos un extensivo rango de maquinarias de fabricaci\u00f3n de acero de alt\u00edsima calidad, distribuidas en todo el mundo.<\/p>\n<p>Ocean Machinery produce la famosa l\u00ednea Ocean Avenger, la l\u00ednea de perforaci\u00f3n m\u00e1s popular en el mundo. El Ocean Avenger es fabricada exclusivamente para Ocean Machinery por Peddinghaus, y es vendida a trav\u00e9s de la extensiva red de distribuidores alrededor del mundo. La gama completa de soluciones de fabricaci\u00f3n de Ocean puede encontrarla aqu\u00ed.<\/p>\n<p>&nbsp;<\/p>\n<table class=\"bio_table\">\n<tbody>\n<tr>\n<td>\n<div class=\"bio_cnt\">\n<div class=\"bio_img\">\n<div id=\"attachment_9483\" style=\"width: 154px\" class=\"wp-caption alignleft\"><img aria-describedby=\"caption-attachment-9483\" loading=\"lazy\" class=\"alignleft size-full wp-image-9483\" src=\"https:\/\/oceanmachinery.com\/es\/wp-content\/uploads\/2022\/06\/danny-steyn-2022.jpg\" alt=\"Danny Steyn - President\" width=\"144\" height=\"217\" \/><p id=\"caption-attachment-9483\" class=\"wp-caption-text\">Danny Steyn &#8211; President<\/p><\/div>\n<\/div>\n<div class=\"bio_info\">Como Presidente de Ocean Machinery, <strong>Danny Steyn<\/strong>\u00a0es responsable de las ventas y mercadeo, y de la extensiva red de distribuidores que vende todas las l\u00edneas de productos Ocean en el mundo. Danny es Ingeniero Mec\u00e1nico de la Universidad de Natal, en Durban, Sur\u00e1frica, y cuenta con m\u00e1s de 30 a\u00f1os de experiencia de fabricaci\u00f3n e ingenier\u00eda en una variada gama de industrias. Cuenta con gran entrenamiento en productividad y optimizaci\u00f3n de eficiencia.<\/div>\n<\/div>\n<\/td>\n<td>\n<div class=\"bio_cnt\">\n<div class=\"bio_img\">\n<div id=\"attachment_9482\" style=\"width: 154px\" class=\"wp-caption alignleft\"><img aria-describedby=\"caption-attachment-9482\" loading=\"lazy\" class=\"alignleft wp-image-9482 size-full\" src=\"https:\/\/oceanmachinery.com\/es\/wp-content\/uploads\/2022\/06\/damon-chandler-0003.jpg\" alt=\"Damon Chandler - COO\" width=\"144\" height=\"217\" \/><p id=\"caption-attachment-9482\" class=\"wp-caption-text\">Damon Chandler &#8211; COO<\/p><\/div>\n<\/div>\n<div class=\"bio_info\">\n<p><strong>Damon Chandler<\/strong>, Un compa\u00f1ero universitario graduado en ingenier\u00eda mec\u00e1nica tambi\u00e9n de la universidad de KwaZulu Natal en Durban, Sur \u00c1frica, ocupa el cargo de Director de Operaciones. Durante 20 a\u00f1os Damon trabajo como ingeniero en los niveles mas altos del automovilismo, tanto \u00a0en Formula 1 como en Indy Cars. Por mas de dos d\u00e9cadas impulso la innovaci\u00f3n y cambios en Cummins, los gigantesco del di\u00e9sel.<\/p>\n<\/div>\n<\/div>\n<\/td>\n<\/tr>\n<tr>\n<td>\n<div class=\"bio_cnt\">\n<div class=\"bio_img\">\n<div id=\"attachment_9484\" style=\"width: 154px\" class=\"wp-caption alignleft\"><img aria-describedby=\"caption-attachment-9484\" loading=\"lazy\" class=\"alignleft wp-image-9484 size-full\" src=\"https:\/\/oceanmachinery.com\/es\/wp-content\/uploads\/2022\/06\/darryl-thornhill-2022.jpg\" alt=\"Darryl Thornhill - Ocean Product Sales Manager\" width=\"144\" height=\"217\" \/><p id=\"caption-attachment-9484\" class=\"wp-caption-text\">Darryl Thornhill &#8211; Ocean Product Sales Manager<\/p><\/div>\n<\/div>\n<div class=\"bio_info\">Nuestro Gerente de Ventas, <strong>Darryl Thornhill<\/strong>, cuenta con un t\u00edtulo de Mercadeo de Virginia Tech, con una maestr\u00eda en Administraci\u00f3n de Empresas de Radparad University. Cuenta con gran experiencia de ventas y mercadeo con empresas &#8220;blue chip&#8221; donde se destac\u00f3 en ventas y financiamiento de instrumentos de capital para equipamiento tecnol\u00f3gico y servicios. Darryl es responsable de la red de distribuci\u00f3n Ocean en Norteam\u00e9rica.<\/p>\n<\/div>\n<\/div>\n<\/td>\n<td>\n<div class=\"bio_cnt\">\n<div class=\"bio_img\">\n<div id=\"attachment_10437\" style=\"width: 154px\" class=\"wp-caption alignleft\"><img aria-describedby=\"caption-attachment-10437\" loading=\"lazy\" class=\"wp-image-10437 size-full\" src=\"https:\/\/oceanmachinery.com\/wp-content\/uploads\/2024\/03\/bradley-clapp-2024.jpg\" alt=\"Bradley Clapp - Ocean Product Sales\" width=\"144\" height=\"217\" \/><p id=\"caption-attachment-10437\" class=\"wp-caption-text\">Bradley Clapp &#8211; Ocean Product Sales<\/p><\/div>\n<\/div>\n<div class=\"bio_info\">En 2004, <strong>Bradley Clapp<\/strong> fue seleccionado por los Piratas de Pittsburgh. Despu\u00e9s de jugar b\u00e9isbol durante 5 a\u00f1os, Bradley pas\u00f3 a una exitosa carrera en ventas y ahora representa la l\u00ednea de productos Ocean al oeste del Mississippi, incluido el oeste de Canad\u00e1. Bradley es responsable de la red de distribuidores de Ocean en Am\u00e9rica del Norte en su territorio, pero tambi\u00e9n trabaja en estrecha colaboraci\u00f3n con Darryl Thornhill, quien maneja la mitad oriental de Am\u00e9rica del Norte.<\/p>\n<\/div>\n<\/div>\n<\/td>\n<\/tr>\n<tr>\n<td>\n<div class=\"bio_cnt\">\n<div class=\"bio_img\">\n<div id=\"attachment_10437\" style=\"width: 154px\" class=\"wp-caption alignleft\"><img aria-describedby=\"caption-attachment-10437\" loading=\"lazy\" class=\"wp-image-10437 size-full\" src=\"https:\/\/oceanmachinery.com\/es\/wp-content\/uploads\/2025\/06\/don-welch-2025.jpg\" alt=\"Don Welch - Regional Sales North Florida\" width=\"144\" height=\"217\" \/><p id=\"caption-attachment-10437\" class=\"wp-caption-text\">Don Welch &#8211; Regional Sales North Florida<\/p><\/div>\n<\/div>\n<div class=\"bio_info\"><strong>Don Welch<\/strong> cuenta con m\u00e1s de una d\u00e9cada de experiencia en ventas y ha sido galardonado con m\u00faltiples premios Top Performer. Su \u00e9xito se basa en un pensamiento estrat\u00e9gico y un profundo compromiso con la construcci\u00f3n de relaciones duraderas con los clientes. Don es responsable de ventas en el norte de Florida, donde ofrece a los clientes soluciones personalizadas y soporte dedicado para ayudarles a desarrollar sus negocios con confianza.<\/p>\n<\/div>\n<\/div>\n<\/td>\n<td>\n<div class=\"bio_cnt\">\n<div class=\"bio_img\">\n<div id=\"attachment_9485\" style=\"width: 154px\" class=\"wp-caption alignleft\"><img aria-describedby=\"caption-attachment-9485\" loading=\"lazy\" class=\"wp-image-9485 size-full alignleft\" src=\"https:\/\/oceanmachinery.com\/es\/wp-content\/uploads\/2022\/06\/folker-krebbs-2022.jpg\" alt=\"Folker Krebs - Regional Sales South Florida\" width=\"144\" height=\"217\" \/><p id=\"caption-attachment-9485\" class=\"wp-caption-text\">Folker Krebs &#8211; Regional Sales South Florida<\/p><\/div>\n<\/div>\n<div class=\"bio_info\">\n<p><strong>Folker Krebs<\/strong>,\u00a0es otro de los miembros de nuestro equipo que domina tres idiomas: Ingl\u00e9s, Espa\u00f1ol y Alem\u00e1n. Folker maneja nuestras ventas en el sur de la Florida. Graduado de Ingeniero Mec\u00e1nico en Venezuela, Folker emigr\u00f3 a los Estados Unidos en 2004. Su gran experiencia en la industria de fabricaci\u00f3n de acero, al igual que la de maquinaria, en todos sus aspectos, desde fabricaci\u00f3n, ventas, servicio y apoyo, lo hace esencial para nuestros clientes<\/p>\n<\/div>\n<\/div>\n<\/td>\n<\/tr>\n<tr>\n<td>\n<div class=\"bio_cnt\">\n<div class=\"bio_img\">\n<div id=\"attachment_9485\" style=\"width: 154px\" class=\"wp-caption alignleft\"><img aria-describedby=\"caption-attachment-9485\" loading=\"lazy\" class=\"wp-image-9543 size-full alignleft\" src=\"https:\/\/oceanmachinery.com\/es\/wp-content\/uploads\/2023\/01\/greg-henry-2022.jpg\" alt=\"Greg Henry - Marketing\" width=\"144\" height=\"217\" \/><p id=\"caption-attachment-9485\" class=\"wp-caption-text\">Greg Henry &#8211; Marketing<\/p><\/div>\n<\/div>\n<div class=\"bio_info\"><strong>Greg Henry<\/strong>, aporta 30 a\u00f1os de experiencia en marketing al equipo de Ocean. Su experiencia previa incluye marketing y desarrollo de marcas para el canal minorista, donde ayud\u00f3 a lanzar con \u00e9xito numerosas marcas reconocidas a nivel nacional.<\/div>\n<\/div>\n<\/td>\n<td>\n<div class=\"bio_cnt\">\n<div class=\"bio_img\">\n<div id=\"attachment_9479\" style=\"width: 154px\" class=\"wp-caption alignleft\"><img aria-describedby=\"caption-attachment-9479\" loading=\"lazy\" class=\"wp-image-9479 size-full alignleft\" src=\"https:\/\/oceanmachinery.com\/es\/wp-content\/uploads\/2022\/06\/lis-garcia-2022.jpg\" alt=\"Lis Garcia - Administration\" width=\"144\" height=\"217\" \/><p id=\"caption-attachment-9479\" class=\"wp-caption-text\">Lis Garcia &#8211; Administration<\/p><\/div>\n<\/div>\n<div class=\"bio_info\"><strong>Lis Garcia<\/strong>, nuestra Administradora de Ventas posee una Licenciatura en Contabilidad de la Universidad Nova Southeastern. Tiene m\u00e1s de diez a\u00f1os de experiencia en el \u00e1mbito administrativo con especializaci\u00f3n en el sector financiero de las operaciones del d\u00eda a d\u00eda. Lis es actualmente responsable de la Administraci\u00f3n de las ventas de nuestros Productos Oce\u00e1nicos y amablemente ayuda a nuestros clientes.<\/div>\n<\/div>\n<\/td>\n<\/tr>\n<tr>\n<td>\n<div class=\"bio_cnt\">\n<div class=\"bio_img\">\n<div id=\"attachment_9487\" style=\"width: 154px\" class=\"wp-caption alignleft\"><img aria-describedby=\"caption-attachment-9487\" loading=\"lazy\" class=\"alignleft wp-image-9487 size-full\" src=\"https:\/\/oceanmachinery.com\/es\/wp-content\/uploads\/2024\/08\/bruno-chirico-2024.jpg\" alt=\"Bruno Chirico - Administrative Manager\" width=\"144\" height=\"217\" \/><p id=\"caption-attachment-9487\" class=\"wp-caption-text\">Bruno Chirico &#8211; Administrative Manager<\/p><\/div>\n<\/div>\n<div class=\"bio_info\"><strong>Bruno Chirico<\/strong>, nativo de Florida y reci\u00e9n graduado de la Universidad de Florida Central con una licenciatura en Negocios Integrados. Bruno ayuda con operaciones, administraci\u00f3n de ventas y contabilidad.<\/div>\n<\/div>\n<\/td>\n<td>\n<div class=\"bio_cnt\">\n<div class=\"bio_img\">\n<div id=\"attachment_9485\" style=\"width: 154px\" class=\"wp-caption alignleft\"><img aria-describedby=\"caption-attachment-9485\" loading=\"lazy\" class=\"wp-image-9543 size-full alignleft\" src=\"https:\/\/oceanmachinery.com\/es\/wp-content\/uploads\/2024\/08\/devin-cavanaugh-2023.jpg\" alt=\"Devin Cavanaugh - Inside Sales\" width=\"144\" height=\"217\" \/><p id=\"caption-attachment-9485\" class=\"wp-caption-text\">Devin Cavanaugh &#8211; Inside Sales<\/p><\/div>\n<\/div>\n<div class=\"bio_info\">\n<p><strong>Devin Cavanaugh<\/strong>, Tiene una Licenciatura en Administraci\u00f3n de Empresas con especializaci\u00f3n en Finanzas de la Universidad Estatal de Washington. Antes de unirse a Ocean, pas\u00f3 cuatro a\u00f1os trabajando directamente con contratistas generales y constructores de acero. Devin es responsable de las ventas internas de maquinaria, repuestos y consumibles a clientes nacionales.<\/p>\n<\/div>\n<\/div>\n<\/td>\n<\/tr>\n<tr>\n<td>\n<div class=\"bio_cnt\">\n<div class=\"bio_img\">\n<div id=\"attachment_9485\" style=\"width: 154px\" class=\"wp-caption alignleft\"><img aria-describedby=\"caption-attachment-9485\" loading=\"lazy\" class=\"wp-image-9542 size-full alignleft\" src=\"https:\/\/oceanmachinery.com\/es\/wp-content\/uploads\/2024\/08\/lorena-garcia-2024.jpg\" alt=\"Lorena Garcia - Inside Export Sales\" width=\"144\" height=\"217\" \/><p id=\"caption-attachment-9485\" class=\"wp-caption-text\">Lorena Garcia &#8211; Inside Export Sales<\/p><\/div>\n<\/div>\n<div class=\"bio_info\"><strong>Lorena Garcia<\/strong>, es la especialista en exportaciones de ventas internas de Ocean y habla ingl\u00e9s y espa\u00f1ol con fluidez. Lorena posee m\u00e1s de 30 a\u00f1os de experiencia construyendo s\u00f3lidas relaciones con los clientes y brindando un servicio y soporte inigualables.<\/div>\n<\/div>\n<\/td>\n<td>\n<div class=\"bio_cnt\">\n<div class=\"bio_img\">\n<div id=\"attachment_9485\" style=\"width: 154px\" class=\"wp-caption alignleft\"><img aria-describedby=\"caption-attachment-9485\" loading=\"lazy\" class=\"wp-image-9542 size-full alignleft\" src=\"https:\/\/oceanmachinery.com\/es\/wp-content\/uploads\/2022\/06\/carlos-perez-ocean-machinery-0005.jpg\" alt=\"Carlos Perez-Field Service Tech\" width=\"144\" height=\"217\" \/><p id=\"caption-attachment-9485\" class=\"wp-caption-text\">Carlos Perez &#8211; Field Service Tech<\/p><\/div>\n<\/div>\n<div class=\"bio_info\">\n<p><strong>Carlos Perez<\/strong>, tecnico de servicio encargado de reparaciones y mantenimiento de maquinas. Egresado de la Universidad Simon Bolivar, Venezuela, como ingeniero electricista. Con una mente curiosa, siempre dispuesto a ayudar a clientes con sus maquinas y resolver los problemas que puedan surgir.<\/p>\n<\/div>\n<\/div>\n<\/td>\n<\/tr>\n<\/tbody>\n<\/table>\n","protected":false},"excerpt":{"rendered":"<p>Ocean Machinery est\u00e1 localizado en Fort Lauderdale, Florida, y es su principal parada para maquinarias de fabricaci\u00f3n de acero. Representamos un extensivo rango de maquinarias de fabricaci\u00f3n de acero de alt\u00edsima calidad, distribuidas en todo el mundo. Ocean Machinery produce la famosa l\u00ednea Ocean Avenger, la l\u00ednea de perforaci\u00f3n m\u00e1s popular en el mundo. El [&hellip;]<\/p>\n","protected":false},"author":1,"featured_media":0,"parent":0,"menu_order":0,"comment_status":"closed","ping_status":"closed","template":"template-about.php","meta":{"_monsterinsights_skip_tracking":false,"_monsterinsights_sitenote_active":false,"_monsterinsights_sitenote_note":"","_monsterinsights_sitenote_category":0},"yoast_head":"<!-- This site is optimized with the Yoast SEO plugin v16.2 - https:\/\/yoast.com\/wordpress\/plugins\/seo\/ -->\n<meta name=\"description\" content=\"Ocean Machinery located in Ft Lauderdale Florida, Worldwide machinery sales, structural steel fabrication machinery\" \/>\n<meta name=\"robots\" content=\"index, follow, max-snippet:-1, max-image-preview:large, max-video-preview:-1\" \/>\n<link rel=\"canonical\" href=\"https:\/\/oceanmachinery.com\/es\/about-ocean-machinery\/\" \/>\n<meta property=\"og:locale\" content=\"en_US\" \/>\n<meta property=\"og:type\" content=\"article\" \/>\n<meta property=\"og:title\" content=\"Ocean Machinery\" \/>\n<meta property=\"og:description\" content=\"Ocean Machinery located in Ft Lauderdale Florida, Worldwide machinery sales, structural steel fabrication machinery\" \/>\n<meta property=\"og:url\" content=\"https:\/\/oceanmachinery.com\/es\/about-ocean-machinery\/\" \/>\n<meta property=\"og:site_name\" content=\"Ocean Machinery Inc.\" \/>\n<meta property=\"article:publisher\" content=\"https:\/\/www.facebook.com\/OceanMachinery\" \/>\n<meta property=\"article:modified_time\" content=\"2025-06-05T17:22:43+00:00\" \/>\n<meta property=\"og:image\" content=\"https:\/\/oceanmachinery.com\/es\/wp-content\/uploads\/2022\/06\/danny-steyn-2022.jpg\" \/>\n<meta name=\"twitter:card\" content=\"summary\" \/>\n<meta name=\"twitter:site\" content=\"@oceanmachinery\" \/>\n<meta name=\"twitter:label1\" content=\"Est. reading time\">\n\t<meta name=\"twitter:data1\" content=\"8 minutes\">\n<script type=\"application\/ld+json\" class=\"yoast-schema-graph\">{\"@context\":\"https:\/\/schema.org\",\"@graph\":[{\"@type\":\"Organization\",\"@id\":\"https:\/\/oceanmachinery.com\/es\/#organization\",\"name\":\"Ocean Machinery Inc.\",\"url\":\"https:\/\/oceanmachinery.com\/es\/\",\"sameAs\":[\"https:\/\/www.facebook.com\/OceanMachinery\",\"https:\/\/www.instagram.com\/oceanmachinery\/\",\"https:\/\/www.linkedin.com\/company\/ocean-machinery-inc\",\"https:\/\/www.youtube.com\/user\/oceanmachinery\",\"https:\/\/twitter.com\/oceanmachinery\"],\"logo\":{\"@type\":\"ImageObject\",\"@id\":\"https:\/\/oceanmachinery.com\/es\/#logo\",\"inLanguage\":\"en-US\",\"url\":\"https:\/\/oceanmachinery.com\/es\/wp-content\/uploads\/2022\/07\/site-icon-512.jpg\",\"contentUrl\":\"https:\/\/oceanmachinery.com\/es\/wp-content\/uploads\/2022\/07\/site-icon-512.jpg\",\"width\":512,\"height\":302,\"caption\":\"Ocean Machinery Inc.\"},\"image\":{\"@id\":\"https:\/\/oceanmachinery.com\/es\/#logo\"}},{\"@type\":\"WebSite\",\"@id\":\"https:\/\/oceanmachinery.com\/es\/#website\",\"url\":\"https:\/\/oceanmachinery.com\/es\/\",\"name\":\"Ocean Machinery Inc.\",\"description\":\"Negocio de servicio completo para fabricantes de acero\",\"publisher\":{\"@id\":\"https:\/\/oceanmachinery.com\/es\/#organization\"},\"potentialAction\":[{\"@type\":\"SearchAction\",\"target\":\"https:\/\/oceanmachinery.com\/es\/?s={search_term_string}\",\"query-input\":\"required name=search_term_string\"}],\"inLanguage\":\"en-US\"},{\"@type\":\"ImageObject\",\"@id\":\"https:\/\/oceanmachinery.com\/es\/about-ocean-machinery\/#primaryimage\",\"inLanguage\":\"en-US\",\"url\":\"https:\/\/oceanmachinery.com\/es\/wp-content\/uploads\/2022\/06\/danny-steyn-2022.jpg\",\"contentUrl\":\"https:\/\/oceanmachinery.com\/es\/wp-content\/uploads\/2022\/06\/danny-steyn-2022.jpg\",\"width\":144,\"height\":217},{\"@type\":\"WebPage\",\"@id\":\"https:\/\/oceanmachinery.com\/es\/about-ocean-machinery\/#webpage\",\"url\":\"https:\/\/oceanmachinery.com\/es\/about-ocean-machinery\/\",\"name\":\"Ocean Machinery\",\"isPartOf\":{\"@id\":\"https:\/\/oceanmachinery.com\/es\/#website\"},\"primaryImageOfPage\":{\"@id\":\"https:\/\/oceanmachinery.com\/es\/about-ocean-machinery\/#primaryimage\"},\"datePublished\":\"2021-04-27T12:43:34+00:00\",\"dateModified\":\"2025-06-05T17:22:43+00:00\",\"description\":\"Ocean Machinery located in Ft Lauderdale Florida, Worldwide machinery sales, structural steel fabrication machinery\",\"breadcrumb\":{\"@id\":\"https:\/\/oceanmachinery.com\/es\/about-ocean-machinery\/#breadcrumb\"},\"inLanguage\":\"en-US\",\"potentialAction\":[{\"@type\":\"ReadAction\",\"target\":[\"https:\/\/oceanmachinery.com\/es\/about-ocean-machinery\/\"]}]},{\"@type\":\"BreadcrumbList\",\"@id\":\"https:\/\/oceanmachinery.com\/es\/about-ocean-machinery\/#breadcrumb\",\"itemListElement\":[{\"@type\":\"ListItem\",\"position\":1,\"item\":{\"@type\":\"WebPage\",\"@id\":\"https:\/\/oceanmachinery.com\/es\/\",\"url\":\"https:\/\/oceanmachinery.com\/es\/\",\"name\":\"Home\"}},{\"@type\":\"ListItem\",\"position\":2,\"item\":{\"@id\":\"https:\/\/oceanmachinery.com\/es\/about-ocean-machinery\/#webpage\"}}]}]}<\/script>\n<!-- \/ Yoast SEO plugin. -->","_links":{"self":[{"href":"https:\/\/oceanmachinery.com\/es\/wp-json\/wp\/v2\/pages\/8202"}],"collection":[{"href":"https:\/\/oceanmachinery.com\/es\/wp-json\/wp\/v2\/pages"}],"about":[{"href":"https:\/\/oceanmachinery.com\/es\/wp-json\/wp\/v2\/types\/page"}],"author":[{"embeddable":true,"href":"https:\/\/oceanmachinery.com\/es\/wp-json\/wp\/v2\/users\/1"}],"replies":[{"embeddable":true,"href":"https:\/\/oceanmachinery.com\/es\/wp-json\/wp\/v2\/comments?post=8202"}],"version-history":[{"count":14,"href":"https:\/\/oceanmachinery.com\/es\/wp-json\/wp\/v2\/pages\/8202\/revisions"}],"predecessor-version":[{"id":8595,"href":"https:\/\/oceanmachinery.com\/es\/wp-json\/wp\/v2\/pages\/8202\/revisions\/8595"}],"wp:attachment":[{"href":"https:\/\/oceanmachinery.com\/es\/wp-json\/wp\/v2\/media?parent=8202"}],"curies":[{"name":"wp","href":"https:\/\/api.w.org\/{rel}","templated":true}]}}