{"id":8209,"date":"2021-04-27T13:01:41","date_gmt":"2021-04-27T13:01:41","guid":{"rendered":"https:\/\/oceanmachinery.com\/es\/?page_id=8209"},"modified":"2024-09-17T15:11:14","modified_gmt":"2024-09-17T15:11:14","slug":"contact","status":"publish","type":"page","link":"https:\/\/oceanmachinery.com\/es\/contact\/","title":{"rendered":"Contact"},"content":{"rendered":"<h2>Contacto el Equipo de Ventas de Ocean Machinery<\/h2>\n<div class=\"pad_left\"><img loading=\"lazy\" width=\"358\" height=\"226\" class=\"size-full wp-image-7909 alignright\" src=\"https:\/\/oceanmachinery.com\/es\/wp-content\/uploads\/2021\/04\/ocean-machinery-ft-lauderdale.jpg\" alt=\"\" \/><\/div>\n<p>Nuestra oficina central esta localizada en 6720 NW 15th Way Fort Lauderdale, Florida 33309 EE.UU.<\/p>\n<p>Estamos abiertos de Lunes a Viernes 8am &#8211; 5pm EST<\/p>\n<p><strong><br \/>\nTel<\/strong>\u00a01 (954) 956-3131<strong><br \/>\nFax\u00a0<\/strong>1 (954) 956-3199<\/p>\n<p>Para obtener informaci\u00f3n espec\u00edfica acerca de algunas de nuestras maquinarias, por favor complete\u00a0<a href=\"https:\/\/oceanmachinery.com\/es\/request-steel-fabricating-machinery-information\/\">el formulario de solicitud de informaci\u00f3n<\/a>.<\/p>\n<p>\u00bfTiene preguntas sobre financiamiento de nuestras maquinarias? Precione\u00a0<a href=\"https:\/\/www.oceanmachinery.com\/es\/financiamiento\">aqu\u00ed<\/a>.<\/p>\n<h4>Red de Distribuidores<\/h4>\n<p>La l\u00ednea de productos de Ocean Machinery para la fabricaci\u00f3n de estructura met\u00e1lica es vendida a trav\u00e9s de distribuidores locales. Su distribuidor local puede organizar una demonstraci\u00f3n donde les demonstrarar algunas de las funciones de nuestra m\u00e1quinas y les abrir\u00e1 los ojos para muchas de sus aplicaciones.<\/p>\n<h3>EE.UU. &amp; CANAD\u00c1<\/h3>\n<p>Ocean Machinery Head Office<\/p>\n<p>Tel +1 (954) 956-3131<\/p>\n<p><a href=\"mailto:info@oceanmachinery.com\">info@oceanmachinery.com<\/a><\/p>\n<h3>M\u00c9XICO, AM\u00c9RICA CENTRAL &amp; EL CARIBE<\/h3>\n<p>Ocean Machinery Head Office<\/p>\n<p>Tel +1 (954) 956-3131<\/p>\n<p><a href=\"mailto:info@oceanmachinery.com\">info@oceanmachinery.com<\/a><\/p>\n<h3>\u00c1FRICA<\/h3>\n<p>Skok Machine Tool<\/p>\n<p>Anton Venter<\/p>\n<p>Tel +27 41 401 7700<\/p>\n<p><a href=\"mailto:anton@skok.co.za\">anton@skok.co.za<\/a><\/p>\n<h3>AUSTRALIA &amp; NUEVA ZELANDA<\/h3>\n<p>Impact Machinery<\/p>\n<p><em>&#8212; Sydney<\/em><\/p>\n<p>Robby Clark<\/p>\n<p>Tel +61 432 545 081<\/p>\n<p><a href=\"mailto:robby@impactmachinery.com.au\">robby@impactmachinery.com.au<\/a><\/p>\n<p><em>&#8212; Brisbane<\/em><\/p>\n<p>Darren Harmsworth<\/p>\n<p>Tel +61 478 196 501<\/p>\n<p><a href=\"mailto:darren@impactmachinery.com.au\">darren@impactmachinery.com.au<\/a><\/p>\n<p>&nbsp;<\/p>\n<p>Para consultas en Asia y el Medio Oriente, comun\u00edquese con nuestra sede en EE. UU. Al +1 (954) 956-3131 o env\u00ede un correo electr\u00f3nico a\u00a0<a href=\"mailto:info@oceanmachinery.com\">sales@oceanmachinery.com<\/a>.<\/p>\n","protected":false},"excerpt":{"rendered":"<p>Contacto el Equipo de Ventas de Ocean Machinery Nuestra oficina central esta localizada en 6720 NW 15th Way Fort Lauderdale, Florida 33309 EE.UU. Estamos abiertos de Lunes a Viernes 8am &#8211; 5pm EST Tel\u00a01 (954) 956-3131 Fax\u00a01 (954) 956-3199 Para obtener informaci\u00f3n espec\u00edfica acerca de algunas de nuestras maquinarias, por favor complete\u00a0el formulario de solicitud [&hellip;]<\/p>\n","protected":false},"author":1,"featured_media":0,"parent":0,"menu_order":0,"comment_status":"closed","ping_status":"closed","template":"","meta":{"_monsterinsights_skip_tracking":false,"_monsterinsights_sitenote_active":false,"_monsterinsights_sitenote_note":"","_monsterinsights_sitenote_category":0},"yoast_head":"<!-- This site is optimized with the Yoast SEO plugin v16.2 - https:\/\/yoast.com\/wordpress\/plugins\/seo\/ -->\n<meta name=\"robots\" content=\"index, follow, max-snippet:-1, max-image-preview:large, max-video-preview:-1\" \/>\n<link rel=\"canonical\" href=\"https:\/\/oceanmachinery.com\/es\/contact\/\" \/>\n<meta property=\"og:locale\" content=\"en_US\" \/>\n<meta property=\"og:type\" content=\"article\" \/>\n<meta property=\"og:title\" content=\"Ocean Machinery Inc.\" \/>\n<meta property=\"og:description\" content=\"Contacto el Equipo de Ventas de Ocean Machinery Nuestra oficina central esta localizada en 6720 NW 15th Way Fort Lauderdale, Florida 33309 EE.UU. Estamos abiertos de Lunes a Viernes 8am &#8211; 5pm EST Tel\u00a01 (954) 956-3131 Fax\u00a01 (954) 956-3199 Para obtener informaci\u00f3n espec\u00edfica acerca de algunas de nuestras maquinarias, por favor complete\u00a0el formulario de solicitud [&hellip;]\" \/>\n<meta property=\"og:url\" content=\"https:\/\/oceanmachinery.com\/es\/contact\/\" \/>\n<meta property=\"og:site_name\" content=\"Ocean Machinery Inc.\" \/>\n<meta property=\"article:publisher\" content=\"https:\/\/www.facebook.com\/OceanMachinery\" \/>\n<meta property=\"article:modified_time\" content=\"2024-09-17T15:11:14+00:00\" \/>\n<meta property=\"og:image\" content=\"https:\/\/oceanmachinery.com\/es\/wp-content\/uploads\/2021\/04\/ocean-machinery-ft-lauderdale.jpg\" \/>\n<meta name=\"twitter:card\" content=\"summary\" \/>\n<meta name=\"twitter:site\" content=\"@oceanmachinery\" \/>\n<meta name=\"twitter:label1\" content=\"Est. reading time\">\n\t<meta name=\"twitter:data1\" content=\"2 minutes\">\n<script type=\"application\/ld+json\" class=\"yoast-schema-graph\">{\"@context\":\"https:\/\/schema.org\",\"@graph\":[{\"@type\":\"Organization\",\"@id\":\"https:\/\/oceanmachinery.com\/es\/#organization\",\"name\":\"Ocean Machinery Inc.\",\"url\":\"https:\/\/oceanmachinery.com\/es\/\",\"sameAs\":[\"https:\/\/www.facebook.com\/OceanMachinery\",\"https:\/\/www.instagram.com\/oceanmachinery\/\",\"https:\/\/www.linkedin.com\/company\/ocean-machinery-inc\",\"https:\/\/www.youtube.com\/user\/oceanmachinery\",\"https:\/\/twitter.com\/oceanmachinery\"],\"logo\":{\"@type\":\"ImageObject\",\"@id\":\"https:\/\/oceanmachinery.com\/es\/#logo\",\"inLanguage\":\"en-US\",\"url\":\"https:\/\/oceanmachinery.com\/es\/wp-content\/uploads\/2022\/07\/site-icon-512.jpg\",\"contentUrl\":\"https:\/\/oceanmachinery.com\/es\/wp-content\/uploads\/2022\/07\/site-icon-512.jpg\",\"width\":512,\"height\":302,\"caption\":\"Ocean Machinery Inc.\"},\"image\":{\"@id\":\"https:\/\/oceanmachinery.com\/es\/#logo\"}},{\"@type\":\"WebSite\",\"@id\":\"https:\/\/oceanmachinery.com\/es\/#website\",\"url\":\"https:\/\/oceanmachinery.com\/es\/\",\"name\":\"Ocean Machinery Inc.\",\"description\":\"Negocio de servicio completo para fabricantes de acero\",\"publisher\":{\"@id\":\"https:\/\/oceanmachinery.com\/es\/#organization\"},\"potentialAction\":[{\"@type\":\"SearchAction\",\"target\":\"https:\/\/oceanmachinery.com\/es\/?s={search_term_string}\",\"query-input\":\"required name=search_term_string\"}],\"inLanguage\":\"en-US\"},{\"@type\":\"ImageObject\",\"@id\":\"https:\/\/oceanmachinery.com\/es\/contact\/#primaryimage\",\"inLanguage\":\"en-US\",\"url\":\"https:\/\/oceanmachinery.com\/es\/wp-content\/uploads\/2021\/04\/ocean-machinery-ft-lauderdale.jpg\",\"contentUrl\":\"https:\/\/oceanmachinery.com\/es\/wp-content\/uploads\/2021\/04\/ocean-machinery-ft-lauderdale.jpg\",\"width\":358,\"height\":226},{\"@type\":\"WebPage\",\"@id\":\"https:\/\/oceanmachinery.com\/es\/contact\/#webpage\",\"url\":\"https:\/\/oceanmachinery.com\/es\/contact\/\",\"name\":\"Ocean Machinery Inc.\",\"isPartOf\":{\"@id\":\"https:\/\/oceanmachinery.com\/es\/#website\"},\"primaryImageOfPage\":{\"@id\":\"https:\/\/oceanmachinery.com\/es\/contact\/#primaryimage\"},\"datePublished\":\"2021-04-27T13:01:41+00:00\",\"dateModified\":\"2024-09-17T15:11:14+00:00\",\"breadcrumb\":{\"@id\":\"https:\/\/oceanmachinery.com\/es\/contact\/#breadcrumb\"},\"inLanguage\":\"en-US\",\"potentialAction\":[{\"@type\":\"ReadAction\",\"target\":[\"https:\/\/oceanmachinery.com\/es\/contact\/\"]}]},{\"@type\":\"BreadcrumbList\",\"@id\":\"https:\/\/oceanmachinery.com\/es\/contact\/#breadcrumb\",\"itemListElement\":[{\"@type\":\"ListItem\",\"position\":1,\"item\":{\"@type\":\"WebPage\",\"@id\":\"https:\/\/oceanmachinery.com\/es\/\",\"url\":\"https:\/\/oceanmachinery.com\/es\/\",\"name\":\"Home\"}},{\"@type\":\"ListItem\",\"position\":2,\"item\":{\"@id\":\"https:\/\/oceanmachinery.com\/es\/contact\/#webpage\"}}]}]}<\/script>\n<!-- \/ Yoast SEO plugin. -->","_links":{"self":[{"href":"https:\/\/oceanmachinery.com\/es\/wp-json\/wp\/v2\/pages\/8209"}],"collection":[{"href":"https:\/\/oceanmachinery.com\/es\/wp-json\/wp\/v2\/pages"}],"about":[{"href":"https:\/\/oceanmachinery.com\/es\/wp-json\/wp\/v2\/types\/page"}],"author":[{"embeddable":true,"href":"https:\/\/oceanmachinery.com\/es\/wp-json\/wp\/v2\/users\/1"}],"replies":[{"embeddable":true,"href":"https:\/\/oceanmachinery.com\/es\/wp-json\/wp\/v2\/comments?post=8209"}],"version-history":[{"count":8,"href":"https:\/\/oceanmachinery.com\/es\/wp-json\/wp\/v2\/pages\/8209\/revisions"}],"predecessor-version":[{"id":8590,"href":"https:\/\/oceanmachinery.com\/es\/wp-json\/wp\/v2\/pages\/8209\/revisions\/8590"}],"wp:attachment":[{"href":"https:\/\/oceanmachinery.com\/es\/wp-json\/wp\/v2\/media?parent=8209"}],"curies":[{"name":"wp","href":"https:\/\/api.w.org\/{rel}","templated":true}]}}