{"id":8211,"date":"2021-04-27T13:13:19","date_gmt":"2021-04-27T13:13:19","guid":{"rendered":"https:\/\/oceanmachinery.com\/es\/?page_id=8211"},"modified":"2021-04-29T06:39:32","modified_gmt":"2021-04-29T06:39:32","slug":"terminator-dcm-1825-sierra-de-cinta","status":"publish","type":"page","link":"https:\/\/oceanmachinery.com\/es\/terminator-dcm-1825-sierra-de-cinta\/","title":{"rendered":"Terminator DCM 1825 Sierra de Cinta"},"content":{"rendered":"<div class=\"right_content\">\n<div class=\"plate_img\">\n<img loading=\"lazy\" width=\"298\" height=\"125\" class=\"alignnone size-full wp-image-1490\" src=\"https:\/\/oceanmachinery.com\/es\/wp-content\/uploads\/2020\/09\/plate_img.jpg\" alt=\"\" \/>\n<div class=\"right_content\">\n<div class=\"normal_view_txt\">\n<h2>La Soluci\u00f3n para Cortar M\u00e1s Grandes Perfiles y Vigas<\/h2>\n<p>La Ocean Terminator 18\/25 Sierra de Cinta es la m\u00e1s nueva sierra en la l\u00ednea Ocean Terminator. Est\u00e1 espec\u00edficamente dise\u00f1ada para fabricantes de acero estructural, para manejar vigas y perfiles de mayor tama\u00f1o, y las m\u00e1s pesadas secciones que los fabricantes de acero cortan de manera rutinaria.<\/p>\n<p>La DCM 18\/25 es la \u00fanica sierra de doble columna que puede cortar a 60 grados en ambas direcciones. Tambi\u00e9n tiene un muy \u00fatil y opcional rodillo de despegue vertical para ayudar a desenganchar las aspas y asistir en el movimiento de material pesado sobre la sierra y el bloque de datos.<\/p>\n<p>The ability to miter cut both directions significantly reduces the material handling time, further improving your profitability.<\/p>\n<\/div>\n<p><a class=\"request_btn\" href=\"https:\/\/oceanmachinery.com\/es\/request-steel-fabricating-machinery-information\/\">SOLICITAR INFORMACI\u00d3N<\/a><\/p>\n<\/div>\n<\/div>\n<\/div>\n","protected":false},"excerpt":{"rendered":"<p>La Soluci\u00f3n para Cortar M\u00e1s Grandes Perfiles y Vigas La Ocean Terminator 18\/25 Sierra de Cinta es la m\u00e1s nueva sierra en la l\u00ednea Ocean Terminator. Est\u00e1 espec\u00edficamente dise\u00f1ada para fabricantes de acero estructural, para manejar vigas y perfiles de mayor tama\u00f1o, y las m\u00e1s pesadas secciones que los fabricantes de acero cortan de manera [&hellip;]<\/p>\n","protected":false},"author":1,"featured_media":6800,"parent":0,"menu_order":0,"comment_status":"closed","ping_status":"closed","template":"template-page-layout-two.php","meta":{"_monsterinsights_skip_tracking":false,"_monsterinsights_sitenote_active":false,"_monsterinsights_sitenote_note":"","_monsterinsights_sitenote_category":0},"yoast_head":"<!-- This site is optimized with the Yoast SEO plugin v16.2 - https:\/\/yoast.com\/wordpress\/plugins\/seo\/ -->\n<meta name=\"description\" content=\"Sierra de Cinta, band saw for large beams, dual column band saw, bandsaws for structural steel, cutting steel to length, Ocean Terminator Band Saw by Hydmech\" \/>\n<meta name=\"robots\" content=\"index, follow, max-snippet:-1, max-image-preview:large, max-video-preview:-1\" \/>\n<link rel=\"canonical\" href=\"https:\/\/oceanmachinery.com\/es\/terminator-dcm-1825-sierra-de-cinta\/\" \/>\n<meta property=\"og:locale\" content=\"en_US\" \/>\n<meta property=\"og:type\" content=\"article\" \/>\n<meta property=\"og:title\" content=\"Ocean Terminator Sierra de Cinta\" \/>\n<meta property=\"og:description\" content=\"Sierra de Cinta, band saw for large beams, dual column band saw, bandsaws for structural steel, cutting steel to length, Ocean Terminator Band Saw by Hydmech\" \/>\n<meta property=\"og:url\" content=\"https:\/\/oceanmachinery.com\/es\/terminator-dcm-1825-sierra-de-cinta\/\" \/>\n<meta property=\"og:site_name\" content=\"Ocean Machinery Inc.\" \/>\n<meta property=\"article:publisher\" content=\"https:\/\/www.facebook.com\/OceanMachinery\" \/>\n<meta property=\"article:modified_time\" content=\"2021-04-29T06:39:32+00:00\" \/>\n<meta property=\"og:image\" content=\"https:\/\/oceanmachinery.com\/es\/wp-content\/uploads\/2021\/03\/terminator-dcm-1825-dual-column-mitering-band-saw.jpg\" \/>\n\t<meta property=\"og:image:width\" content=\"554\" \/>\n\t<meta property=\"og:image:height\" content=\"409\" \/>\n<meta name=\"twitter:card\" content=\"summary\" \/>\n<meta name=\"twitter:site\" content=\"@oceanmachinery\" \/>\n<meta name=\"twitter:label1\" content=\"Est. reading time\">\n\t<meta name=\"twitter:data1\" content=\"1 minute\">\n<script type=\"application\/ld+json\" class=\"yoast-schema-graph\">{\"@context\":\"https:\/\/schema.org\",\"@graph\":[{\"@type\":\"Organization\",\"@id\":\"https:\/\/oceanmachinery.com\/es\/#organization\",\"name\":\"Ocean Machinery Inc.\",\"url\":\"https:\/\/oceanmachinery.com\/es\/\",\"sameAs\":[\"https:\/\/www.facebook.com\/OceanMachinery\",\"https:\/\/www.instagram.com\/oceanmachinery\/\",\"https:\/\/www.linkedin.com\/company\/ocean-machinery-inc\",\"https:\/\/www.youtube.com\/user\/oceanmachinery\",\"https:\/\/twitter.com\/oceanmachinery\"],\"logo\":{\"@type\":\"ImageObject\",\"@id\":\"https:\/\/oceanmachinery.com\/es\/#logo\",\"inLanguage\":\"en-US\",\"url\":\"https:\/\/oceanmachinery.com\/es\/wp-content\/uploads\/2022\/07\/site-icon-512.jpg\",\"contentUrl\":\"https:\/\/oceanmachinery.com\/es\/wp-content\/uploads\/2022\/07\/site-icon-512.jpg\",\"width\":512,\"height\":302,\"caption\":\"Ocean Machinery Inc.\"},\"image\":{\"@id\":\"https:\/\/oceanmachinery.com\/es\/#logo\"}},{\"@type\":\"WebSite\",\"@id\":\"https:\/\/oceanmachinery.com\/es\/#website\",\"url\":\"https:\/\/oceanmachinery.com\/es\/\",\"name\":\"Ocean Machinery Inc.\",\"description\":\"Negocio de servicio completo para fabricantes de acero\",\"publisher\":{\"@id\":\"https:\/\/oceanmachinery.com\/es\/#organization\"},\"potentialAction\":[{\"@type\":\"SearchAction\",\"target\":\"https:\/\/oceanmachinery.com\/es\/?s={search_term_string}\",\"query-input\":\"required name=search_term_string\"}],\"inLanguage\":\"en-US\"},{\"@type\":\"ImageObject\",\"@id\":\"https:\/\/oceanmachinery.com\/es\/terminator-dcm-1825-sierra-de-cinta\/#primaryimage\",\"inLanguage\":\"en-US\",\"url\":\"https:\/\/oceanmachinery.com\/es\/wp-content\/uploads\/2021\/03\/terminator-dcm-1825-dual-column-mitering-band-saw.jpg\",\"contentUrl\":\"https:\/\/oceanmachinery.com\/es\/wp-content\/uploads\/2021\/03\/terminator-dcm-1825-dual-column-mitering-band-saw.jpg\",\"width\":554,\"height\":409},{\"@type\":\"WebPage\",\"@id\":\"https:\/\/oceanmachinery.com\/es\/terminator-dcm-1825-sierra-de-cinta\/#webpage\",\"url\":\"https:\/\/oceanmachinery.com\/es\/terminator-dcm-1825-sierra-de-cinta\/\",\"name\":\"Ocean Terminator Sierra de Cinta\",\"isPartOf\":{\"@id\":\"https:\/\/oceanmachinery.com\/es\/#website\"},\"primaryImageOfPage\":{\"@id\":\"https:\/\/oceanmachinery.com\/es\/terminator-dcm-1825-sierra-de-cinta\/#primaryimage\"},\"datePublished\":\"2021-04-27T13:13:19+00:00\",\"dateModified\":\"2021-04-29T06:39:32+00:00\",\"description\":\"Sierra de Cinta, band saw for large beams, dual column band saw, bandsaws for structural steel, cutting steel to length, Ocean Terminator Band Saw by Hydmech\",\"breadcrumb\":{\"@id\":\"https:\/\/oceanmachinery.com\/es\/terminator-dcm-1825-sierra-de-cinta\/#breadcrumb\"},\"inLanguage\":\"en-US\",\"potentialAction\":[{\"@type\":\"ReadAction\",\"target\":[\"https:\/\/oceanmachinery.com\/es\/terminator-dcm-1825-sierra-de-cinta\/\"]}]},{\"@type\":\"BreadcrumbList\",\"@id\":\"https:\/\/oceanmachinery.com\/es\/terminator-dcm-1825-sierra-de-cinta\/#breadcrumb\",\"itemListElement\":[{\"@type\":\"ListItem\",\"position\":1,\"item\":{\"@type\":\"WebPage\",\"@id\":\"https:\/\/oceanmachinery.com\/es\/\",\"url\":\"https:\/\/oceanmachinery.com\/es\/\",\"name\":\"Home\"}},{\"@type\":\"ListItem\",\"position\":2,\"item\":{\"@id\":\"https:\/\/oceanmachinery.com\/es\/terminator-dcm-1825-sierra-de-cinta\/#webpage\"}}]}]}<\/script>\n<!-- \/ Yoast SEO plugin. -->","_links":{"self":[{"href":"https:\/\/oceanmachinery.com\/es\/wp-json\/wp\/v2\/pages\/8211"}],"collection":[{"href":"https:\/\/oceanmachinery.com\/es\/wp-json\/wp\/v2\/pages"}],"about":[{"href":"https:\/\/oceanmachinery.com\/es\/wp-json\/wp\/v2\/types\/page"}],"author":[{"embeddable":true,"href":"https:\/\/oceanmachinery.com\/es\/wp-json\/wp\/v2\/users\/1"}],"replies":[{"embeddable":true,"href":"https:\/\/oceanmachinery.com\/es\/wp-json\/wp\/v2\/comments?post=8211"}],"version-history":[{"count":10,"href":"https:\/\/oceanmachinery.com\/es\/wp-json\/wp\/v2\/pages\/8211\/revisions"}],"predecessor-version":[{"id":8345,"href":"https:\/\/oceanmachinery.com\/es\/wp-json\/wp\/v2\/pages\/8211\/revisions\/8345"}],"wp:featuredmedia":[{"embeddable":true,"href":"https:\/\/oceanmachinery.com\/es\/wp-json\/wp\/v2\/media\/6800"}],"wp:attachment":[{"href":"https:\/\/oceanmachinery.com\/es\/wp-json\/wp\/v2\/media?parent=8211"}],"curies":[{"name":"wp","href":"https:\/\/api.w.org\/{rel}","templated":true}]}}