{"id":8240,"date":"2021-04-28T10:23:09","date_gmt":"2021-04-28T10:23:09","guid":{"rendered":"https:\/\/oceanmachinery.com\/es\/?page_id=8240"},"modified":"2021-04-29T06:39:24","modified_gmt":"2021-04-29T06:39:24","slug":"terminator-dcm-1842-sierra-de-cinta","status":"publish","type":"page","link":"https:\/\/oceanmachinery.com\/es\/terminator-dcm-1842-sierra-de-cinta\/","title":{"rendered":"Terminator DCM 18\/42 Sierra De Cinta"},"content":{"rendered":"<div class=\"plate_img\"><img loading=\"lazy\" width=\"298\" height=\"125\" class=\"size-full wp-image-2180 aligncenter\" src=\"https:\/\/oceanmachinery.com\/es\/wp-content\/uploads\/2020\/09\/plate_img-2.jpg\" alt=\"\" \/><\/div>\n<div class=\"normal_view_txt\">\n<h2>La Soluci\u00f3n para Cortar Perfiles y Vigas M\u00e1s Grandes<\/h2>\n<p>La Ocean Terminator 18\/42 Dual Column Dual Miter Band Saw es la sierra m\u00e1s grande que distribuimos, y est\u00e1 espec\u00edficamente dise\u00f1ada para fabricantes de acero estructural que manejas lo m\u00e1s grandes perfiles y vigas, y las m\u00e1s pesadas secciones de acero estructural que estos fabricantes cortan a diario. La capacidad de cortar en dos direcciones reduce significativamente el tiempo de manejo de materiales, lo cual mejora su rentabilidad.<\/p>\n<\/div>\n<p><a class=\"request_btn\" href=\"https:\/\/oceanmachinery.com\/es\/request-steel-fabricating-machinery-information\/\">SOLICITAR INFORMACI\u00d3N<\/a><\/p>\n","protected":false},"excerpt":{"rendered":"<p>La Soluci\u00f3n para Cortar Perfiles y Vigas M\u00e1s Grandes La Ocean Terminator 18\/42 Dual Column Dual Miter Band Saw es la sierra m\u00e1s grande que distribuimos, y est\u00e1 espec\u00edficamente dise\u00f1ada para fabricantes de acero estructural que manejas lo m\u00e1s grandes perfiles y vigas, y las m\u00e1s pesadas secciones de acero estructural que estos fabricantes cortan [&hellip;]<\/p>\n","protected":false},"author":1,"featured_media":3205,"parent":0,"menu_order":0,"comment_status":"closed","ping_status":"closed","template":"template-page-layout-two.php","meta":{"_monsterinsights_skip_tracking":false,"_monsterinsights_sitenote_active":false,"_monsterinsights_sitenote_note":"","_monsterinsights_sitenote_category":0},"yoast_head":"<!-- This site is optimized with the Yoast SEO plugin v16.2 - https:\/\/yoast.com\/wordpress\/plugins\/seo\/ -->\n<meta name=\"description\" content=\"Sierra de Cinta, band saw for large beams, dual column band saw, bandsaws for structural steel, cutting steel to length, Ocean Terminator Band Saw by Hydmech\" \/>\n<meta name=\"robots\" content=\"index, follow, max-snippet:-1, max-image-preview:large, max-video-preview:-1\" \/>\n<link rel=\"canonical\" href=\"https:\/\/oceanmachinery.com\/es\/terminator-dcm-1842-sierra-de-cinta\/\" \/>\n<meta property=\"og:locale\" content=\"en_US\" \/>\n<meta property=\"og:type\" content=\"article\" \/>\n<meta property=\"og:title\" content=\"Ocean Terminator Sierra de Cinta\" \/>\n<meta property=\"og:description\" content=\"Sierra de Cinta, band saw for large beams, dual column band saw, bandsaws for structural steel, cutting steel to length, Ocean Terminator Band Saw by Hydmech\" \/>\n<meta property=\"og:url\" content=\"https:\/\/oceanmachinery.com\/es\/terminator-dcm-1842-sierra-de-cinta\/\" \/>\n<meta property=\"og:site_name\" content=\"Ocean Machinery Inc.\" \/>\n<meta property=\"article:publisher\" content=\"https:\/\/www.facebook.com\/OceanMachinery\" \/>\n<meta property=\"article:modified_time\" content=\"2021-04-29T06:39:24+00:00\" \/>\n<meta property=\"og:image\" content=\"https:\/\/oceanmachinery.com\/es\/wp-content\/uploads\/2020\/11\/ocean-terminator-dcm-2030-dual-column-miter-band-saw-001.jpg\" \/>\n\t<meta property=\"og:image:width\" content=\"554\" \/>\n\t<meta property=\"og:image:height\" content=\"509\" \/>\n<meta name=\"twitter:card\" content=\"summary\" \/>\n<meta name=\"twitter:site\" content=\"@oceanmachinery\" \/>\n<meta name=\"twitter:label1\" content=\"Est. reading time\">\n\t<meta name=\"twitter:data1\" content=\"1 minute\">\n<script type=\"application\/ld+json\" class=\"yoast-schema-graph\">{\"@context\":\"https:\/\/schema.org\",\"@graph\":[{\"@type\":\"Organization\",\"@id\":\"https:\/\/oceanmachinery.com\/es\/#organization\",\"name\":\"Ocean Machinery Inc.\",\"url\":\"https:\/\/oceanmachinery.com\/es\/\",\"sameAs\":[\"https:\/\/www.facebook.com\/OceanMachinery\",\"https:\/\/www.instagram.com\/oceanmachinery\/\",\"https:\/\/www.linkedin.com\/company\/ocean-machinery-inc\",\"https:\/\/www.youtube.com\/user\/oceanmachinery\",\"https:\/\/twitter.com\/oceanmachinery\"],\"logo\":{\"@type\":\"ImageObject\",\"@id\":\"https:\/\/oceanmachinery.com\/es\/#logo\",\"inLanguage\":\"en-US\",\"url\":\"https:\/\/oceanmachinery.com\/es\/wp-content\/uploads\/2022\/07\/site-icon-512.jpg\",\"contentUrl\":\"https:\/\/oceanmachinery.com\/es\/wp-content\/uploads\/2022\/07\/site-icon-512.jpg\",\"width\":512,\"height\":302,\"caption\":\"Ocean Machinery Inc.\"},\"image\":{\"@id\":\"https:\/\/oceanmachinery.com\/es\/#logo\"}},{\"@type\":\"WebSite\",\"@id\":\"https:\/\/oceanmachinery.com\/es\/#website\",\"url\":\"https:\/\/oceanmachinery.com\/es\/\",\"name\":\"Ocean Machinery Inc.\",\"description\":\"Negocio de servicio completo para fabricantes de acero\",\"publisher\":{\"@id\":\"https:\/\/oceanmachinery.com\/es\/#organization\"},\"potentialAction\":[{\"@type\":\"SearchAction\",\"target\":\"https:\/\/oceanmachinery.com\/es\/?s={search_term_string}\",\"query-input\":\"required name=search_term_string\"}],\"inLanguage\":\"en-US\"},{\"@type\":\"ImageObject\",\"@id\":\"https:\/\/oceanmachinery.com\/es\/terminator-dcm-1842-sierra-de-cinta\/#primaryimage\",\"inLanguage\":\"en-US\",\"url\":\"https:\/\/oceanmachinery.com\/es\/wp-content\/uploads\/2020\/11\/ocean-terminator-dcm-2030-dual-column-miter-band-saw-001.jpg\",\"contentUrl\":\"https:\/\/oceanmachinery.com\/es\/wp-content\/uploads\/2020\/11\/ocean-terminator-dcm-2030-dual-column-miter-band-saw-001.jpg\",\"width\":554,\"height\":509},{\"@type\":\"WebPage\",\"@id\":\"https:\/\/oceanmachinery.com\/es\/terminator-dcm-1842-sierra-de-cinta\/#webpage\",\"url\":\"https:\/\/oceanmachinery.com\/es\/terminator-dcm-1842-sierra-de-cinta\/\",\"name\":\"Ocean Terminator Sierra de Cinta\",\"isPartOf\":{\"@id\":\"https:\/\/oceanmachinery.com\/es\/#website\"},\"primaryImageOfPage\":{\"@id\":\"https:\/\/oceanmachinery.com\/es\/terminator-dcm-1842-sierra-de-cinta\/#primaryimage\"},\"datePublished\":\"2021-04-28T10:23:09+00:00\",\"dateModified\":\"2021-04-29T06:39:24+00:00\",\"description\":\"Sierra de Cinta, band saw for large beams, dual column band saw, bandsaws for structural steel, cutting steel to length, Ocean Terminator Band Saw by Hydmech\",\"breadcrumb\":{\"@id\":\"https:\/\/oceanmachinery.com\/es\/terminator-dcm-1842-sierra-de-cinta\/#breadcrumb\"},\"inLanguage\":\"en-US\",\"potentialAction\":[{\"@type\":\"ReadAction\",\"target\":[\"https:\/\/oceanmachinery.com\/es\/terminator-dcm-1842-sierra-de-cinta\/\"]}]},{\"@type\":\"BreadcrumbList\",\"@id\":\"https:\/\/oceanmachinery.com\/es\/terminator-dcm-1842-sierra-de-cinta\/#breadcrumb\",\"itemListElement\":[{\"@type\":\"ListItem\",\"position\":1,\"item\":{\"@type\":\"WebPage\",\"@id\":\"https:\/\/oceanmachinery.com\/es\/\",\"url\":\"https:\/\/oceanmachinery.com\/es\/\",\"name\":\"Home\"}},{\"@type\":\"ListItem\",\"position\":2,\"item\":{\"@id\":\"https:\/\/oceanmachinery.com\/es\/terminator-dcm-1842-sierra-de-cinta\/#webpage\"}}]}]}<\/script>\n<!-- \/ Yoast SEO plugin. -->","_links":{"self":[{"href":"https:\/\/oceanmachinery.com\/es\/wp-json\/wp\/v2\/pages\/8240"}],"collection":[{"href":"https:\/\/oceanmachinery.com\/es\/wp-json\/wp\/v2\/pages"}],"about":[{"href":"https:\/\/oceanmachinery.com\/es\/wp-json\/wp\/v2\/types\/page"}],"author":[{"embeddable":true,"href":"https:\/\/oceanmachinery.com\/es\/wp-json\/wp\/v2\/users\/1"}],"replies":[{"embeddable":true,"href":"https:\/\/oceanmachinery.com\/es\/wp-json\/wp\/v2\/comments?post=8240"}],"version-history":[{"count":17,"href":"https:\/\/oceanmachinery.com\/es\/wp-json\/wp\/v2\/pages\/8240\/revisions"}],"predecessor-version":[{"id":8383,"href":"https:\/\/oceanmachinery.com\/es\/wp-json\/wp\/v2\/pages\/8240\/revisions\/8383"}],"wp:featuredmedia":[{"embeddable":true,"href":"https:\/\/oceanmachinery.com\/es\/wp-json\/wp\/v2\/media\/3205"}],"wp:attachment":[{"href":"https:\/\/oceanmachinery.com\/es\/wp-json\/wp\/v2\/media?parent=8240"}],"curies":[{"name":"wp","href":"https:\/\/api.w.org\/{rel}","templated":true}]}}