{"id":8289,"date":"2021-04-28T13:14:00","date_gmt":"2021-04-28T13:14:00","guid":{"rendered":"https:\/\/oceanmachinery.com\/es\/?page_id=8289"},"modified":"2021-04-29T06:39:15","modified_gmt":"2021-04-29T06:39:15","slug":"request-steel-fabricating-machinery-information","status":"publish","type":"page","link":"https:\/\/oceanmachinery.com\/es\/request-steel-fabricating-machinery-information\/","title":{"rendered":"SOLICITAR INFORMACI\u00d3N DE PRODUCTOS OCEAN MACHINERY"},"content":{"rendered":"<h3>Solicitar Informaci\u00f3n<\/h3>\n<p>Por favor complete el formulario de solicitud de informaci\u00f3n a continuaci\u00f3n y nos pondremos en contacto con usted lo antes posible<\/p>\n<p>&nbsp;<br \/>\n<div role=\"form\" class=\"wpcf7\" id=\"wpcf7-f8288-o1\" lang=\"en-US\" dir=\"ltr\">\n<div class=\"screen-reader-response\"><p role=\"status\" aria-live=\"polite\" aria-atomic=\"true\"><\/p> <ul><\/ul><\/div>\n<form action=\"\/es\/wp-json\/wp\/v2\/pages\/8289#wpcf7-f8288-o1\" method=\"post\" class=\"wpcf7-form init\" novalidate=\"novalidate\" data-status=\"init\">\n<div style=\"display: none;\">\n<input type=\"hidden\" name=\"_wpcf7\" value=\"8288\" \/>\n<input type=\"hidden\" name=\"_wpcf7_version\" value=\"5.4.1\" \/>\n<input type=\"hidden\" name=\"_wpcf7_locale\" value=\"en_US\" \/>\n<input type=\"hidden\" name=\"_wpcf7_unit_tag\" value=\"wpcf7-f8288-o1\" \/>\n<input type=\"hidden\" name=\"_wpcf7_container_post\" value=\"0\" \/>\n<input type=\"hidden\" name=\"_wpcf7_posted_data_hash\" value=\"\" \/>\n<input type=\"hidden\" name=\"_wpcf7_recaptcha_response\" value=\"\" \/>\n<\/div>\n<table class=\"info_req_form\">\n<tr>\n<td><label>Nombre<span>*<\/span><\/label><span class=\"wpcf7-form-control-wrap Nombre\"><input type=\"text\" name=\"Nombre\" value=\"\" size=\"40\" class=\"wpcf7-form-control wpcf7-text wpcf7-validates-as-required\" aria-required=\"true\" aria-invalid=\"false\" \/><\/span><\/td>\n<td><label>Empresa<\/label><span class=\"wpcf7-form-control-wrap Empresa\"><input type=\"text\" name=\"Empresa\" value=\"\" size=\"40\" class=\"wpcf7-form-control wpcf7-text\" aria-invalid=\"false\" \/><\/span><\/td>\n<\/tr>\n<tr>\n<td><label>Correo-E<span>*<\/span><\/label><span class=\"wpcf7-form-control-wrap Correo-E\"><input type=\"email\" name=\"Correo-E\" value=\"\" size=\"40\" class=\"wpcf7-form-control wpcf7-text wpcf7-email wpcf7-validates-as-required wpcf7-validates-as-email\" aria-required=\"true\" aria-invalid=\"false\" \/><\/span><\/td>\n<td><label>Phone<span>*<\/span><\/label><span class=\"wpcf7-form-control-wrap Phone\"><input type=\"tel\" name=\"Phone\" value=\"\" size=\"40\" class=\"wpcf7-form-control wpcf7-text wpcf7-tel wpcf7-validates-as-required wpcf7-validates-as-tel\" aria-required=\"true\" aria-invalid=\"false\" \/><\/span><\/td>\n<\/tr>\n<tr>\n<td><label>Direcci\u00f3n<\/label><span class=\"wpcf7-form-control-wrap Direccin\"><input type=\"text\" name=\"Direccin\" value=\"\" size=\"40\" class=\"wpcf7-form-control wpcf7-text\" aria-invalid=\"false\" \/><\/span><\/td>\n<td><label>Ciudad<\/label><span class=\"wpcf7-form-control-wrap Ciudad\"><input type=\"text\" name=\"Ciudad\" value=\"\" size=\"40\" class=\"wpcf7-form-control wpcf7-text\" aria-invalid=\"false\" \/><\/span><\/td>\n<\/tr>\n<tr>\n<td><label>State or Province<\/label><span class=\"wpcf7-form-control-wrap StateorProvince\"><input type=\"text\" name=\"StateorProvince\" value=\"\" size=\"40\" class=\"wpcf7-form-control wpcf7-text\" aria-invalid=\"false\" \/><\/span><\/td>\n<td><label>C\u00f3digo Postal<\/label><span class=\"wpcf7-form-control-wrap CdigoPostal\"><input type=\"text\" name=\"CdigoPostal\" value=\"\" size=\"40\" class=\"wpcf7-form-control wpcf7-text\" aria-invalid=\"false\" \/><\/span><\/td>\n<\/tr>\n<tr>\n<td class=\"full_width\"><label>Pa\u00eds<\/label><span class=\"wpcf7-form-control-wrap Pas\"><input type=\"text\" name=\"Pas\" value=\"\" size=\"40\" class=\"wpcf7-form-control wpcf7-text\" aria-invalid=\"false\" \/><\/span><\/td>\n<\/tr>\n<tr>\n<td class=\"full_width\"><label>\u00bfQu\u00e9 m\u00e1quina(s) est\u00e1 interesado?<\/label><span class=\"wpcf7-form-control-wrap Qumquinasestinteresado\"><span class=\"wpcf7-form-control wpcf7-checkbox\"><span class=\"wpcf7-list-item first\"><label><input type=\"checkbox\" name=\"Qumquinasestinteresado[]\" value=\"Avenger CNC Beam Drill Line\" \/><span class=\"wpcf7-list-item-label\">Avenger CNC Beam Drill Line<\/span><\/label><\/span><span class=\"wpcf7-list-item\"><label><input type=\"checkbox\" name=\"Qumquinasestinteresado[]\" value=\"AvengerPLUS CNC Drill Line\" \/><span class=\"wpcf7-list-item-label\">AvengerPLUS CNC Drill Line<\/span><\/label><\/span><span class=\"wpcf7-list-item\"><label><input type=\"checkbox\" name=\"Qumquinasestinteresado[]\" value=\"Clipper CNC Angle Line\" \/><span class=\"wpcf7-list-item-label\">Clipper CNC Angle Line<\/span><\/label><\/span><span class=\"wpcf7-list-item\"><label><input type=\"checkbox\" name=\"Qumquinasestinteresado[]\" value=\"Liberator CNC Beam Coping Machine\" \/><span class=\"wpcf7-list-item-label\">Liberator CNC Beam Coping Machine<\/span><\/label><\/span><span class=\"wpcf7-list-item\"><label><input type=\"checkbox\" name=\"Qumquinasestinteresado[]\" value=\"Terminator DCM 18\/25 Dual-Column Mitering Band Saw\" \/><span class=\"wpcf7-list-item-label\">Terminator DCM 18\/25 Dual-Column Mitering Band Saw<\/span><\/label><\/span><span class=\"wpcf7-list-item\"><label><input type=\"checkbox\" name=\"Qumquinasestinteresado[]\" value=\"Terminator DCM 18\/42 Dual-Column Mitering Band Saw\" \/><span class=\"wpcf7-list-item-label\">Terminator DCM 18\/42 Dual-Column Mitering Band Saw<\/span><\/label><\/span><span class=\"wpcf7-list-item\"><label><input type=\"checkbox\" name=\"Qumquinasestinteresado[]\" value=\"Terminator DCM 20\/30 Dual-Column Mitering Band Saw\" \/><span class=\"wpcf7-list-item-label\">Terminator DCM 20\/30 Dual-Column Mitering Band Saw<\/span><\/label><\/span><span class=\"wpcf7-list-item\"><label><input type=\"checkbox\" name=\"Qumquinasestinteresado[]\" value=\"Blaster Shot Blasting System\" \/><span class=\"wpcf7-list-item-label\">Blaster Shot Blasting System<\/span><\/label><\/span><span class=\"wpcf7-list-item last\"><label><input type=\"checkbox\" name=\"Qumquinasestinteresado[]\" value=\"Material Handling\" \/><span class=\"wpcf7-list-item-label\">Material Handling<\/span><\/label><\/span><\/span><\/span><\/td>\n<\/tr>\n<tr>\n<td class=\"full_width\"><label>\u00bfC\u00f3mo se enter\u00f3 de nosotros?<\/label><span class=\"wpcf7-form-control-wrap Cmoseenterdenosotros\"><span class=\"wpcf7-form-control wpcf7-checkbox\"><span class=\"wpcf7-list-item first\"><label><input type=\"checkbox\" name=\"Cmoseenterdenosotros[]\" value=\"Internet\" \/><span class=\"wpcf7-list-item-label\">Internet<\/span><\/label><\/span><span class=\"wpcf7-list-item\"><label><input type=\"checkbox\" name=\"Cmoseenterdenosotros[]\" value=\"Word of Mouth\" \/><span class=\"wpcf7-list-item-label\">Word of Mouth<\/span><\/label><\/span><span class=\"wpcf7-list-item\"><label><input type=\"checkbox\" name=\"Cmoseenterdenosotros[]\" value=\"Local Ocean Sales Dealer\" \/><span class=\"wpcf7-list-item-label\">Local Ocean Sales Dealer<\/span><\/label><\/span><span class=\"wpcf7-list-item\"><label><input type=\"checkbox\" name=\"Cmoseenterdenosotros[]\" value=\"NASCC\" \/><span class=\"wpcf7-list-item-label\">NASCC<\/span><\/label><\/span><span class=\"wpcf7-list-item\"><label><input type=\"checkbox\" name=\"Cmoseenterdenosotros[]\" value=\"FABTECH\" \/><span class=\"wpcf7-list-item-label\">FABTECH<\/span><\/label><\/span><span class=\"wpcf7-list-item\"><label><input type=\"checkbox\" name=\"Cmoseenterdenosotros[]\" value=\"Modern Steel Construction Advert\" \/><span class=\"wpcf7-list-item-label\">Modern Steel Construction Advert<\/span><\/label><\/span><span class=\"wpcf7-list-item\"><label><input type=\"checkbox\" name=\"Cmoseenterdenosotros[]\" value=\"The Fabricator Advert\" \/><span class=\"wpcf7-list-item-label\">The Fabricator Advert<\/span><\/label><\/span><span class=\"wpcf7-list-item\"><label><input type=\"checkbox\" name=\"Cmoseenterdenosotros[]\" value=\"Steel Construction Journal (South Africa) Advert\" \/><span class=\"wpcf7-list-item-label\">Steel Construction Journal (South Africa) Advert<\/span><\/label><\/span><span class=\"wpcf7-list-item last\"><label><input type=\"checkbox\" name=\"Cmoseenterdenosotros[]\" value=\"Other\" \/><span class=\"wpcf7-list-item-label\">Other<\/span><\/label><\/span><\/span><\/span><\/td>\n<\/tr>\n<tr>\n<td class=\"full_width\"><label>Comentarios \/ Preguntas<\/label><span class=\"wpcf7-form-control-wrap Comentarios\"><textarea name=\"Comentarios\" cols=\"40\" rows=\"10\" class=\"wpcf7-form-control wpcf7-textarea\" aria-invalid=\"false\"><\/textarea><\/span><\/td>\n<\/tr>\n<tr>\n<td>\n<span class=\"wpcf7-form-control-wrap recaptcha\"><span data-sitekey=\"6LcdJJYaAAAAAHfgfn7tOYIrGfQgl-AS5GF3PF2M\" class=\"wpcf7-form-control g-recaptcha wpcf7-recaptcha\"><\/span>\r\n<noscript>\r\n\t<div class=\"grecaptcha-noscript\">\r\n\t\t<iframe src=\"https:\/\/www.google.com\/recaptcha\/api\/fallback?k=6LcdJJYaAAAAAHfgfn7tOYIrGfQgl-AS5GF3PF2M\" frameborder=\"0\" scrolling=\"no\" width=\"310\" height=\"430\">\r\n\t\t<\/iframe>\r\n\t\t<textarea name=\"g-recaptcha-response\" rows=\"3\" cols=\"40\" placeholder=\"reCaptcha Response Here\">\r\n\t\t<\/textarea>\r\n\t<\/div>\r\n<\/noscript>\r\n<\/span>\n<\/td>\n<\/tr>\n<tr>\n<td class=\"full_width\"><input type=\"submit\" value=\"enviar\" class=\"wpcf7-form-control wpcf7-submit\" \/><\/td>\n<\/tr>\n<\/table>\n<div class=\"wpcf7-response-output\" aria-hidden=\"true\"><\/div><\/form><\/div><\/p>\n","protected":false},"excerpt":{"rendered":"<p>Solicitar Informaci\u00f3n Por favor complete el formulario de solicitud de informaci\u00f3n a continuaci\u00f3n y nos pondremos en contacto con usted lo antes posible &nbsp;<\/p>\n","protected":false},"author":1,"featured_media":0,"parent":0,"menu_order":0,"comment_status":"closed","ping_status":"closed","template":"","meta":{"_monsterinsights_skip_tracking":false,"_monsterinsights_sitenote_active":false,"_monsterinsights_sitenote_note":"","_monsterinsights_sitenote_category":0},"yoast_head":"<!-- This site is optimized with the Yoast SEO plugin v16.2 - https:\/\/yoast.com\/wordpress\/plugins\/seo\/ -->\n<meta name=\"description\" content=\"information on beam drill lines, steel fabricating machinery, cnc steel fabrication machines\" \/>\n<meta name=\"robots\" content=\"index, follow, max-snippet:-1, max-image-preview:large, max-video-preview:-1\" \/>\n<link rel=\"canonical\" href=\"https:\/\/oceanmachinery.com\/es\/request-steel-fabricating-machinery-information\/\" \/>\n<meta property=\"og:locale\" content=\"en_US\" \/>\n<meta property=\"og:type\" content=\"article\" \/>\n<meta property=\"og:title\" content=\"Solicitar Informaci\u00f3n de Ocean Machinery\" \/>\n<meta property=\"og:description\" content=\"information on beam drill lines, steel fabricating machinery, cnc steel fabrication machines\" \/>\n<meta property=\"og:url\" content=\"https:\/\/oceanmachinery.com\/es\/request-steel-fabricating-machinery-information\/\" \/>\n<meta property=\"og:site_name\" content=\"Ocean Machinery Inc.\" \/>\n<meta property=\"article:publisher\" content=\"https:\/\/www.facebook.com\/OceanMachinery\" \/>\n<meta property=\"article:modified_time\" content=\"2021-04-29T06:39:15+00:00\" \/>\n<meta property=\"og:image\" content=\"https:\/\/oceanmachinery.com\/es\/wp-content\/uploads\/2022\/07\/site-icon-512.jpg\" \/>\n\t<meta property=\"og:image:width\" content=\"512\" \/>\n\t<meta property=\"og:image:height\" content=\"302\" \/>\n<meta name=\"twitter:card\" content=\"summary\" \/>\n<meta name=\"twitter:site\" content=\"@oceanmachinery\" \/>\n<meta name=\"twitter:label1\" content=\"Est. reading time\">\n\t<meta name=\"twitter:data1\" content=\"1 minute\">\n<script type=\"application\/ld+json\" class=\"yoast-schema-graph\">{\"@context\":\"https:\/\/schema.org\",\"@graph\":[{\"@type\":\"Organization\",\"@id\":\"https:\/\/oceanmachinery.com\/es\/#organization\",\"name\":\"Ocean Machinery Inc.\",\"url\":\"https:\/\/oceanmachinery.com\/es\/\",\"sameAs\":[\"https:\/\/www.facebook.com\/OceanMachinery\",\"https:\/\/www.instagram.com\/oceanmachinery\/\",\"https:\/\/www.linkedin.com\/company\/ocean-machinery-inc\",\"https:\/\/www.youtube.com\/user\/oceanmachinery\",\"https:\/\/twitter.com\/oceanmachinery\"],\"logo\":{\"@type\":\"ImageObject\",\"@id\":\"https:\/\/oceanmachinery.com\/es\/#logo\",\"inLanguage\":\"en-US\",\"url\":\"https:\/\/oceanmachinery.com\/es\/wp-content\/uploads\/2022\/07\/site-icon-512.jpg\",\"contentUrl\":\"https:\/\/oceanmachinery.com\/es\/wp-content\/uploads\/2022\/07\/site-icon-512.jpg\",\"width\":512,\"height\":302,\"caption\":\"Ocean Machinery Inc.\"},\"image\":{\"@id\":\"https:\/\/oceanmachinery.com\/es\/#logo\"}},{\"@type\":\"WebSite\",\"@id\":\"https:\/\/oceanmachinery.com\/es\/#website\",\"url\":\"https:\/\/oceanmachinery.com\/es\/\",\"name\":\"Ocean Machinery Inc.\",\"description\":\"Negocio de servicio completo para fabricantes de acero\",\"publisher\":{\"@id\":\"https:\/\/oceanmachinery.com\/es\/#organization\"},\"potentialAction\":[{\"@type\":\"SearchAction\",\"target\":\"https:\/\/oceanmachinery.com\/es\/?s={search_term_string}\",\"query-input\":\"required name=search_term_string\"}],\"inLanguage\":\"en-US\"},{\"@type\":\"WebPage\",\"@id\":\"https:\/\/oceanmachinery.com\/es\/request-steel-fabricating-machinery-information\/#webpage\",\"url\":\"https:\/\/oceanmachinery.com\/es\/request-steel-fabricating-machinery-information\/\",\"name\":\"Solicitar Informaci\\u00f3n de Ocean Machinery\",\"isPartOf\":{\"@id\":\"https:\/\/oceanmachinery.com\/es\/#website\"},\"datePublished\":\"2021-04-28T13:14:00+00:00\",\"dateModified\":\"2021-04-29T06:39:15+00:00\",\"description\":\"information on beam drill lines, steel fabricating machinery, cnc steel fabrication machines\",\"breadcrumb\":{\"@id\":\"https:\/\/oceanmachinery.com\/es\/request-steel-fabricating-machinery-information\/#breadcrumb\"},\"inLanguage\":\"en-US\",\"potentialAction\":[{\"@type\":\"ReadAction\",\"target\":[\"https:\/\/oceanmachinery.com\/es\/request-steel-fabricating-machinery-information\/\"]}]},{\"@type\":\"BreadcrumbList\",\"@id\":\"https:\/\/oceanmachinery.com\/es\/request-steel-fabricating-machinery-information\/#breadcrumb\",\"itemListElement\":[{\"@type\":\"ListItem\",\"position\":1,\"item\":{\"@type\":\"WebPage\",\"@id\":\"https:\/\/oceanmachinery.com\/es\/\",\"url\":\"https:\/\/oceanmachinery.com\/es\/\",\"name\":\"Home\"}},{\"@type\":\"ListItem\",\"position\":2,\"item\":{\"@id\":\"https:\/\/oceanmachinery.com\/es\/request-steel-fabricating-machinery-information\/#webpage\"}}]}]}<\/script>\n<!-- \/ Yoast SEO plugin. -->","_links":{"self":[{"href":"https:\/\/oceanmachinery.com\/es\/wp-json\/wp\/v2\/pages\/8289"}],"collection":[{"href":"https:\/\/oceanmachinery.com\/es\/wp-json\/wp\/v2\/pages"}],"about":[{"href":"https:\/\/oceanmachinery.com\/es\/wp-json\/wp\/v2\/types\/page"}],"author":[{"embeddable":true,"href":"https:\/\/oceanmachinery.com\/es\/wp-json\/wp\/v2\/users\/1"}],"replies":[{"embeddable":true,"href":"https:\/\/oceanmachinery.com\/es\/wp-json\/wp\/v2\/comments?post=8289"}],"version-history":[{"count":3,"href":"https:\/\/oceanmachinery.com\/es\/wp-json\/wp\/v2\/pages\/8289\/revisions"}],"predecessor-version":[{"id":8381,"href":"https:\/\/oceanmachinery.com\/es\/wp-json\/wp\/v2\/pages\/8289\/revisions\/8381"}],"wp:attachment":[{"href":"https:\/\/oceanmachinery.com\/es\/wp-json\/wp\/v2\/media?parent=8289"}],"curies":[{"name":"wp","href":"https:\/\/api.w.org\/{rel}","templated":true}]}}